{"id":60023,"date":"2023-11-08T08:53:01","date_gmt":"2023-11-08T08:53:01","guid":{"rendered":"https:\/\/moreholiday.es\/politica-de-cookies\/"},"modified":"2024-06-20T08:42:02","modified_gmt":"2024-06-20T08:42:02","slug":"politica-de-cookies","status":"publish","type":"page","link":"https:\/\/moreholiday.es\/fr\/politica-de-cookies\/","title":{"rendered":"*Politique de cookies"},"content":{"rendered":"\n<p>Le site web <a href=\"https:\/\/moreholiday.es\/\">https:\/\/moreholiday.es\/<\/a> est la responsabilit\u00e9 de MOREHOLIDAY, S.L. (ci-apr\u00e8s Moreholiday), dont le si\u00e8ge social est situ\u00e9 \u00e0 C\/Riu G\u00fcell, 58 (Edifici CINC) &#8211; 17001 &#8211; G\u00e9rone (G\u00e9rone) avec le num\u00e9ro de TVA : B55358147 et l&rsquo;adresse e-mail <a href=\"mailto:info@moreholidays.es\">info@moreholidays.es<\/a>. En cons\u00e9quence, l&rsquo;utilisation de cookies est soumise \u00e0 la pr\u00e9sente \u00ab\u00a0Politique d&rsquo;utilisation des cookies\u00a0\u00bb \u00e9labor\u00e9e afin d&rsquo;informer l&rsquo;utilisateur des diff\u00e9rents usages effectu\u00e9s sur ces appareils et de permettre son consentement \u00e9clair\u00e9 pour le traitement, conform\u00e9ment \u00e0 la l\u00e9gislation en vigueur.<\/p>\n\n\n\n<p><\/p>\n\n\n\n<p><strong>Qu&rsquo;est-ce qu&rsquo;un cookie ?<\/strong><\/p>\n\n\n\n<p>Un cookie est un fichier t\u00e9l\u00e9charg\u00e9 sur votre ordinateur lorsque l&rsquo;utilisateur acc\u00e8de \u00e0 certains sites web. Les cookies permettent, entre autres, de stocker et de r\u00e9cup\u00e9rer des informations sur les habitudes de navigation d&rsquo;un utilisateur ou de son \u00e9quipement et, selon les informations qu&rsquo;ils contiennent et la mani\u00e8re dont l&rsquo;\u00e9quipement est utilis\u00e9, ils peuvent \u00eatre utilis\u00e9s pour reconna\u00eetre l&rsquo;utilisateur.<\/p>\n\n\n\n<p><\/p>\n\n\n\n<p><strong>Quels types de cookies existent ?<\/strong><\/p>\n\n\n\n<p>Il existe plusieurs types de cookies en fonction de diff\u00e9rents crit\u00e8res :<\/p>\n\n\n\n<p>Selon la dur\u00e9e pendant laquelle ils restent actifs :<\/p>\n\n\n\n<ul class=\"wp-block-list\">\n<li>Cookies de session : Ce sont des cookies con\u00e7us pour recueillir et stocker des donn\u00e9es pendant que l&rsquo;utilisateur acc\u00e8de \u00e0 un site web.<\/li>\n\n\n\n<li>Cookies persistants : Ce sont des cookies dans lesquels les donn\u00e9es restent stock\u00e9es dans le terminal et peuvent \u00eatre consult\u00e9es et trait\u00e9es pendant une p\u00e9riode d\u00e9finie par le responsable du cookie.<\/li>\n<\/ul>\n\n\n\n<p>Selon le propri\u00e9taire :<\/p>\n\n\n\n<ul class=\"wp-block-list\">\n<li>Cookies propres : Ceux qui appartiennent \u00e0 Moreholiday<\/li>\n\n\n\n<li>Cookies tiers : Ceux dont la propri\u00e9t\u00e9 appartient \u00e0 un tiers, autre que Moreholiday, qui sera responsable du traitement des informations collect\u00e9es.<\/li>\n<\/ul>\n\n\n\n<p>Selon leur objectif :<\/p>\n\n\n\n<ul class=\"wp-block-list\">\n<li>Cookies techniques et\/ou de personnalisation : Ils servent \u00e0 am\u00e9liorer le service, rep\u00e9rer les incidents, reconna\u00eetre l&rsquo;utilisateur, etc.<\/li>\n\n\n\n<li>Cookies d&rsquo;analyse et\/ou publicitaires : Ils servent \u00e0 analyser des informations sur la navigation et \u00e0 proposer de la publicit\u00e9, qu&rsquo;elle soit g\u00e9n\u00e9rique ou personnalis\u00e9e.<\/li>\n<\/ul>\n\n\n\n<p><\/p>\n\n\n\n<p><strong>Quels types de cookies sont les plus courants ?<\/strong><\/p>\n\n\n\n<p>TECHNIQUES : Ce sont des cookies PROPRES, de session, d&rsquo;identification, de configuration et d&rsquo;enregistrement, strictement n\u00e9cessaires pour l&rsquo;identification de l&rsquo;utilisateur et la fourniture des services demand\u00e9s par l&rsquo;utilisateur. Les informations obtenues \u00e0 travers ceux-ci sont trait\u00e9es uniquement par Moreholiday.<\/p>\n\n\n\n<p>D&rsquo;ANALYSE : Ceux qui, s&rsquo;ils sont trait\u00e9s par nous ou par des tiers, nous permettent de quantifier le nombre d&rsquo;utilisateurs et d&rsquo;effectuer une mesure et une analyse statistique de l&rsquo;utilisation faite par les utilisateurs du service offert. Pour cela, leur navigation sur notre site web est analys\u00e9e afin d&rsquo;am\u00e9liorer l&rsquo;offre de produits ou services que nous proposons.<\/p>\n\n\n\n<p>DE PUBLICIT\u00c9 : Ceux qui, s&rsquo;ils sont trait\u00e9s par nous ou par des tiers, permettent la gestion, de la mani\u00e8re la plus efficace possible, des espaces publicitaires pouvant \u00eatre inclus sur notre site web et\/ou stockent des informations sur le comportement des utilisateurs obtenues par observation continue. Gr\u00e2ce \u00e0 eux, nous pouvons conna\u00eetre les habitudes de navigation sur Internet et afficher de la publicit\u00e9 en lien avec leur profil de navigation.<\/p>\n\n\n\n<p><\/p>\n\n\n\n<p><strong>\u00c0 quoi sert un cookie ?<\/strong><\/p>\n\n\n\n<p>Les cookies sont utilis\u00e9s pour offrir des services et\/ou une publicit\u00e9 personnalis\u00e9e, pour analyser le fonctionnement du syst\u00e8me, vous reconna\u00eetre en tant qu&rsquo;utilisateur, rep\u00e9rer les incidents et les probl\u00e8mes pouvant survenir et les r\u00e9soudre dans les plus brefs d\u00e9lais, ainsi que pour analyser et mesurer l&rsquo;utilisation et l&rsquo;activit\u00e9 du site web.<\/p>\n\n\n\n<p><\/p>\n\n\n\n<p><strong>Mon consentement est-il n\u00e9cessaire pour implanter un cookie ?<\/strong><\/p>\n\n\n\n<p>Le consentement n&rsquo;est pas requis pour l&rsquo;installation de cookies techniques ou ceux strictement n\u00e9cessaires \u00e0 la prestation d&rsquo;un service de la soci\u00e9t\u00e9 de l&rsquo;information express\u00e9ment demand\u00e9 par le destinataire.<\/p>\n\n\n\n<p>Pour les autres, le consentement de la personne concern\u00e9e est n\u00e9cessaire et peut \u00eatre demand\u00e9 de diff\u00e9rentes mani\u00e8res. Dans le cas de Moreholiday, il sera r\u00e9put\u00e9 acquis si vous continuez \u00e0 utiliser le site web, sans pr\u00e9judice de la possibilit\u00e9 de le r\u00e9voquer et de d\u00e9sactiver les cookies \u00e0 tout moment.<\/p>\n\n\n\n<p><\/p>\n\n\n\n<p><strong>Quels types de cookies utilise ce site web ?<br><\/strong>Cookies techniques : Ceux cr\u00e9\u00e9s et g\u00e9r\u00e9s uniquement par nous, permettant \u00e0 l&rsquo;utilisateur de naviguer sur notre site web et d&rsquo;utiliser diff\u00e9rentes options, telles que l&rsquo;identification de session, la personnalisation des informations ou l&rsquo;acc\u00e8s \u00e0 des zones d&rsquo;acc\u00e8s restreint.<\/p>\n\n\n\n<p>Le site web de Moreholiday utilise Google Analytics, un outil d&rsquo;analyse web d\u00e9velopp\u00e9 par Google, qui aide les propri\u00e9taires de sites web \u00e0 mesurer l&rsquo;interaction des utilisateurs avec le contenu du site. Pour la fourniture de ces services, Google Analytics utilise des cookies qui collectent des informations, y compris l&rsquo;adresse IP de l&rsquo;utilisateur, qui seront transmises, trait\u00e9es et stock\u00e9es par Google selon les termes \u00e9nonc\u00e9s sur le site Google.com.<\/p>\n\n\n\n<p><br>Pour plus d&rsquo;informations, consultez : <a href=\"https:\/\/developers.google.com\/analytics\/devguides\/collection\/analyticsjs\/cookie-usage\">https:\/\/developers.google.com\/analytics\/devguides\/collection\/analyticsjs\/cookie-usage<\/a><br>Le domaine web <a href=\"https:\/\/moreholiday.es\/\">https:\/\/moreholiday.es\/<\/a> utilise les types de cookies suivants :<\/p>\n\n\n\n<p><\/p>\n\n\n\n<figure class=\"wp-block-table\"><table><tbody><tr><td><strong>Possession<\/strong><\/td><td><strong>Nom du cookie<\/strong><\/td><td><strong>Objectif<\/strong><\/td><td><strong>Expire<\/strong><\/td><\/tr><tr><td><a href=\"http:\/\/www.moreholidays.es\">www.moreholidays.es<\/a><\/td><td>_fbp<\/td><td>Cookie n\u00e9cessaire pour fournir une s\u00e9rie de produits publicitaires.<\/td><td>3 mois<\/td><\/tr><tr><td><a href=\"http:\/\/www.moreholidays.es\">www.moreholidays.es<\/a><\/td><td>_ga<\/td><td>Activez la fonctionnalit\u00e9 unique de contr\u00f4le des visites. La premi\u00e8re fois qu&rsquo;un utilisateur acc\u00e8de \u00e0 un site Web via un navigateur, ce cookie sera install\u00e9. Lorsque cet utilisateur entre \u00e0 nouveau sur le Web avec le m\u00eame navigateur, le cookie consid\u00e9rera qu&rsquo;il s&rsquo;agit du m\u00eame utilisateur. Seulement dans le cas o\u00f9 l&rsquo;utilisateur change de navigateur, il sera consid\u00e9r\u00e9 qu&rsquo;il s&rsquo;agit d&rsquo;un autre utilisateur.<\/td><td>2 ans<\/td><\/tr><tr><td><a href=\"http:\/\/www.moreholidays.es\">www.moreholidays.es<\/a><\/td><td>_gcl_au<\/td><td>Il est utilis\u00e9 par Google pour exp\u00e9rimenter l&rsquo;efficacit\u00e9 des publicit\u00e9s sur les sites Web.<\/td><td>3 mois<\/td><\/tr><tr><td><a href=\"http:\/\/www.moreholidays.es\">www.moreholidays.es<\/a><\/td><td>_gid<\/td><td>Il est utilis\u00e9 pour distinguer les utilisateurs.<\/td><td>24 hores<\/td><\/tr><tr><td><a href=\"http:\/\/www.moreholidays.es\">www.moreholidays.es<\/a><\/td><td>PHPSESSID<\/td><td>Gr\u00e2ce au contenu de ce cookie, le serveur identifie l&rsquo;espace o\u00f9 sont stock\u00e9s tous les contenus de la session.<\/td><td>Quand le site Web ferme<\/td><\/tr><\/tbody><\/table><\/figure>\n\n\n\n<p><\/p>\n\n\n\n<p><strong>Comment d\u00e9sactiver les cookies ?<br><\/strong>Vous pouvez autoriser, bloquer ou supprimer les cookies install\u00e9s sur votre \u00e9quipement en configurant les options du navigateur install\u00e9 sur votre ordinateur.<\/p>\n\n\n\n<ul class=\"wp-block-list\">\n<li>Firefox : <a href=\"https:\/\/support.mozilla.org\/es\/kb\/habilitar-y-deshabilitar-cookies-sitios-web-rastrear-preferencias?redirectlocale=es&amp;redirectslug=habilitar-y-deshabilitar-cookies-que-los-sitios-we\">https:\/\/support.mozilla.org\/es\/kb\/habilitar-y-deshabilitar-cookies-sitios-web-rastrear-preferencias?redirectlocale=es&amp;redirectslug=habilitar-y-deshabilitar-cookies-que-los-sitios-we<\/a><br>Chrome : <a href=\"https:\/\/support.google.com\/chrome\/answer\/95647?hl=es\">https:\/\/support.google.com\/chrome\/answer\/95647?hl=es<\/a><\/li>\n\n\n\n<li>Internet Explorer : <a href=\"https:\/\/support.microsoft.com\/es-es\/products\/windows?os=windows-10\">https:\/\/support.microsoft.com\/es-es\/products\/windows?os=windows-10<\/a><\/li>\n\n\n\n<li>Safari : <a href=\"https:\/\/support.apple.com\/kb\/ph5042?locale=es_ES\">https:\/\/support.apple.com\/kb\/ph5042?locale=es_ES<\/a><\/li>\n\n\n\n<li>Safari pour iOS : <a href=\"https:\/\/support.apple.com\/es-es\/HT201265\">https:\/\/support.apple.com\/es-es\/HT201265<\/a><\/li>\n\n\n\n<li>Opera : <a href=\"http:\/\/help.opera.com\/Windows\/11.50\/es-ES\/cookies.html\">http:\/\/help.opera.com\/Windows\/11.50\/es-ES\/cookies.html<\/a><\/li>\n<\/ul>\n\n\n\n<p><\/p>\n\n\n\n<p><strong>Exercice des droits<br><\/strong>Vous pouvez conna\u00eetre et exercer vos droits en mati\u00e8re de protection des donn\u00e9es en acc\u00e9dant \u00e0 notre politique de confidentialit\u00e9 https:\/\/moreholiday.es\/\/politica-de-privacidad\/<\/p>\n\n\n\n<p><\/p>\n\n\n\n<p><strong>Informations compl\u00e9mentaires<br><\/strong>Vous pouvez consulter davantage d&rsquo;informations dans le guide sur l&rsquo;utilisation des cookies \u00e9dit\u00e9 par l&rsquo;AEPD \u00e0 l&rsquo;adresse suivante : <a href=\"https:\/\/www.aepd.es\/es\/documento\/guia-cookies.pdf\">https:\/\/www.aepd.es\/es\/documento\/guia-cookies.pdf<\/a><\/p>\n\n\n\n<p><\/p>\n","protected":false},"excerpt":{"rendered":"<p>Le site web https:\/\/moreholiday.es\/ est la responsabilit\u00e9 de MOREHOLIDAY, S.L. (ci-apr\u00e8s Moreholiday), dont le si\u00e8ge social est situ\u00e9 \u00e0 C\/Riu G\u00fcell, 58 (Edifici CINC) &#8211; 17001 &#8211; G\u00e9rone (G\u00e9rone) avec le num\u00e9ro de TVA : B55358147 et l&rsquo;adresse e-mail info@moreholidays.es. En cons\u00e9quence, l&rsquo;utilisation de cookies est soumise \u00e0 la pr\u00e9sente \u00ab\u00a0Politique d&rsquo;utilisation des cookies\u00a0\u00bb \u00e9labor\u00e9e &#8230;<\/p>\n","protected":false},"author":2,"featured_media":0,"parent":0,"menu_order":0,"comment_status":"closed","ping_status":"closed","template":"","meta":{"_acf_changed":false,"footnotes":""},"class_list":["post-60023","page","type-page","status-publish","hentry"],"acf":[],"yoast_head":"<!-- This site is optimized with the Yoast SEO plugin v27.1 - https:\/\/yoast.com\/product\/yoast-seo-wordpress\/ -->\n<title>*Politique de cookies | More Holiday<\/title>\n<meta name=\"robots\" content=\"index, follow, max-snippet:-1, max-image-preview:large, max-video-preview:-1\" \/>\n<link rel=\"canonical\" href=\"https:\/\/moreholiday.es\/fr\/politica-de-cookies\/\" \/>\n<meta property=\"og:locale\" content=\"fr_FR\" \/>\n<meta property=\"og:type\" content=\"article\" \/>\n<meta property=\"og:title\" content=\"*Politique de cookies | More Holiday\" \/>\n<meta property=\"og:description\" content=\"Le site web https:\/\/moreholiday.es\/ est la responsabilit\u00e9 de MOREHOLIDAY, S.L. (ci-apr\u00e8s Moreholiday), dont le si\u00e8ge social est situ\u00e9 \u00e0 C\/Riu G\u00fcell, 58 (Edifici CINC) &#8211; 17001 &#8211; G\u00e9rone (G\u00e9rone) avec le num\u00e9ro de TVA : B55358147 et l&rsquo;adresse e-mail info@moreholidays.es. En cons\u00e9quence, l&rsquo;utilisation de cookies est soumise \u00e0 la pr\u00e9sente \u00ab\u00a0Politique d&rsquo;utilisation des cookies\u00a0\u00bb \u00e9labor\u00e9e ...\" \/>\n<meta property=\"og:url\" content=\"https:\/\/moreholiday.es\/fr\/politica-de-cookies\/\" \/>\n<meta property=\"og:site_name\" content=\"More Holiday\" \/>\n<meta property=\"article:modified_time\" content=\"2024-06-20T08:42:02+00:00\" \/>\n<meta name=\"twitter:card\" content=\"summary_large_image\" \/>\n<meta name=\"twitter:label1\" content=\"Dur\u00e9e de lecture estim\u00e9e\" \/>\n\t<meta name=\"twitter:data1\" content=\"6 minutes\" \/>\n<script type=\"application\/ld+json\" class=\"yoast-schema-graph\">{\"@context\":\"https:\/\/schema.org\",\"@graph\":[{\"@type\":\"WebPage\",\"@id\":\"https:\/\/moreholiday.es\/fr\/politica-de-cookies\/\",\"url\":\"https:\/\/moreholiday.es\/fr\/politica-de-cookies\/\",\"name\":\"*Politique de cookies | More Holiday\",\"isPartOf\":{\"@id\":\"https:\/\/moreholiday.es\/#website\"},\"datePublished\":\"2023-11-08T08:53:01+00:00\",\"dateModified\":\"2024-06-20T08:42:02+00:00\",\"breadcrumb\":{\"@id\":\"https:\/\/moreholiday.es\/fr\/politica-de-cookies\/#breadcrumb\"},\"inLanguage\":\"fr-FR\",\"potentialAction\":[{\"@type\":\"ReadAction\",\"target\":[\"https:\/\/moreholiday.es\/fr\/politica-de-cookies\/\"]}]},{\"@type\":\"BreadcrumbList\",\"@id\":\"https:\/\/moreholiday.es\/fr\/politica-de-cookies\/#breadcrumb\",\"itemListElement\":[{\"@type\":\"ListItem\",\"position\":1,\"name\":\"Home\",\"item\":\"https:\/\/moreholiday.es\/fr\/\"},{\"@type\":\"ListItem\",\"position\":2,\"name\":\"*Politique de cookies\"}]},{\"@type\":\"WebSite\",\"@id\":\"https:\/\/moreholiday.es\/#website\",\"url\":\"https:\/\/moreholiday.es\/\",\"name\":\"More Holiday\",\"description\":\"Allotjaments per a les eves vacances\",\"publisher\":{\"@id\":\"https:\/\/moreholiday.es\/#organization\"},\"potentialAction\":[{\"@type\":\"SearchAction\",\"target\":{\"@type\":\"EntryPoint\",\"urlTemplate\":\"https:\/\/moreholiday.es\/?s={search_term_string}\"},\"query-input\":{\"@type\":\"PropertyValueSpecification\",\"valueRequired\":true,\"valueName\":\"search_term_string\"}}],\"inLanguage\":\"fr-FR\"},{\"@type\":\"Organization\",\"@id\":\"https:\/\/moreholiday.es\/#organization\",\"name\":\"More Holiday\",\"url\":\"https:\/\/moreholiday.es\/\",\"logo\":{\"@type\":\"ImageObject\",\"inLanguage\":\"fr-FR\",\"@id\":\"https:\/\/moreholiday.es\/#\/schema\/logo\/image\/\",\"url\":\"https:\/\/moreholiday.es\/wp-content\/uploads\/2021\/03\/MH-logo-2-linies_Mesa-de-trabajo-1-1.png\",\"contentUrl\":\"https:\/\/moreholiday.es\/wp-content\/uploads\/2021\/03\/MH-logo-2-linies_Mesa-de-trabajo-1-1.png\",\"width\":1576,\"height\":626,\"caption\":\"More Holiday\"},\"image\":{\"@id\":\"https:\/\/moreholiday.es\/#\/schema\/logo\/image\/\"}}]}<\/script>\n<!-- \/ Yoast SEO plugin. -->","yoast_head_json":{"title":"*Politique de cookies | More Holiday","robots":{"index":"index","follow":"follow","max-snippet":"max-snippet:-1","max-image-preview":"max-image-preview:large","max-video-preview":"max-video-preview:-1"},"canonical":"https:\/\/moreholiday.es\/fr\/politica-de-cookies\/","og_locale":"fr_FR","og_type":"article","og_title":"*Politique de cookies | More Holiday","og_description":"Le site web https:\/\/moreholiday.es\/ est la responsabilit\u00e9 de MOREHOLIDAY, S.L. (ci-apr\u00e8s Moreholiday), dont le si\u00e8ge social est situ\u00e9 \u00e0 C\/Riu G\u00fcell, 58 (Edifici CINC) &#8211; 17001 &#8211; G\u00e9rone (G\u00e9rone) avec le num\u00e9ro de TVA : B55358147 et l&rsquo;adresse e-mail info@moreholidays.es. En cons\u00e9quence, l&rsquo;utilisation de cookies est soumise \u00e0 la pr\u00e9sente \u00ab\u00a0Politique d&rsquo;utilisation des cookies\u00a0\u00bb \u00e9labor\u00e9e ...","og_url":"https:\/\/moreholiday.es\/fr\/politica-de-cookies\/","og_site_name":"More Holiday","article_modified_time":"2024-06-20T08:42:02+00:00","twitter_card":"summary_large_image","twitter_misc":{"Dur\u00e9e de lecture estim\u00e9e":"6 minutes"},"schema":{"@context":"https:\/\/schema.org","@graph":[{"@type":"WebPage","@id":"https:\/\/moreholiday.es\/fr\/politica-de-cookies\/","url":"https:\/\/moreholiday.es\/fr\/politica-de-cookies\/","name":"*Politique de cookies | More Holiday","isPartOf":{"@id":"https:\/\/moreholiday.es\/#website"},"datePublished":"2023-11-08T08:53:01+00:00","dateModified":"2024-06-20T08:42:02+00:00","breadcrumb":{"@id":"https:\/\/moreholiday.es\/fr\/politica-de-cookies\/#breadcrumb"},"inLanguage":"fr-FR","potentialAction":[{"@type":"ReadAction","target":["https:\/\/moreholiday.es\/fr\/politica-de-cookies\/"]}]},{"@type":"BreadcrumbList","@id":"https:\/\/moreholiday.es\/fr\/politica-de-cookies\/#breadcrumb","itemListElement":[{"@type":"ListItem","position":1,"name":"Home","item":"https:\/\/moreholiday.es\/fr\/"},{"@type":"ListItem","position":2,"name":"*Politique de cookies"}]},{"@type":"WebSite","@id":"https:\/\/moreholiday.es\/#website","url":"https:\/\/moreholiday.es\/","name":"More Holiday","description":"Allotjaments per a les eves vacances","publisher":{"@id":"https:\/\/moreholiday.es\/#organization"},"potentialAction":[{"@type":"SearchAction","target":{"@type":"EntryPoint","urlTemplate":"https:\/\/moreholiday.es\/?s={search_term_string}"},"query-input":{"@type":"PropertyValueSpecification","valueRequired":true,"valueName":"search_term_string"}}],"inLanguage":"fr-FR"},{"@type":"Organization","@id":"https:\/\/moreholiday.es\/#organization","name":"More Holiday","url":"https:\/\/moreholiday.es\/","logo":{"@type":"ImageObject","inLanguage":"fr-FR","@id":"https:\/\/moreholiday.es\/#\/schema\/logo\/image\/","url":"https:\/\/moreholiday.es\/wp-content\/uploads\/2021\/03\/MH-logo-2-linies_Mesa-de-trabajo-1-1.png","contentUrl":"https:\/\/moreholiday.es\/wp-content\/uploads\/2021\/03\/MH-logo-2-linies_Mesa-de-trabajo-1-1.png","width":1576,"height":626,"caption":"More Holiday"},"image":{"@id":"https:\/\/moreholiday.es\/#\/schema\/logo\/image\/"}}]}},"_links":{"self":[{"href":"https:\/\/moreholiday.es\/fr\/wp-json\/wp\/v2\/pages\/60023","targetHints":{"allow":["GET"]}}],"collection":[{"href":"https:\/\/moreholiday.es\/fr\/wp-json\/wp\/v2\/pages"}],"about":[{"href":"https:\/\/moreholiday.es\/fr\/wp-json\/wp\/v2\/types\/page"}],"author":[{"embeddable":true,"href":"https:\/\/moreholiday.es\/fr\/wp-json\/wp\/v2\/users\/2"}],"replies":[{"embeddable":true,"href":"https:\/\/moreholiday.es\/fr\/wp-json\/wp\/v2\/comments?post=60023"}],"version-history":[{"count":6,"href":"https:\/\/moreholiday.es\/fr\/wp-json\/wp\/v2\/pages\/60023\/revisions"}],"predecessor-version":[{"id":66878,"href":"https:\/\/moreholiday.es\/fr\/wp-json\/wp\/v2\/pages\/60023\/revisions\/66878"}],"wp:attachment":[{"href":"https:\/\/moreholiday.es\/fr\/wp-json\/wp\/v2\/media?parent=60023"}],"curies":[{"name":"wp","href":"https:\/\/api.w.org\/{rel}","templated":true}]}}