{"id":44226,"date":"2021-07-02T15:10:57","date_gmt":"2021-07-02T15:10:57","guid":{"rendered":"https:\/\/moreholiday.es\/ultims-allotjaments-per-aquest-estiu\/"},"modified":"2021-07-03T09:16:31","modified_gmt":"2021-07-03T09:16:31","slug":"dernieres-dates-disponibles-ete-2021","status":"publish","type":"page","link":"https:\/\/moreholiday.es\/fr\/dernieres-dates-disponibles-ete-2021\/","title":{"rendered":"Derni\u00e8res dates disponibles &#8211; Et\u00e9 2021"},"content":{"rendered":"\t\t<div data-elementor-type=\"wp-page\" data-elementor-id=\"44226\" class=\"elementor elementor-44226 elementor-44214\" data-elementor-post-type=\"page\">\n\t\t\t\t\t\t<section class=\"elementor-section elementor-top-section elementor-element elementor-element-f3e5ad8 elementor-section-boxed elementor-section-height-default elementor-section-height-default\" data-id=\"f3e5ad8\" data-element_type=\"section\" data-e-type=\"section\">\n\t\t\t\t\t\t<div class=\"elementor-container elementor-column-gap-default\">\n\t\t\t\t\t<div class=\"elementor-column elementor-col-100 elementor-top-column elementor-element elementor-element-3bcf41b\" data-id=\"3bcf41b\" data-element_type=\"column\" data-e-type=\"column\">\n\t\t\t<div class=\"elementor-widget-wrap elementor-element-populated\">\n\t\t\t\t\t\t<div class=\"elementor-element elementor-element-2451cc0 elementor-widget elementor-widget-Wprentals_List_Items_By_Id\" data-id=\"2451cc0\" data-element_type=\"widget\" data-e-type=\"widget\" data-widget_type=\"Wprentals_List_Items_By_Id.default\">\n\t\t\t\t<div class=\"elementor-widget-container\">\n\t\t\t\t\t<div class=\" bottom-estate_property nobutton \"><div class=\" items_shortcode_wrapper\"><\/div><\/div>\t\t\t\t<\/div>\n\t\t\t\t<\/div>\n\t\t\t\t\t<\/div>\n\t\t<\/div>\n\t\t\t\t\t<\/div>\n\t\t<\/section>\n\t\t\t\t<\/div>\n\t\t","protected":false},"excerpt":{"rendered":"<p>Des de \u20ac 672 \/noche CAL PARENT \u2013 Casa rural con piscina y spa Vilademuls Casas rurales \/ Casa sencera Des de \u20ac 240 \/noche BLAU I RURAL \u2013 Casa rural singular y moderna Vila\u00fcr Casas rurales \/ Casa sencera Des de \u20ac 189 \/noche CASA N\u00daRIA con piscina p\u00fablica y sol\u00e1rium Bescan\u00f3 Casas rurales &#8230;<\/p>\n","protected":false},"author":2,"featured_media":0,"parent":0,"menu_order":0,"comment_status":"closed","ping_status":"closed","template":"","meta":{"_acf_changed":false,"footnotes":""},"class_list":["post-44226","page","type-page","status-publish","hentry"],"acf":[],"yoast_head":"<!-- This site is optimized with the Yoast SEO plugin v27.3 - https:\/\/yoast.com\/product\/yoast-seo-wordpress\/ -->\n<title>Derni\u00e8res dates disponibles - Et\u00e9 2021 | More Holiday<\/title>\n<meta name=\"robots\" content=\"index, follow, max-snippet:-1, max-image-preview:large, max-video-preview:-1\" \/>\n<link rel=\"canonical\" href=\"https:\/\/moreholiday.es\/fr\/dernieres-dates-disponibles-ete-2021\/\" \/>\n<meta property=\"og:locale\" content=\"fr_FR\" \/>\n<meta property=\"og:type\" content=\"article\" \/>\n<meta property=\"og:title\" content=\"Derni\u00e8res dates disponibles - Et\u00e9 2021 | More Holiday\" \/>\n<meta property=\"og:description\" content=\"Des de \u20ac 672 \/noche CAL PARENT \u2013 Casa rural con piscina y spa Vilademuls Casas rurales \/ Casa sencera Des de \u20ac 240 \/noche BLAU I RURAL \u2013 Casa rural singular y moderna Vila\u00fcr Casas rurales \/ Casa sencera Des de \u20ac 189 \/noche CASA N\u00daRIA con piscina p\u00fablica y sol\u00e1rium Bescan\u00f3 Casas rurales ...\" \/>\n<meta property=\"og:url\" content=\"https:\/\/moreholiday.es\/fr\/dernieres-dates-disponibles-ete-2021\/\" \/>\n<meta property=\"og:site_name\" content=\"More Holiday\" \/>\n<meta property=\"article:modified_time\" content=\"2021-07-03T09:16:31+00:00\" \/>\n<meta property=\"og:image\" content=\"https:\/\/moreholiday.es\/wp-content\/uploads\/2021\/02\/CalParent-1542-1170x738-1-400x314.jpg\" \/>\n<meta name=\"twitter:card\" content=\"summary_large_image\" \/>\n<meta name=\"twitter:label1\" content=\"Dur\u00e9e de lecture estim\u00e9e\" \/>\n\t<meta name=\"twitter:data1\" content=\"49 minutes\" \/>\n<script type=\"application\/ld+json\" class=\"yoast-schema-graph\">{\"@context\":\"https:\\\/\\\/schema.org\",\"@graph\":[{\"@type\":\"WebPage\",\"@id\":\"https:\\\/\\\/moreholiday.es\\\/fr\\\/dernieres-dates-disponibles-ete-2021\\\/\",\"url\":\"https:\\\/\\\/moreholiday.es\\\/fr\\\/dernieres-dates-disponibles-ete-2021\\\/\",\"name\":\"Derni\u00e8res dates disponibles - Et\u00e9 2021 | More Holiday\",\"isPartOf\":{\"@id\":\"https:\\\/\\\/moreholiday.es\\\/#website\"},\"primaryImageOfPage\":{\"@id\":\"https:\\\/\\\/moreholiday.es\\\/fr\\\/dernieres-dates-disponibles-ete-2021\\\/#primaryimage\"},\"image\":{\"@id\":\"https:\\\/\\\/moreholiday.es\\\/fr\\\/dernieres-dates-disponibles-ete-2021\\\/#primaryimage\"},\"thumbnailUrl\":\"https:\\\/\\\/moreholiday.es\\\/wp-content\\\/uploads\\\/2021\\\/02\\\/CalParent-1542-1170x738-1-400x314.jpg\",\"datePublished\":\"2021-07-02T15:10:57+00:00\",\"dateModified\":\"2021-07-03T09:16:31+00:00\",\"breadcrumb\":{\"@id\":\"https:\\\/\\\/moreholiday.es\\\/fr\\\/dernieres-dates-disponibles-ete-2021\\\/#breadcrumb\"},\"inLanguage\":\"fr-FR\",\"potentialAction\":[{\"@type\":\"ReadAction\",\"target\":[\"https:\\\/\\\/moreholiday.es\\\/fr\\\/dernieres-dates-disponibles-ete-2021\\\/\"]}]},{\"@type\":\"ImageObject\",\"inLanguage\":\"fr-FR\",\"@id\":\"https:\\\/\\\/moreholiday.es\\\/fr\\\/dernieres-dates-disponibles-ete-2021\\\/#primaryimage\",\"url\":\"https:\\\/\\\/moreholiday.es\\\/wp-content\\\/uploads\\\/2021\\\/02\\\/CalParent-1542-1170x738-1-400x314.jpg\",\"contentUrl\":\"https:\\\/\\\/moreholiday.es\\\/wp-content\\\/uploads\\\/2021\\\/02\\\/CalParent-1542-1170x738-1-400x314.jpg\"},{\"@type\":\"BreadcrumbList\",\"@id\":\"https:\\\/\\\/moreholiday.es\\\/fr\\\/dernieres-dates-disponibles-ete-2021\\\/#breadcrumb\",\"itemListElement\":[{\"@type\":\"ListItem\",\"position\":1,\"name\":\"Home\",\"item\":\"https:\\\/\\\/moreholiday.es\\\/fr\\\/\"},{\"@type\":\"ListItem\",\"position\":2,\"name\":\"Derni\u00e8res dates disponibles &#8211; Et\u00e9 2021\"}]},{\"@type\":\"WebSite\",\"@id\":\"https:\\\/\\\/moreholiday.es\\\/#website\",\"url\":\"https:\\\/\\\/moreholiday.es\\\/\",\"name\":\"More Holiday\",\"description\":\"Allotjaments per a les eves vacances\",\"publisher\":{\"@id\":\"https:\\\/\\\/moreholiday.es\\\/#organization\"},\"potentialAction\":[{\"@type\":\"SearchAction\",\"target\":{\"@type\":\"EntryPoint\",\"urlTemplate\":\"https:\\\/\\\/moreholiday.es\\\/?s={search_term_string}\"},\"query-input\":{\"@type\":\"PropertyValueSpecification\",\"valueRequired\":true,\"valueName\":\"search_term_string\"}}],\"inLanguage\":\"fr-FR\"},{\"@type\":\"Organization\",\"@id\":\"https:\\\/\\\/moreholiday.es\\\/#organization\",\"name\":\"More Holiday\",\"url\":\"https:\\\/\\\/moreholiday.es\\\/\",\"logo\":{\"@type\":\"ImageObject\",\"inLanguage\":\"fr-FR\",\"@id\":\"https:\\\/\\\/moreholiday.es\\\/#\\\/schema\\\/logo\\\/image\\\/\",\"url\":\"https:\\\/\\\/moreholiday.es\\\/wp-content\\\/uploads\\\/2021\\\/03\\\/MH-logo-2-linies_Mesa-de-trabajo-1-1.png\",\"contentUrl\":\"https:\\\/\\\/moreholiday.es\\\/wp-content\\\/uploads\\\/2021\\\/03\\\/MH-logo-2-linies_Mesa-de-trabajo-1-1.png\",\"width\":1576,\"height\":626,\"caption\":\"More Holiday\"},\"image\":{\"@id\":\"https:\\\/\\\/moreholiday.es\\\/#\\\/schema\\\/logo\\\/image\\\/\"}}]}<\/script>\n<!-- \/ Yoast SEO plugin. -->","yoast_head_json":{"title":"Derni\u00e8res dates disponibles - Et\u00e9 2021 | More Holiday","robots":{"index":"index","follow":"follow","max-snippet":"max-snippet:-1","max-image-preview":"max-image-preview:large","max-video-preview":"max-video-preview:-1"},"canonical":"https:\/\/moreholiday.es\/fr\/dernieres-dates-disponibles-ete-2021\/","og_locale":"fr_FR","og_type":"article","og_title":"Derni\u00e8res dates disponibles - Et\u00e9 2021 | More Holiday","og_description":"Des de \u20ac 672 \/noche CAL PARENT \u2013 Casa rural con piscina y spa Vilademuls Casas rurales \/ Casa sencera Des de \u20ac 240 \/noche BLAU I RURAL \u2013 Casa rural singular y moderna Vila\u00fcr Casas rurales \/ Casa sencera Des de \u20ac 189 \/noche CASA N\u00daRIA con piscina p\u00fablica y sol\u00e1rium Bescan\u00f3 Casas rurales ...","og_url":"https:\/\/moreholiday.es\/fr\/dernieres-dates-disponibles-ete-2021\/","og_site_name":"More Holiday","article_modified_time":"2021-07-03T09:16:31+00:00","og_image":[{"url":"https:\/\/moreholiday.es\/wp-content\/uploads\/2021\/02\/CalParent-1542-1170x738-1-400x314.jpg","type":"","width":"","height":""}],"twitter_card":"summary_large_image","twitter_misc":{"Dur\u00e9e de lecture estim\u00e9e":"49 minutes"},"schema":{"@context":"https:\/\/schema.org","@graph":[{"@type":"WebPage","@id":"https:\/\/moreholiday.es\/fr\/dernieres-dates-disponibles-ete-2021\/","url":"https:\/\/moreholiday.es\/fr\/dernieres-dates-disponibles-ete-2021\/","name":"Derni\u00e8res dates disponibles - Et\u00e9 2021 | More Holiday","isPartOf":{"@id":"https:\/\/moreholiday.es\/#website"},"primaryImageOfPage":{"@id":"https:\/\/moreholiday.es\/fr\/dernieres-dates-disponibles-ete-2021\/#primaryimage"},"image":{"@id":"https:\/\/moreholiday.es\/fr\/dernieres-dates-disponibles-ete-2021\/#primaryimage"},"thumbnailUrl":"https:\/\/moreholiday.es\/wp-content\/uploads\/2021\/02\/CalParent-1542-1170x738-1-400x314.jpg","datePublished":"2021-07-02T15:10:57+00:00","dateModified":"2021-07-03T09:16:31+00:00","breadcrumb":{"@id":"https:\/\/moreholiday.es\/fr\/dernieres-dates-disponibles-ete-2021\/#breadcrumb"},"inLanguage":"fr-FR","potentialAction":[{"@type":"ReadAction","target":["https:\/\/moreholiday.es\/fr\/dernieres-dates-disponibles-ete-2021\/"]}]},{"@type":"ImageObject","inLanguage":"fr-FR","@id":"https:\/\/moreholiday.es\/fr\/dernieres-dates-disponibles-ete-2021\/#primaryimage","url":"https:\/\/moreholiday.es\/wp-content\/uploads\/2021\/02\/CalParent-1542-1170x738-1-400x314.jpg","contentUrl":"https:\/\/moreholiday.es\/wp-content\/uploads\/2021\/02\/CalParent-1542-1170x738-1-400x314.jpg"},{"@type":"BreadcrumbList","@id":"https:\/\/moreholiday.es\/fr\/dernieres-dates-disponibles-ete-2021\/#breadcrumb","itemListElement":[{"@type":"ListItem","position":1,"name":"Home","item":"https:\/\/moreholiday.es\/fr\/"},{"@type":"ListItem","position":2,"name":"Derni\u00e8res dates disponibles &#8211; Et\u00e9 2021"}]},{"@type":"WebSite","@id":"https:\/\/moreholiday.es\/#website","url":"https:\/\/moreholiday.es\/","name":"More Holiday","description":"Allotjaments per a les eves vacances","publisher":{"@id":"https:\/\/moreholiday.es\/#organization"},"potentialAction":[{"@type":"SearchAction","target":{"@type":"EntryPoint","urlTemplate":"https:\/\/moreholiday.es\/?s={search_term_string}"},"query-input":{"@type":"PropertyValueSpecification","valueRequired":true,"valueName":"search_term_string"}}],"inLanguage":"fr-FR"},{"@type":"Organization","@id":"https:\/\/moreholiday.es\/#organization","name":"More Holiday","url":"https:\/\/moreholiday.es\/","logo":{"@type":"ImageObject","inLanguage":"fr-FR","@id":"https:\/\/moreholiday.es\/#\/schema\/logo\/image\/","url":"https:\/\/moreholiday.es\/wp-content\/uploads\/2021\/03\/MH-logo-2-linies_Mesa-de-trabajo-1-1.png","contentUrl":"https:\/\/moreholiday.es\/wp-content\/uploads\/2021\/03\/MH-logo-2-linies_Mesa-de-trabajo-1-1.png","width":1576,"height":626,"caption":"More Holiday"},"image":{"@id":"https:\/\/moreholiday.es\/#\/schema\/logo\/image\/"}}]}},"_links":{"self":[{"href":"https:\/\/moreholiday.es\/fr\/wp-json\/wp\/v2\/pages\/44226","targetHints":{"allow":["GET"]}}],"collection":[{"href":"https:\/\/moreholiday.es\/fr\/wp-json\/wp\/v2\/pages"}],"about":[{"href":"https:\/\/moreholiday.es\/fr\/wp-json\/wp\/v2\/types\/page"}],"author":[{"embeddable":true,"href":"https:\/\/moreholiday.es\/fr\/wp-json\/wp\/v2\/users\/2"}],"replies":[{"embeddable":true,"href":"https:\/\/moreholiday.es\/fr\/wp-json\/wp\/v2\/comments?post=44226"}],"version-history":[{"count":5,"href":"https:\/\/moreholiday.es\/fr\/wp-json\/wp\/v2\/pages\/44226\/revisions"}],"predecessor-version":[{"id":44241,"href":"https:\/\/moreholiday.es\/fr\/wp-json\/wp\/v2\/pages\/44226\/revisions\/44241"}],"wp:attachment":[{"href":"https:\/\/moreholiday.es\/fr\/wp-json\/wp\/v2\/media?parent=44226"}],"curies":[{"name":"wp","href":"https:\/\/api.w.org\/{rel}","templated":true}]}}