{"id":43446,"date":"2021-02-04T11:19:29","date_gmt":"2021-02-04T11:19:29","guid":{"rendered":"https:\/\/moreholiday.es\/apartaments-turistics\/"},"modified":"2023-05-12T17:05:26","modified_gmt":"2023-05-12T17:05:26","slug":"appartements-touristiques","status":"publish","type":"page","link":"https:\/\/moreholiday.es\/fr\/appartements-touristiques\/","title":{"rendered":"Appartements touristiques"},"content":{"rendered":"<section data-id=\"28a05e48\" data-element_type=\"section\">Souhatiez-vous passer des vacances de r\u00eave sur la Costa Brava et G\u00e9rone? Trouvez l&rsquo;appartement qui correspond le mieux \u00e0 vos besoins et passez quelques jours fantastiques dans la province de G\u00e9rone.<\/p>\n<\/section>\n","protected":false},"excerpt":{"rendered":"<p>Souhatiez-vous passer des vacances de r\u00eave sur la Costa Brava et G\u00e9rone? Trouvez l&rsquo;appartement qui correspond le mieux \u00e0 vos besoins et passez quelques jours fantastiques dans la province de G\u00e9rone.<\/p>\n","protected":false},"author":2,"featured_media":0,"parent":0,"menu_order":0,"comment_status":"open","ping_status":"open","template":"property_list.php","meta":{"_acf_changed":false,"footnotes":""},"class_list":["post-43446","page","type-page","status-publish","hentry"],"acf":[],"yoast_head":"<!-- This site is optimized with the Yoast SEO plugin v27.1 - https:\/\/yoast.com\/product\/yoast-seo-wordpress\/ -->\n<title>Appartements touristiques \u00e0 G\u00e9rone et Costa Brava I More Holiday<\/title>\n<meta name=\"description\" content=\"Appartements de vacances de charme \u00e0 G\u00e9rone ou sur la Costa Brava. S\u00e9lection des meilleurs appartements de vacances au meilleur prix.\" \/>\n<meta name=\"robots\" content=\"index, follow, max-snippet:-1, max-image-preview:large, max-video-preview:-1\" \/>\n<link rel=\"canonical\" href=\"https:\/\/moreholiday.es\/fr\/appartements-touristiques\/\" \/>\n<meta property=\"og:locale\" content=\"fr_FR\" \/>\n<meta property=\"og:type\" content=\"article\" \/>\n<meta property=\"og:title\" content=\"Appartements touristiques \u00e0 G\u00e9rone et Costa Brava I More Holiday\" \/>\n<meta property=\"og:description\" content=\"Appartements de vacances de charme \u00e0 G\u00e9rone ou sur la Costa Brava. S\u00e9lection des meilleurs appartements de vacances au meilleur prix.\" \/>\n<meta property=\"og:url\" content=\"https:\/\/moreholiday.es\/fr\/appartements-touristiques\/\" \/>\n<meta property=\"og:site_name\" content=\"More Holiday\" \/>\n<meta property=\"article:modified_time\" content=\"2023-05-12T17:05:26+00:00\" \/>\n<meta name=\"twitter:card\" content=\"summary_large_image\" \/>\n<meta name=\"twitter:label1\" content=\"Dur\u00e9e de lecture estim\u00e9e\" \/>\n\t<meta name=\"twitter:data1\" content=\"1 minute\" \/>\n<script type=\"application\/ld+json\" class=\"yoast-schema-graph\">{\"@context\":\"https:\/\/schema.org\",\"@graph\":[{\"@type\":\"WebPage\",\"@id\":\"https:\/\/moreholiday.es\/fr\/appartements-touristiques\/\",\"url\":\"https:\/\/moreholiday.es\/fr\/appartements-touristiques\/\",\"name\":\"Appartements touristiques \u00e0 G\u00e9rone et Costa Brava I More Holiday\",\"isPartOf\":{\"@id\":\"https:\/\/moreholiday.es\/#website\"},\"datePublished\":\"2021-02-04T11:19:29+00:00\",\"dateModified\":\"2023-05-12T17:05:26+00:00\",\"description\":\"Appartements de vacances de charme \u00e0 G\u00e9rone ou sur la Costa Brava. S\u00e9lection des meilleurs appartements de vacances au meilleur prix.\",\"breadcrumb\":{\"@id\":\"https:\/\/moreholiday.es\/fr\/appartements-touristiques\/#breadcrumb\"},\"inLanguage\":\"fr-FR\",\"potentialAction\":[{\"@type\":\"ReadAction\",\"target\":[\"https:\/\/moreholiday.es\/fr\/appartements-touristiques\/\"]}]},{\"@type\":\"BreadcrumbList\",\"@id\":\"https:\/\/moreholiday.es\/fr\/appartements-touristiques\/#breadcrumb\",\"itemListElement\":[{\"@type\":\"ListItem\",\"position\":1,\"name\":\"Home\",\"item\":\"https:\/\/moreholiday.es\/fr\/\"},{\"@type\":\"ListItem\",\"position\":2,\"name\":\"Appartements touristiques\"}]},{\"@type\":\"WebSite\",\"@id\":\"https:\/\/moreholiday.es\/#website\",\"url\":\"https:\/\/moreholiday.es\/\",\"name\":\"More Holiday\",\"description\":\"Allotjaments per a les eves vacances\",\"publisher\":{\"@id\":\"https:\/\/moreholiday.es\/#organization\"},\"potentialAction\":[{\"@type\":\"SearchAction\",\"target\":{\"@type\":\"EntryPoint\",\"urlTemplate\":\"https:\/\/moreholiday.es\/?s={search_term_string}\"},\"query-input\":{\"@type\":\"PropertyValueSpecification\",\"valueRequired\":true,\"valueName\":\"search_term_string\"}}],\"inLanguage\":\"fr-FR\"},{\"@type\":\"Organization\",\"@id\":\"https:\/\/moreholiday.es\/#organization\",\"name\":\"More Holiday\",\"url\":\"https:\/\/moreholiday.es\/\",\"logo\":{\"@type\":\"ImageObject\",\"inLanguage\":\"fr-FR\",\"@id\":\"https:\/\/moreholiday.es\/#\/schema\/logo\/image\/\",\"url\":\"https:\/\/moreholiday.es\/wp-content\/uploads\/2021\/03\/MH-logo-2-linies_Mesa-de-trabajo-1-1.png\",\"contentUrl\":\"https:\/\/moreholiday.es\/wp-content\/uploads\/2021\/03\/MH-logo-2-linies_Mesa-de-trabajo-1-1.png\",\"width\":1576,\"height\":626,\"caption\":\"More Holiday\"},\"image\":{\"@id\":\"https:\/\/moreholiday.es\/#\/schema\/logo\/image\/\"}}]}<\/script>\n<!-- \/ Yoast SEO plugin. -->","yoast_head_json":{"title":"Appartements touristiques \u00e0 G\u00e9rone et Costa Brava I More Holiday","description":"Appartements de vacances de charme \u00e0 G\u00e9rone ou sur la Costa Brava. S\u00e9lection des meilleurs appartements de vacances au meilleur prix.","robots":{"index":"index","follow":"follow","max-snippet":"max-snippet:-1","max-image-preview":"max-image-preview:large","max-video-preview":"max-video-preview:-1"},"canonical":"https:\/\/moreholiday.es\/fr\/appartements-touristiques\/","og_locale":"fr_FR","og_type":"article","og_title":"Appartements touristiques \u00e0 G\u00e9rone et Costa Brava I More Holiday","og_description":"Appartements de vacances de charme \u00e0 G\u00e9rone ou sur la Costa Brava. S\u00e9lection des meilleurs appartements de vacances au meilleur prix.","og_url":"https:\/\/moreholiday.es\/fr\/appartements-touristiques\/","og_site_name":"More Holiday","article_modified_time":"2023-05-12T17:05:26+00:00","twitter_card":"summary_large_image","twitter_misc":{"Dur\u00e9e de lecture estim\u00e9e":"1 minute"},"schema":{"@context":"https:\/\/schema.org","@graph":[{"@type":"WebPage","@id":"https:\/\/moreholiday.es\/fr\/appartements-touristiques\/","url":"https:\/\/moreholiday.es\/fr\/appartements-touristiques\/","name":"Appartements touristiques \u00e0 G\u00e9rone et Costa Brava I More Holiday","isPartOf":{"@id":"https:\/\/moreholiday.es\/#website"},"datePublished":"2021-02-04T11:19:29+00:00","dateModified":"2023-05-12T17:05:26+00:00","description":"Appartements de vacances de charme \u00e0 G\u00e9rone ou sur la Costa Brava. S\u00e9lection des meilleurs appartements de vacances au meilleur prix.","breadcrumb":{"@id":"https:\/\/moreholiday.es\/fr\/appartements-touristiques\/#breadcrumb"},"inLanguage":"fr-FR","potentialAction":[{"@type":"ReadAction","target":["https:\/\/moreholiday.es\/fr\/appartements-touristiques\/"]}]},{"@type":"BreadcrumbList","@id":"https:\/\/moreholiday.es\/fr\/appartements-touristiques\/#breadcrumb","itemListElement":[{"@type":"ListItem","position":1,"name":"Home","item":"https:\/\/moreholiday.es\/fr\/"},{"@type":"ListItem","position":2,"name":"Appartements touristiques"}]},{"@type":"WebSite","@id":"https:\/\/moreholiday.es\/#website","url":"https:\/\/moreholiday.es\/","name":"More Holiday","description":"Allotjaments per a les eves vacances","publisher":{"@id":"https:\/\/moreholiday.es\/#organization"},"potentialAction":[{"@type":"SearchAction","target":{"@type":"EntryPoint","urlTemplate":"https:\/\/moreholiday.es\/?s={search_term_string}"},"query-input":{"@type":"PropertyValueSpecification","valueRequired":true,"valueName":"search_term_string"}}],"inLanguage":"fr-FR"},{"@type":"Organization","@id":"https:\/\/moreholiday.es\/#organization","name":"More Holiday","url":"https:\/\/moreholiday.es\/","logo":{"@type":"ImageObject","inLanguage":"fr-FR","@id":"https:\/\/moreholiday.es\/#\/schema\/logo\/image\/","url":"https:\/\/moreholiday.es\/wp-content\/uploads\/2021\/03\/MH-logo-2-linies_Mesa-de-trabajo-1-1.png","contentUrl":"https:\/\/moreholiday.es\/wp-content\/uploads\/2021\/03\/MH-logo-2-linies_Mesa-de-trabajo-1-1.png","width":1576,"height":626,"caption":"More Holiday"},"image":{"@id":"https:\/\/moreholiday.es\/#\/schema\/logo\/image\/"}}]}},"_links":{"self":[{"href":"https:\/\/moreholiday.es\/fr\/wp-json\/wp\/v2\/pages\/43446","targetHints":{"allow":["GET"]}}],"collection":[{"href":"https:\/\/moreholiday.es\/fr\/wp-json\/wp\/v2\/pages"}],"about":[{"href":"https:\/\/moreholiday.es\/fr\/wp-json\/wp\/v2\/types\/page"}],"author":[{"embeddable":true,"href":"https:\/\/moreholiday.es\/fr\/wp-json\/wp\/v2\/users\/2"}],"replies":[{"embeddable":true,"href":"https:\/\/moreholiday.es\/fr\/wp-json\/wp\/v2\/comments?post=43446"}],"version-history":[{"count":8,"href":"https:\/\/moreholiday.es\/fr\/wp-json\/wp\/v2\/pages\/43446\/revisions"}],"predecessor-version":[{"id":57222,"href":"https:\/\/moreholiday.es\/fr\/wp-json\/wp\/v2\/pages\/43446\/revisions\/57222"}],"wp:attachment":[{"href":"https:\/\/moreholiday.es\/fr\/wp-json\/wp\/v2\/media?parent=43446"}],"curies":[{"name":"wp","href":"https:\/\/api.w.org\/{rel}","templated":true}]}}