{"id":43434,"date":"2021-02-04T11:20:25","date_gmt":"2021-02-04T11:20:25","guid":{"rendered":"https:\/\/moreholiday.es\/habitacions-rurals\/"},"modified":"2023-05-12T17:09:24","modified_gmt":"2023-05-12T17:09:24","slug":"chambres-rurales","status":"publish","type":"page","link":"https:\/\/moreholiday.es\/fr\/chambres-rurales\/","title":{"rendered":"Chambres rurales"},"content":{"rendered":"\t\t<div data-elementor-type=\"wp-page\" data-elementor-id=\"43434\" class=\"elementor elementor-43434 elementor-35532\" data-elementor-post-type=\"page\">\n\t\t\t\t\t\t<section class=\"elementor-section elementor-top-section elementor-element elementor-element-506e2468 elementor-section-boxed elementor-section-height-default elementor-section-height-default\" data-id=\"506e2468\" data-element_type=\"section\" data-e-type=\"section\">\n\t\t\t\t\t\t<div class=\"elementor-container elementor-column-gap-default\">\n\t\t\t\t\t<div class=\"elementor-column elementor-col-100 elementor-top-column elementor-element elementor-element-519a0367\" data-id=\"519a0367\" data-element_type=\"column\" data-e-type=\"column\">\n\t\t\t<div class=\"elementor-widget-wrap elementor-element-populated\">\n\t\t\t\t\t\t<div class=\"elementor-element elementor-element-7f535aaa elementor-widget elementor-widget-text-editor\" data-id=\"7f535aaa\" data-element_type=\"widget\" data-e-type=\"widget\" data-widget_type=\"text-editor.default\">\n\t\t\t\t<div class=\"elementor-widget-container\">\n\t\t\t\t\t\t\t\t\t<p>Envie de dormir dans un magnifique cadre rural ? Les chambres rurales vous permettent de passer des s\u00e9jours dans de magnifiques maisons rurales situ\u00e9es dans des milieux naturels exceptionnels.\u00a0<\/p><p style=\"margin: 0cm; font-size: 12pt; font-family: 'Times New Roman', serif; color: #000000; line-height: 19.5pt; background-image: initial; background-position: initial; background-size: initial; background-repeat: initial; background-attachment: initial; background-origin: initial; background-clip: initial;\">\u00a0<\/p>\t\t\t\t\t\t\t\t<\/div>\n\t\t\t\t<\/div>\n\t\t\t\t\t<\/div>\n\t\t<\/div>\n\t\t\t\t\t<\/div>\n\t\t<\/section>\n\t\t\t\t<\/div>\n\t\t","protected":false},"excerpt":{"rendered":"<p>Envie de dormir dans un magnifique cadre rural ? Les chambres rurales vous permettent de passer des s\u00e9jours dans de magnifiques maisons rurales situ\u00e9es dans des milieux naturels exceptionnels.&nbsp;<\/p>\n","protected":false},"author":2,"featured_media":0,"parent":0,"menu_order":0,"comment_status":"open","ping_status":"open","template":"property_list.php","meta":{"_acf_changed":false,"footnotes":""},"class_list":["post-43434","page","type-page","status-publish","hentry"],"acf":[],"yoast_head":"<!-- This site is optimized with the Yoast SEO plugin v27.1 - https:\/\/yoast.com\/product\/yoast-seo-wordpress\/ -->\n<title>H\u00f4tels Ruraux de Charme \u00e0 G\u00e9rone I More Holiday<\/title>\n<meta name=\"description\" content=\"D\u00e9couvrez les meilleures chambres rurales de G\u00e9rone, des Pyr\u00e9n\u00e9es et Costa Brava. De beaux logements pour les couples et les familles\" \/>\n<meta name=\"robots\" content=\"index, follow, max-snippet:-1, max-image-preview:large, max-video-preview:-1\" \/>\n<link rel=\"canonical\" href=\"https:\/\/moreholiday.es\/fr\/chambres-rurales\/\" \/>\n<meta property=\"og:locale\" content=\"fr_FR\" \/>\n<meta property=\"og:type\" content=\"article\" \/>\n<meta property=\"og:title\" content=\"H\u00f4tels Ruraux de Charme \u00e0 G\u00e9rone I More Holiday\" \/>\n<meta property=\"og:description\" content=\"D\u00e9couvrez les meilleures chambres rurales de G\u00e9rone, des Pyr\u00e9n\u00e9es et Costa Brava. De beaux logements pour les couples et les familles\" \/>\n<meta property=\"og:url\" content=\"https:\/\/moreholiday.es\/fr\/chambres-rurales\/\" \/>\n<meta property=\"og:site_name\" content=\"More Holiday\" \/>\n<meta property=\"article:modified_time\" content=\"2023-05-12T17:09:24+00:00\" \/>\n<meta name=\"twitter:card\" content=\"summary_large_image\" \/>\n<meta name=\"twitter:label1\" content=\"Dur\u00e9e de lecture estim\u00e9e\" \/>\n\t<meta name=\"twitter:data1\" content=\"1 minute\" \/>\n<script type=\"application\/ld+json\" class=\"yoast-schema-graph\">{\"@context\":\"https:\/\/schema.org\",\"@graph\":[{\"@type\":\"WebPage\",\"@id\":\"https:\/\/moreholiday.es\/fr\/chambres-rurales\/\",\"url\":\"https:\/\/moreholiday.es\/fr\/chambres-rurales\/\",\"name\":\"H\u00f4tels Ruraux de Charme \u00e0 G\u00e9rone I More Holiday\",\"isPartOf\":{\"@id\":\"https:\/\/moreholiday.es\/#website\"},\"datePublished\":\"2021-02-04T11:20:25+00:00\",\"dateModified\":\"2023-05-12T17:09:24+00:00\",\"description\":\"D\u00e9couvrez les meilleures chambres rurales de G\u00e9rone, des Pyr\u00e9n\u00e9es et Costa Brava. De beaux logements pour les couples et les familles\",\"breadcrumb\":{\"@id\":\"https:\/\/moreholiday.es\/fr\/chambres-rurales\/#breadcrumb\"},\"inLanguage\":\"fr-FR\",\"potentialAction\":[{\"@type\":\"ReadAction\",\"target\":[\"https:\/\/moreholiday.es\/fr\/chambres-rurales\/\"]}]},{\"@type\":\"BreadcrumbList\",\"@id\":\"https:\/\/moreholiday.es\/fr\/chambres-rurales\/#breadcrumb\",\"itemListElement\":[{\"@type\":\"ListItem\",\"position\":1,\"name\":\"Home\",\"item\":\"https:\/\/moreholiday.es\/fr\/\"},{\"@type\":\"ListItem\",\"position\":2,\"name\":\"Chambres rurales\"}]},{\"@type\":\"WebSite\",\"@id\":\"https:\/\/moreholiday.es\/#website\",\"url\":\"https:\/\/moreholiday.es\/\",\"name\":\"More Holiday\",\"description\":\"Allotjaments per a les eves vacances\",\"publisher\":{\"@id\":\"https:\/\/moreholiday.es\/#organization\"},\"potentialAction\":[{\"@type\":\"SearchAction\",\"target\":{\"@type\":\"EntryPoint\",\"urlTemplate\":\"https:\/\/moreholiday.es\/?s={search_term_string}\"},\"query-input\":{\"@type\":\"PropertyValueSpecification\",\"valueRequired\":true,\"valueName\":\"search_term_string\"}}],\"inLanguage\":\"fr-FR\"},{\"@type\":\"Organization\",\"@id\":\"https:\/\/moreholiday.es\/#organization\",\"name\":\"More Holiday\",\"url\":\"https:\/\/moreholiday.es\/\",\"logo\":{\"@type\":\"ImageObject\",\"inLanguage\":\"fr-FR\",\"@id\":\"https:\/\/moreholiday.es\/#\/schema\/logo\/image\/\",\"url\":\"https:\/\/moreholiday.es\/wp-content\/uploads\/2021\/03\/MH-logo-2-linies_Mesa-de-trabajo-1-1.png\",\"contentUrl\":\"https:\/\/moreholiday.es\/wp-content\/uploads\/2021\/03\/MH-logo-2-linies_Mesa-de-trabajo-1-1.png\",\"width\":1576,\"height\":626,\"caption\":\"More Holiday\"},\"image\":{\"@id\":\"https:\/\/moreholiday.es\/#\/schema\/logo\/image\/\"}}]}<\/script>\n<!-- \/ Yoast SEO plugin. -->","yoast_head_json":{"title":"H\u00f4tels Ruraux de Charme \u00e0 G\u00e9rone I More Holiday","description":"D\u00e9couvrez les meilleures chambres rurales de G\u00e9rone, des Pyr\u00e9n\u00e9es et Costa Brava. De beaux logements pour les couples et les familles","robots":{"index":"index","follow":"follow","max-snippet":"max-snippet:-1","max-image-preview":"max-image-preview:large","max-video-preview":"max-video-preview:-1"},"canonical":"https:\/\/moreholiday.es\/fr\/chambres-rurales\/","og_locale":"fr_FR","og_type":"article","og_title":"H\u00f4tels Ruraux de Charme \u00e0 G\u00e9rone I More Holiday","og_description":"D\u00e9couvrez les meilleures chambres rurales de G\u00e9rone, des Pyr\u00e9n\u00e9es et Costa Brava. De beaux logements pour les couples et les familles","og_url":"https:\/\/moreholiday.es\/fr\/chambres-rurales\/","og_site_name":"More Holiday","article_modified_time":"2023-05-12T17:09:24+00:00","twitter_card":"summary_large_image","twitter_misc":{"Dur\u00e9e de lecture estim\u00e9e":"1 minute"},"schema":{"@context":"https:\/\/schema.org","@graph":[{"@type":"WebPage","@id":"https:\/\/moreholiday.es\/fr\/chambres-rurales\/","url":"https:\/\/moreholiday.es\/fr\/chambres-rurales\/","name":"H\u00f4tels Ruraux de Charme \u00e0 G\u00e9rone I More Holiday","isPartOf":{"@id":"https:\/\/moreholiday.es\/#website"},"datePublished":"2021-02-04T11:20:25+00:00","dateModified":"2023-05-12T17:09:24+00:00","description":"D\u00e9couvrez les meilleures chambres rurales de G\u00e9rone, des Pyr\u00e9n\u00e9es et Costa Brava. De beaux logements pour les couples et les familles","breadcrumb":{"@id":"https:\/\/moreholiday.es\/fr\/chambres-rurales\/#breadcrumb"},"inLanguage":"fr-FR","potentialAction":[{"@type":"ReadAction","target":["https:\/\/moreholiday.es\/fr\/chambres-rurales\/"]}]},{"@type":"BreadcrumbList","@id":"https:\/\/moreholiday.es\/fr\/chambres-rurales\/#breadcrumb","itemListElement":[{"@type":"ListItem","position":1,"name":"Home","item":"https:\/\/moreholiday.es\/fr\/"},{"@type":"ListItem","position":2,"name":"Chambres rurales"}]},{"@type":"WebSite","@id":"https:\/\/moreholiday.es\/#website","url":"https:\/\/moreholiday.es\/","name":"More Holiday","description":"Allotjaments per a les eves vacances","publisher":{"@id":"https:\/\/moreholiday.es\/#organization"},"potentialAction":[{"@type":"SearchAction","target":{"@type":"EntryPoint","urlTemplate":"https:\/\/moreholiday.es\/?s={search_term_string}"},"query-input":{"@type":"PropertyValueSpecification","valueRequired":true,"valueName":"search_term_string"}}],"inLanguage":"fr-FR"},{"@type":"Organization","@id":"https:\/\/moreholiday.es\/#organization","name":"More Holiday","url":"https:\/\/moreholiday.es\/","logo":{"@type":"ImageObject","inLanguage":"fr-FR","@id":"https:\/\/moreholiday.es\/#\/schema\/logo\/image\/","url":"https:\/\/moreholiday.es\/wp-content\/uploads\/2021\/03\/MH-logo-2-linies_Mesa-de-trabajo-1-1.png","contentUrl":"https:\/\/moreholiday.es\/wp-content\/uploads\/2021\/03\/MH-logo-2-linies_Mesa-de-trabajo-1-1.png","width":1576,"height":626,"caption":"More Holiday"},"image":{"@id":"https:\/\/moreholiday.es\/#\/schema\/logo\/image\/"}}]}},"_links":{"self":[{"href":"https:\/\/moreholiday.es\/fr\/wp-json\/wp\/v2\/pages\/43434","targetHints":{"allow":["GET"]}}],"collection":[{"href":"https:\/\/moreholiday.es\/fr\/wp-json\/wp\/v2\/pages"}],"about":[{"href":"https:\/\/moreholiday.es\/fr\/wp-json\/wp\/v2\/types\/page"}],"author":[{"embeddable":true,"href":"https:\/\/moreholiday.es\/fr\/wp-json\/wp\/v2\/users\/2"}],"replies":[{"embeddable":true,"href":"https:\/\/moreholiday.es\/fr\/wp-json\/wp\/v2\/comments?post=43434"}],"version-history":[{"count":15,"href":"https:\/\/moreholiday.es\/fr\/wp-json\/wp\/v2\/pages\/43434\/revisions"}],"predecessor-version":[{"id":57223,"href":"https:\/\/moreholiday.es\/fr\/wp-json\/wp\/v2\/pages\/43434\/revisions\/57223"}],"wp:attachment":[{"href":"https:\/\/moreholiday.es\/fr\/wp-json\/wp\/v2\/media?parent=43434"}],"curies":[{"name":"wp","href":"https:\/\/api.w.org\/{rel}","templated":true}]}}