{"id":43425,"date":"2015-04-16T13:43:06","date_gmt":"2015-04-16T13:43:06","guid":{"rendered":"https:\/\/moreholiday.es\/apartaments-rurals\/"},"modified":"2023-07-27T16:08:04","modified_gmt":"2023-07-27T16:08:04","slug":"appartement-rural","status":"publish","type":"page","link":"https:\/\/moreholiday.es\/fr\/appartement-rural\/","title":{"rendered":"Maisons et appartements ruraux"},"content":{"rendered":"\t\t<div data-elementor-type=\"wp-page\" data-elementor-id=\"43425\" class=\"elementor elementor-43425 elementor-155\" data-elementor-post-type=\"page\">\n\t\t\t\t\t\t<section class=\"elementor-section elementor-top-section elementor-element elementor-element-1a283c2a elementor-section-boxed elementor-section-height-default elementor-section-height-default\" data-id=\"1a283c2a\" data-element_type=\"section\" data-e-type=\"section\">\n\t\t\t\t\t\t<div class=\"elementor-container elementor-column-gap-default\">\n\t\t\t\t\t<div class=\"elementor-column elementor-col-100 elementor-top-column elementor-element elementor-element-2a28d827\" data-id=\"2a28d827\" data-element_type=\"column\" data-e-type=\"column\">\n\t\t\t<div class=\"elementor-widget-wrap elementor-element-populated\">\n\t\t\t\t\t\t<div class=\"elementor-element elementor-element-15605d6d elementor-widget elementor-widget-text-editor\" data-id=\"15605d6d\" data-element_type=\"widget\" data-e-type=\"widget\" data-widget_type=\"text-editor.default\">\n\t\t\t\t<div class=\"elementor-widget-container\">\n\t\t\t\t\t\t\t\t\t<div class=\"single-content\"><div class=\"elementor elementor-35522\" data-elementor-type=\"wp-page\" data-elementor-id=\"35522\" data-elementor-settings=\"[]\"><div class=\"elementor-inner\"><div class=\"elementor-section-wrap\"><section class=\"elementor-section elementor-top-section elementor-element elementor-element-28a05e48 elementor-section-boxed elementor-section-height-default elementor-section-height-default\" data-id=\"28a05e48\" data-element_type=\"section\"><div class=\"elementor-container elementor-column-gap-default\"><div class=\"elementor-row\"><div class=\"elementor-column elementor-col-100 elementor-top-column elementor-element elementor-element-6873cc50\" data-id=\"6873cc50\" data-element_type=\"column\"><div class=\"elementor-column-wrap elementor-element-populated\"><div class=\"elementor-widget-wrap\"><div class=\"elementor-element elementor-element-4644c16f elementor-widget elementor-widget-text-editor\" data-id=\"4644c16f\" data-element_type=\"widget\" data-widget_type=\"text-editor.default\"><div class=\"elementor-widget-container\"><div class=\"elementor-text-editor elementor-clearfix\"><p>Vous souhaitez vous d\u00e9connecter et profiter de la beaut\u00e9 naturelle de G\u00e9rone ? Nous vous proposons la meilleure <strong>s\u00e9lection d&rsquo;h\u00e9bergements ruraux<\/strong> dans cette province de Catalogne. D\u00e9couvrez nos <strong>maisons rurales<\/strong> et nos fermes avec piscine, entour\u00e9es de nature et parfaites pour une escapade \u00e0 la campagne.<\/p><\/div><\/div><\/div><\/div><\/div><\/div><\/div><\/div><\/section><\/div><\/div><\/div><\/div>\t\t\t\t\t\t\t\t<\/div>\n\t\t\t\t<\/div>\n\t\t\t\t\t<\/div>\n\t\t<\/div>\n\t\t\t\t\t<\/div>\n\t\t<\/section>\n\t\t\t\t<\/div>\n\t\t","protected":false},"excerpt":{"rendered":"<p>Vous souhaitez vous d\u00e9connecter et profiter de la beaut\u00e9 naturelle de G\u00e9rone ? Nous vous proposons la meilleure s\u00e9lection d&rsquo;h\u00e9bergements ruraux dans cette province de Catalogne. D\u00e9couvrez nos maisons rurales et nos fermes avec piscine, entour\u00e9es de nature et parfaites pour une escapade \u00e0 la campagne.<\/p>\n","protected":false},"author":2,"featured_media":0,"parent":0,"menu_order":0,"comment_status":"open","ping_status":"open","template":"property_list.php","meta":{"_acf_changed":false,"footnotes":""},"class_list":["post-43425","page","type-page","status-publish","hentry"],"acf":[],"yoast_head":"<!-- This site is optimized with the Yoast SEO plugin v27.1 - https:\/\/yoast.com\/product\/yoast-seo-wordpress\/ -->\n<title>Maisons rurales \u00e0 louer \u00e0 Girona et Costa Brava I More Holiday<\/title>\n<meta name=\"description\" content=\"Vacances \u00e0 la campagne dans nos maisons rurales dans la r\u00e9gion de G\u00e9rone. Le meilleur ensemble de maisons rurales avec piscine et famille.\" \/>\n<meta name=\"robots\" content=\"index, follow, max-snippet:-1, max-image-preview:large, max-video-preview:-1\" \/>\n<link rel=\"canonical\" href=\"https:\/\/moreholiday.es\/fr\/appartement-rural\/\" \/>\n<meta property=\"og:locale\" content=\"fr_FR\" \/>\n<meta property=\"og:type\" content=\"article\" \/>\n<meta property=\"og:title\" content=\"Maisons rurales \u00e0 louer \u00e0 Girona et Costa Brava I More Holiday\" \/>\n<meta property=\"og:description\" content=\"Vacances \u00e0 la campagne dans nos maisons rurales dans la r\u00e9gion de G\u00e9rone. Le meilleur ensemble de maisons rurales avec piscine et famille.\" \/>\n<meta property=\"og:url\" content=\"https:\/\/moreholiday.es\/fr\/appartement-rural\/\" \/>\n<meta property=\"og:site_name\" content=\"More Holiday\" \/>\n<meta property=\"article:modified_time\" content=\"2023-07-27T16:08:04+00:00\" \/>\n<meta name=\"twitter:card\" content=\"summary_large_image\" \/>\n<meta name=\"twitter:label1\" content=\"Dur\u00e9e de lecture estim\u00e9e\" \/>\n\t<meta name=\"twitter:data1\" content=\"1 minute\" \/>\n<script type=\"application\/ld+json\" class=\"yoast-schema-graph\">{\"@context\":\"https:\/\/schema.org\",\"@graph\":[{\"@type\":\"WebPage\",\"@id\":\"https:\/\/moreholiday.es\/fr\/appartement-rural\/\",\"url\":\"https:\/\/moreholiday.es\/fr\/appartement-rural\/\",\"name\":\"Maisons rurales \u00e0 louer \u00e0 Girona et Costa Brava I More Holiday\",\"isPartOf\":{\"@id\":\"https:\/\/moreholiday.es\/#website\"},\"datePublished\":\"2015-04-16T13:43:06+00:00\",\"dateModified\":\"2023-07-27T16:08:04+00:00\",\"description\":\"Vacances \u00e0 la campagne dans nos maisons rurales dans la r\u00e9gion de G\u00e9rone. Le meilleur ensemble de maisons rurales avec piscine et famille.\",\"breadcrumb\":{\"@id\":\"https:\/\/moreholiday.es\/fr\/appartement-rural\/#breadcrumb\"},\"inLanguage\":\"fr-FR\",\"potentialAction\":[{\"@type\":\"ReadAction\",\"target\":[\"https:\/\/moreholiday.es\/fr\/appartement-rural\/\"]}]},{\"@type\":\"BreadcrumbList\",\"@id\":\"https:\/\/moreholiday.es\/fr\/appartement-rural\/#breadcrumb\",\"itemListElement\":[{\"@type\":\"ListItem\",\"position\":1,\"name\":\"Home\",\"item\":\"https:\/\/moreholiday.es\/fr\/\"},{\"@type\":\"ListItem\",\"position\":2,\"name\":\"Maisons et appartements ruraux\"}]},{\"@type\":\"WebSite\",\"@id\":\"https:\/\/moreholiday.es\/#website\",\"url\":\"https:\/\/moreholiday.es\/\",\"name\":\"More Holiday\",\"description\":\"Allotjaments per a les eves vacances\",\"publisher\":{\"@id\":\"https:\/\/moreholiday.es\/#organization\"},\"potentialAction\":[{\"@type\":\"SearchAction\",\"target\":{\"@type\":\"EntryPoint\",\"urlTemplate\":\"https:\/\/moreholiday.es\/?s={search_term_string}\"},\"query-input\":{\"@type\":\"PropertyValueSpecification\",\"valueRequired\":true,\"valueName\":\"search_term_string\"}}],\"inLanguage\":\"fr-FR\"},{\"@type\":\"Organization\",\"@id\":\"https:\/\/moreholiday.es\/#organization\",\"name\":\"More Holiday\",\"url\":\"https:\/\/moreholiday.es\/\",\"logo\":{\"@type\":\"ImageObject\",\"inLanguage\":\"fr-FR\",\"@id\":\"https:\/\/moreholiday.es\/#\/schema\/logo\/image\/\",\"url\":\"https:\/\/moreholiday.es\/wp-content\/uploads\/2021\/03\/MH-logo-2-linies_Mesa-de-trabajo-1-1.png\",\"contentUrl\":\"https:\/\/moreholiday.es\/wp-content\/uploads\/2021\/03\/MH-logo-2-linies_Mesa-de-trabajo-1-1.png\",\"width\":1576,\"height\":626,\"caption\":\"More Holiday\"},\"image\":{\"@id\":\"https:\/\/moreholiday.es\/#\/schema\/logo\/image\/\"}}]}<\/script>\n<!-- \/ Yoast SEO plugin. -->","yoast_head_json":{"title":"Maisons rurales \u00e0 louer \u00e0 Girona et Costa Brava I More Holiday","description":"Vacances \u00e0 la campagne dans nos maisons rurales dans la r\u00e9gion de G\u00e9rone. Le meilleur ensemble de maisons rurales avec piscine et famille.","robots":{"index":"index","follow":"follow","max-snippet":"max-snippet:-1","max-image-preview":"max-image-preview:large","max-video-preview":"max-video-preview:-1"},"canonical":"https:\/\/moreholiday.es\/fr\/appartement-rural\/","og_locale":"fr_FR","og_type":"article","og_title":"Maisons rurales \u00e0 louer \u00e0 Girona et Costa Brava I More Holiday","og_description":"Vacances \u00e0 la campagne dans nos maisons rurales dans la r\u00e9gion de G\u00e9rone. Le meilleur ensemble de maisons rurales avec piscine et famille.","og_url":"https:\/\/moreholiday.es\/fr\/appartement-rural\/","og_site_name":"More Holiday","article_modified_time":"2023-07-27T16:08:04+00:00","twitter_card":"summary_large_image","twitter_misc":{"Dur\u00e9e de lecture estim\u00e9e":"1 minute"},"schema":{"@context":"https:\/\/schema.org","@graph":[{"@type":"WebPage","@id":"https:\/\/moreholiday.es\/fr\/appartement-rural\/","url":"https:\/\/moreholiday.es\/fr\/appartement-rural\/","name":"Maisons rurales \u00e0 louer \u00e0 Girona et Costa Brava I More Holiday","isPartOf":{"@id":"https:\/\/moreholiday.es\/#website"},"datePublished":"2015-04-16T13:43:06+00:00","dateModified":"2023-07-27T16:08:04+00:00","description":"Vacances \u00e0 la campagne dans nos maisons rurales dans la r\u00e9gion de G\u00e9rone. Le meilleur ensemble de maisons rurales avec piscine et famille.","breadcrumb":{"@id":"https:\/\/moreholiday.es\/fr\/appartement-rural\/#breadcrumb"},"inLanguage":"fr-FR","potentialAction":[{"@type":"ReadAction","target":["https:\/\/moreholiday.es\/fr\/appartement-rural\/"]}]},{"@type":"BreadcrumbList","@id":"https:\/\/moreholiday.es\/fr\/appartement-rural\/#breadcrumb","itemListElement":[{"@type":"ListItem","position":1,"name":"Home","item":"https:\/\/moreholiday.es\/fr\/"},{"@type":"ListItem","position":2,"name":"Maisons et appartements ruraux"}]},{"@type":"WebSite","@id":"https:\/\/moreholiday.es\/#website","url":"https:\/\/moreholiday.es\/","name":"More Holiday","description":"Allotjaments per a les eves vacances","publisher":{"@id":"https:\/\/moreholiday.es\/#organization"},"potentialAction":[{"@type":"SearchAction","target":{"@type":"EntryPoint","urlTemplate":"https:\/\/moreholiday.es\/?s={search_term_string}"},"query-input":{"@type":"PropertyValueSpecification","valueRequired":true,"valueName":"search_term_string"}}],"inLanguage":"fr-FR"},{"@type":"Organization","@id":"https:\/\/moreholiday.es\/#organization","name":"More Holiday","url":"https:\/\/moreholiday.es\/","logo":{"@type":"ImageObject","inLanguage":"fr-FR","@id":"https:\/\/moreholiday.es\/#\/schema\/logo\/image\/","url":"https:\/\/moreholiday.es\/wp-content\/uploads\/2021\/03\/MH-logo-2-linies_Mesa-de-trabajo-1-1.png","contentUrl":"https:\/\/moreholiday.es\/wp-content\/uploads\/2021\/03\/MH-logo-2-linies_Mesa-de-trabajo-1-1.png","width":1576,"height":626,"caption":"More Holiday"},"image":{"@id":"https:\/\/moreholiday.es\/#\/schema\/logo\/image\/"}}]}},"_links":{"self":[{"href":"https:\/\/moreholiday.es\/fr\/wp-json\/wp\/v2\/pages\/43425","targetHints":{"allow":["GET"]}}],"collection":[{"href":"https:\/\/moreholiday.es\/fr\/wp-json\/wp\/v2\/pages"}],"about":[{"href":"https:\/\/moreholiday.es\/fr\/wp-json\/wp\/v2\/types\/page"}],"author":[{"embeddable":true,"href":"https:\/\/moreholiday.es\/fr\/wp-json\/wp\/v2\/users\/2"}],"replies":[{"embeddable":true,"href":"https:\/\/moreholiday.es\/fr\/wp-json\/wp\/v2\/comments?post=43425"}],"version-history":[{"count":21,"href":"https:\/\/moreholiday.es\/fr\/wp-json\/wp\/v2\/pages\/43425\/revisions"}],"predecessor-version":[{"id":58090,"href":"https:\/\/moreholiday.es\/fr\/wp-json\/wp\/v2\/pages\/43425\/revisions\/58090"}],"wp:attachment":[{"href":"https:\/\/moreholiday.es\/fr\/wp-json\/wp\/v2\/media?parent=43425"}],"curies":[{"name":"wp","href":"https:\/\/api.w.org\/{rel}","templated":true}]}}