{"id":43414,"date":"2021-02-04T11:17:30","date_gmt":"2021-02-04T11:17:30","guid":{"rendered":"https:\/\/moreholiday.es\/cases-rurals\/"},"modified":"2023-05-12T17:13:46","modified_gmt":"2023-05-12T17:13:46","slug":"maison-de-campagne","status":"publish","type":"page","link":"https:\/\/moreholiday.es\/fr\/maison-de-campagne\/","title":{"rendered":"Villas sur la Costa Brava"},"content":{"rendered":"\t\t<div data-elementor-type=\"wp-page\" data-elementor-id=\"43414\" class=\"elementor elementor-43414 elementor-35522\" data-elementor-post-type=\"page\">\n\t\t\t\t\t\t<section class=\"elementor-section elementor-top-section elementor-element elementor-element-45c7807c elementor-section-boxed elementor-section-height-default elementor-section-height-default\" data-id=\"45c7807c\" data-element_type=\"section\" data-e-type=\"section\">\n\t\t\t\t\t\t<div class=\"elementor-container elementor-column-gap-default\">\n\t\t\t\t\t<div class=\"elementor-column elementor-col-100 elementor-top-column elementor-element elementor-element-5bc0c798\" data-id=\"5bc0c798\" data-element_type=\"column\" data-e-type=\"column\">\n\t\t\t<div class=\"elementor-widget-wrap elementor-element-populated\">\n\t\t\t\t\t\t<div class=\"elementor-element elementor-element-190b03b6 elementor-widget elementor-widget-text-editor\" data-id=\"190b03b6\" data-element_type=\"widget\" data-e-type=\"widget\" data-widget_type=\"text-editor.default\">\n\t\t\t\t<div class=\"elementor-widget-container\">\n\t\t\t\t\t\t\t\t\t<p>Logements touristiques sur la Costa Brava pour en profiter entre amis, en couple ou en famille.<\/p>\t\t\t\t\t\t\t\t<\/div>\n\t\t\t\t<\/div>\n\t\t\t\t\t<\/div>\n\t\t<\/div>\n\t\t\t\t\t<\/div>\n\t\t<\/section>\n\t\t\t\t<\/div>\n\t\t","protected":false},"excerpt":{"rendered":"<p>Logements touristiques sur la Costa Brava pour en profiter entre amis, en couple ou en famille.<\/p>\n","protected":false},"author":2,"featured_media":0,"parent":0,"menu_order":0,"comment_status":"open","ping_status":"open","template":"property_list.php","meta":{"_acf_changed":false,"footnotes":""},"class_list":["post-43414","page","type-page","status-publish","hentry"],"acf":[],"yoast_head":"<!-- This site is optimized with the Yoast SEO plugin v27.1 - https:\/\/yoast.com\/product\/yoast-seo-wordpress\/ -->\n<title>Villas \u00e0 Louer sur la Costa Brava avec Piscine I More Holiday<\/title>\n<meta name=\"description\" content=\"Louez une villa pour vacances en famille sur la Costa Brava. D\u00e9couvrez nos villas de luxe avec piscine, jardin et \u00e0 proximit\u00e9 de la plage.\" \/>\n<meta name=\"robots\" content=\"index, follow, max-snippet:-1, max-image-preview:large, max-video-preview:-1\" \/>\n<link rel=\"canonical\" href=\"https:\/\/moreholiday.es\/fr\/maison-de-campagne\/\" \/>\n<meta property=\"og:locale\" content=\"fr_FR\" \/>\n<meta property=\"og:type\" content=\"article\" \/>\n<meta property=\"og:title\" content=\"Villas \u00e0 Louer sur la Costa Brava avec Piscine I More Holiday\" \/>\n<meta property=\"og:description\" content=\"Louez une villa pour vacances en famille sur la Costa Brava. D\u00e9couvrez nos villas de luxe avec piscine, jardin et \u00e0 proximit\u00e9 de la plage.\" \/>\n<meta property=\"og:url\" content=\"https:\/\/moreholiday.es\/fr\/maison-de-campagne\/\" \/>\n<meta property=\"og:site_name\" content=\"More Holiday\" \/>\n<meta property=\"article:modified_time\" content=\"2023-05-12T17:13:46+00:00\" \/>\n<meta name=\"twitter:card\" content=\"summary_large_image\" \/>\n<meta name=\"twitter:label1\" content=\"Dur\u00e9e de lecture estim\u00e9e\" \/>\n\t<meta name=\"twitter:data1\" content=\"1 minute\" \/>\n<script type=\"application\/ld+json\" class=\"yoast-schema-graph\">{\"@context\":\"https:\/\/schema.org\",\"@graph\":[{\"@type\":\"WebPage\",\"@id\":\"https:\/\/moreholiday.es\/fr\/maison-de-campagne\/\",\"url\":\"https:\/\/moreholiday.es\/fr\/maison-de-campagne\/\",\"name\":\"Villas \u00e0 Louer sur la Costa Brava avec Piscine I More Holiday\",\"isPartOf\":{\"@id\":\"https:\/\/moreholiday.es\/#website\"},\"datePublished\":\"2021-02-04T11:17:30+00:00\",\"dateModified\":\"2023-05-12T17:13:46+00:00\",\"description\":\"Louez une villa pour vacances en famille sur la Costa Brava. D\u00e9couvrez nos villas de luxe avec piscine, jardin et \u00e0 proximit\u00e9 de la plage.\",\"breadcrumb\":{\"@id\":\"https:\/\/moreholiday.es\/fr\/maison-de-campagne\/#breadcrumb\"},\"inLanguage\":\"fr-FR\",\"potentialAction\":[{\"@type\":\"ReadAction\",\"target\":[\"https:\/\/moreholiday.es\/fr\/maison-de-campagne\/\"]}]},{\"@type\":\"BreadcrumbList\",\"@id\":\"https:\/\/moreholiday.es\/fr\/maison-de-campagne\/#breadcrumb\",\"itemListElement\":[{\"@type\":\"ListItem\",\"position\":1,\"name\":\"Home\",\"item\":\"https:\/\/moreholiday.es\/fr\/\"},{\"@type\":\"ListItem\",\"position\":2,\"name\":\"Villas sur la Costa Brava\"}]},{\"@type\":\"WebSite\",\"@id\":\"https:\/\/moreholiday.es\/#website\",\"url\":\"https:\/\/moreholiday.es\/\",\"name\":\"More Holiday\",\"description\":\"Allotjaments per a les eves vacances\",\"publisher\":{\"@id\":\"https:\/\/moreholiday.es\/#organization\"},\"potentialAction\":[{\"@type\":\"SearchAction\",\"target\":{\"@type\":\"EntryPoint\",\"urlTemplate\":\"https:\/\/moreholiday.es\/?s={search_term_string}\"},\"query-input\":{\"@type\":\"PropertyValueSpecification\",\"valueRequired\":true,\"valueName\":\"search_term_string\"}}],\"inLanguage\":\"fr-FR\"},{\"@type\":\"Organization\",\"@id\":\"https:\/\/moreholiday.es\/#organization\",\"name\":\"More Holiday\",\"url\":\"https:\/\/moreholiday.es\/\",\"logo\":{\"@type\":\"ImageObject\",\"inLanguage\":\"fr-FR\",\"@id\":\"https:\/\/moreholiday.es\/#\/schema\/logo\/image\/\",\"url\":\"https:\/\/moreholiday.es\/wp-content\/uploads\/2021\/03\/MH-logo-2-linies_Mesa-de-trabajo-1-1.png\",\"contentUrl\":\"https:\/\/moreholiday.es\/wp-content\/uploads\/2021\/03\/MH-logo-2-linies_Mesa-de-trabajo-1-1.png\",\"width\":1576,\"height\":626,\"caption\":\"More Holiday\"},\"image\":{\"@id\":\"https:\/\/moreholiday.es\/#\/schema\/logo\/image\/\"}}]}<\/script>\n<!-- \/ Yoast SEO plugin. -->","yoast_head_json":{"title":"Villas \u00e0 Louer sur la Costa Brava avec Piscine I More Holiday","description":"Louez une villa pour vacances en famille sur la Costa Brava. D\u00e9couvrez nos villas de luxe avec piscine, jardin et \u00e0 proximit\u00e9 de la plage.","robots":{"index":"index","follow":"follow","max-snippet":"max-snippet:-1","max-image-preview":"max-image-preview:large","max-video-preview":"max-video-preview:-1"},"canonical":"https:\/\/moreholiday.es\/fr\/maison-de-campagne\/","og_locale":"fr_FR","og_type":"article","og_title":"Villas \u00e0 Louer sur la Costa Brava avec Piscine I More Holiday","og_description":"Louez une villa pour vacances en famille sur la Costa Brava. D\u00e9couvrez nos villas de luxe avec piscine, jardin et \u00e0 proximit\u00e9 de la plage.","og_url":"https:\/\/moreholiday.es\/fr\/maison-de-campagne\/","og_site_name":"More Holiday","article_modified_time":"2023-05-12T17:13:46+00:00","twitter_card":"summary_large_image","twitter_misc":{"Dur\u00e9e de lecture estim\u00e9e":"1 minute"},"schema":{"@context":"https:\/\/schema.org","@graph":[{"@type":"WebPage","@id":"https:\/\/moreholiday.es\/fr\/maison-de-campagne\/","url":"https:\/\/moreholiday.es\/fr\/maison-de-campagne\/","name":"Villas \u00e0 Louer sur la Costa Brava avec Piscine I More Holiday","isPartOf":{"@id":"https:\/\/moreholiday.es\/#website"},"datePublished":"2021-02-04T11:17:30+00:00","dateModified":"2023-05-12T17:13:46+00:00","description":"Louez une villa pour vacances en famille sur la Costa Brava. D\u00e9couvrez nos villas de luxe avec piscine, jardin et \u00e0 proximit\u00e9 de la plage.","breadcrumb":{"@id":"https:\/\/moreholiday.es\/fr\/maison-de-campagne\/#breadcrumb"},"inLanguage":"fr-FR","potentialAction":[{"@type":"ReadAction","target":["https:\/\/moreholiday.es\/fr\/maison-de-campagne\/"]}]},{"@type":"BreadcrumbList","@id":"https:\/\/moreholiday.es\/fr\/maison-de-campagne\/#breadcrumb","itemListElement":[{"@type":"ListItem","position":1,"name":"Home","item":"https:\/\/moreholiday.es\/fr\/"},{"@type":"ListItem","position":2,"name":"Villas sur la Costa Brava"}]},{"@type":"WebSite","@id":"https:\/\/moreholiday.es\/#website","url":"https:\/\/moreholiday.es\/","name":"More Holiday","description":"Allotjaments per a les eves vacances","publisher":{"@id":"https:\/\/moreholiday.es\/#organization"},"potentialAction":[{"@type":"SearchAction","target":{"@type":"EntryPoint","urlTemplate":"https:\/\/moreholiday.es\/?s={search_term_string}"},"query-input":{"@type":"PropertyValueSpecification","valueRequired":true,"valueName":"search_term_string"}}],"inLanguage":"fr-FR"},{"@type":"Organization","@id":"https:\/\/moreholiday.es\/#organization","name":"More Holiday","url":"https:\/\/moreholiday.es\/","logo":{"@type":"ImageObject","inLanguage":"fr-FR","@id":"https:\/\/moreholiday.es\/#\/schema\/logo\/image\/","url":"https:\/\/moreholiday.es\/wp-content\/uploads\/2021\/03\/MH-logo-2-linies_Mesa-de-trabajo-1-1.png","contentUrl":"https:\/\/moreholiday.es\/wp-content\/uploads\/2021\/03\/MH-logo-2-linies_Mesa-de-trabajo-1-1.png","width":1576,"height":626,"caption":"More Holiday"},"image":{"@id":"https:\/\/moreholiday.es\/#\/schema\/logo\/image\/"}}]}},"_links":{"self":[{"href":"https:\/\/moreholiday.es\/fr\/wp-json\/wp\/v2\/pages\/43414","targetHints":{"allow":["GET"]}}],"collection":[{"href":"https:\/\/moreholiday.es\/fr\/wp-json\/wp\/v2\/pages"}],"about":[{"href":"https:\/\/moreholiday.es\/fr\/wp-json\/wp\/v2\/types\/page"}],"author":[{"embeddable":true,"href":"https:\/\/moreholiday.es\/fr\/wp-json\/wp\/v2\/users\/2"}],"replies":[{"embeddable":true,"href":"https:\/\/moreholiday.es\/fr\/wp-json\/wp\/v2\/comments?post=43414"}],"version-history":[{"count":14,"href":"https:\/\/moreholiday.es\/fr\/wp-json\/wp\/v2\/pages\/43414\/revisions"}],"predecessor-version":[{"id":57224,"href":"https:\/\/moreholiday.es\/fr\/wp-json\/wp\/v2\/pages\/43414\/revisions\/57224"}],"wp:attachment":[{"href":"https:\/\/moreholiday.es\/fr\/wp-json\/wp\/v2\/media?parent=43414"}],"curies":[{"name":"wp","href":"https:\/\/api.w.org\/{rel}","templated":true}]}}