{"id":42568,"date":"2021-01-31T15:57:53","date_gmt":"2021-01-31T15:57:53","guid":{"rendered":"https:\/\/moreholiday.es\/experiencies\/"},"modified":"2022-07-21T07:27:15","modified_gmt":"2022-07-21T07:27:15","slug":"experiencies","status":"publish","type":"page","link":"https:\/\/moreholiday.es\/fr\/experiencies\/","title":{"rendered":"MH Experience"},"content":{"rendered":"\t\t<div data-elementor-type=\"wp-page\" data-elementor-id=\"42568\" class=\"elementor elementor-42568 elementor-4\" data-elementor-post-type=\"page\">\n\t\t\t\t\t\t<section class=\"elementor-section elementor-top-section elementor-element elementor-element-566acf95 elementor-section-boxed elementor-section-height-default elementor-section-height-default\" data-id=\"566acf95\" data-element_type=\"section\" data-e-type=\"section\">\n\t\t\t\t\t\t<div class=\"elementor-container elementor-column-gap-default\">\n\t\t\t\t\t<div class=\"elementor-column elementor-col-100 elementor-top-column elementor-element elementor-element-52b6f10b\" data-id=\"52b6f10b\" data-element_type=\"column\" data-e-type=\"column\">\n\t\t\t<div class=\"elementor-widget-wrap elementor-element-populated\">\n\t\t\t\t\t\t<div class=\"elementor-element elementor-element-3bdd86f elementor-widget elementor-widget-spacer\" data-id=\"3bdd86f\" data-element_type=\"widget\" data-e-type=\"widget\" data-widget_type=\"spacer.default\">\n\t\t\t\t<div class=\"elementor-widget-container\">\n\t\t\t\t\t\t\t<div class=\"elementor-spacer\">\n\t\t\t<div class=\"elementor-spacer-inner\"><\/div>\n\t\t<\/div>\n\t\t\t\t\t\t<\/div>\n\t\t\t\t<\/div>\n\t\t\t\t<div class=\"elementor-element elementor-element-eddc8aa elementor-widget elementor-widget-heading\" data-id=\"eddc8aa\" data-element_type=\"widget\" data-e-type=\"widget\" data-widget_type=\"heading.default\">\n\t\t\t\t<div class=\"elementor-widget-container\">\n\t\t\t\t\t<h2 class=\"elementor-heading-title elementor-size-default\">MH Experience<\/h2>\t\t\t\t<\/div>\n\t\t\t\t<\/div>\n\t\t\t\t<div class=\"elementor-element elementor-element-3d79b1e5 elementor-widget elementor-widget-text-editor\" data-id=\"3d79b1e5\" data-element_type=\"widget\" data-e-type=\"widget\" data-widget_type=\"text-editor.default\">\n\t\t\t\t<div class=\"elementor-widget-container\">\n\t\t\t\t\t\t\t\t\t<p>Nous voulons non seulement que vous passiez des vacances extraordinaires, mais aussi que vous profitiez d&rsquo;exp\u00e9riences qui compl\u00e8tent vos s\u00e9jours. C&rsquo;est en vivat le territoire qu&rsquo;on en profite le plus.<\/p>\t\t\t\t\t\t\t\t<\/div>\n\t\t\t\t<\/div>\n\t\t\t\t\t<\/div>\n\t\t<\/div>\n\t\t\t\t\t<\/div>\n\t\t<\/section>\n\t\t\t\t<section class=\"elementor-section elementor-top-section elementor-element elementor-element-e4c7ced elementor-section-boxed elementor-section-height-default elementor-section-height-default\" data-id=\"e4c7ced\" data-element_type=\"section\" data-e-type=\"section\">\n\t\t\t\t\t\t<div class=\"elementor-container elementor-column-gap-default\">\n\t\t\t\t\t<div class=\"elementor-column elementor-col-33 elementor-top-column elementor-element elementor-element-75a0b1f\" data-id=\"75a0b1f\" data-element_type=\"column\" data-e-type=\"column\">\n\t\t\t<div class=\"elementor-widget-wrap elementor-element-populated\">\n\t\t\t\t\t\t<div class=\"elementor-element elementor-element-0ce1da6 elementor-cta--skin-cover elementor-cta--valign-bottom elementor-bg-transform elementor-bg-transform-zoom-in elementor-widget elementor-widget-call-to-action\" data-id=\"0ce1da6\" data-element_type=\"widget\" data-e-type=\"widget\" data-widget_type=\"call-to-action.default\">\n\t\t\t\t<div class=\"elementor-widget-container\">\n\t\t\t\t\t\t\t<a class=\"elementor-cta\" href=\"https:\/\/moreholiday.es\/en\/wellness-spa\/\">\n\t\t\t\t\t<div class=\"elementor-cta__bg-wrapper\">\n\t\t\t\t<div class=\"elementor-cta__bg elementor-bg\" style=\"background-image: url(https:\/\/moreholiday.es\/wp-content\/uploads\/2021\/02\/24-Apr-11-SFO-9441-1024x649.jpg);\" role=\"img\" aria-label=\"24-Apr-11-SFO-9441\"><\/div>\n\t\t\t\t<div class=\"elementor-cta__bg-overlay\"><\/div>\n\t\t\t<\/div>\n\t\t\t\t\t\t\t<div class=\"elementor-cta__content\">\n\t\t\t\t\n\t\t\t\t\t\t\t\t\t<h2 class=\"elementor-cta__title elementor-cta__content-item elementor-content-item\">\n\t\t\t\t\t\tBien-\u00eatre &amp; Spa\t\t\t\t\t<\/h2>\n\t\t\t\t\n\t\t\t\t\n\t\t\t\t\t\t\t<\/div>\n\t\t\t\t\t\t<\/a>\n\t\t\t\t\t\t<\/div>\n\t\t\t\t<\/div>\n\t\t\t\t\t<\/div>\n\t\t<\/div>\n\t\t\t\t<div class=\"elementor-column elementor-col-33 elementor-top-column elementor-element elementor-element-a90ddf5\" data-id=\"a90ddf5\" data-element_type=\"column\" data-e-type=\"column\">\n\t\t\t<div class=\"elementor-widget-wrap elementor-element-populated\">\n\t\t\t\t\t\t<div class=\"elementor-element elementor-element-4daf9f6 elementor-cta--skin-cover elementor-cta--valign-bottom elementor-bg-transform elementor-bg-transform-zoom-in elementor-widget elementor-widget-call-to-action\" data-id=\"4daf9f6\" data-element_type=\"widget\" data-e-type=\"widget\" data-widget_type=\"call-to-action.default\">\n\t\t\t\t<div class=\"elementor-widget-container\">\n\t\t\t\t\t\t\t<a class=\"elementor-cta\" href=\"https:\/\/moreholiday.es\/en\/nature-relax-horses\/\">\n\t\t\t\t\t<div class=\"elementor-cta__bg-wrapper\">\n\t\t\t\t<div class=\"elementor-cta__bg elementor-bg\" style=\"background-image: url(https:\/\/moreholiday.es\/wp-content\/uploads\/2021\/02\/untitled-2-500x300-1.jpg);\" role=\"img\" aria-label=\"untitled-2-500x300\"><\/div>\n\t\t\t\t<div class=\"elementor-cta__bg-overlay\"><\/div>\n\t\t\t<\/div>\n\t\t\t\t\t\t\t<div class=\"elementor-cta__content\">\n\t\t\t\t\n\t\t\t\t\t\t\t\t\t<h2 class=\"elementor-cta__title elementor-cta__content-item elementor-content-item\">\n\t\t\t\t\t\tNature, d\u00e9tente &amp; chevaux\t\t\t\t\t<\/h2>\n\t\t\t\t\n\t\t\t\t\n\t\t\t\t\t\t\t<\/div>\n\t\t\t\t\t\t<\/a>\n\t\t\t\t\t\t<\/div>\n\t\t\t\t<\/div>\n\t\t\t\t\t<\/div>\n\t\t<\/div>\n\t\t\t\t<div class=\"elementor-column elementor-col-33 elementor-top-column elementor-element elementor-element-09b8a73\" data-id=\"09b8a73\" data-element_type=\"column\" data-e-type=\"column\">\n\t\t\t<div class=\"elementor-widget-wrap elementor-element-populated\">\n\t\t\t\t\t\t<div class=\"elementor-element elementor-element-68521e9 elementor-cta--skin-cover elementor-cta--valign-bottom elementor-bg-transform elementor-bg-transform-zoom-in elementor-widget elementor-widget-call-to-action\" data-id=\"68521e9\" data-element_type=\"widget\" data-e-type=\"widget\" data-widget_type=\"call-to-action.default\">\n\t\t\t\t<div class=\"elementor-widget-container\">\n\t\t\t\t\t\t\t<a class=\"elementor-cta\" href=\"https:\/\/moreholiday.es\/en\/photographic-routes\/\">\n\t\t\t\t\t<div class=\"elementor-cta__bg-wrapper\">\n\t\t\t\t<div class=\"elementor-cta__bg elementor-bg\" style=\"background-image: url(https:\/\/moreholiday.es\/wp-content\/uploads\/2021\/02\/erik-mclean-gYj5R9bePZY-unsplash-1024x683.jpg);\" role=\"img\" aria-label=\"erik-mclean-gYj5R9bePZY-unsplash\"><\/div>\n\t\t\t\t<div class=\"elementor-cta__bg-overlay\"><\/div>\n\t\t\t<\/div>\n\t\t\t\t\t\t\t<div class=\"elementor-cta__content\">\n\t\t\t\t\n\t\t\t\t\t\t\t\t\t<h2 class=\"elementor-cta__title elementor-cta__content-item elementor-content-item\">\n\t\t\t\t\t\tItin\u00e9raires photographiques \u00e0 G\u00e9rone\t\t\t\t\t<\/h2>\n\t\t\t\t\n\t\t\t\t\n\t\t\t\t\t\t\t<\/div>\n\t\t\t\t\t\t<\/a>\n\t\t\t\t\t\t<\/div>\n\t\t\t\t<\/div>\n\t\t\t\t\t<\/div>\n\t\t<\/div>\n\t\t\t\t\t<\/div>\n\t\t<\/section>\n\t\t\t\t<\/div>\n\t\t","protected":false},"excerpt":{"rendered":"<p>MH Experience Nous voulons non seulement que vous passiez des vacances extraordinaires, mais aussi que vous profitiez d&rsquo;exp\u00e9riences qui compl\u00e8tent vos s\u00e9jours. C&rsquo;est en vivat le territoire qu&rsquo;on en profite le plus. Bien-\u00eatre &#038; Spa Nature, d\u00e9tente &#038; chevaux Itin\u00e9raires photographiques \u00e0 G\u00e9rone<\/p>\n","protected":false},"author":2,"featured_media":0,"parent":0,"menu_order":0,"comment_status":"closed","ping_status":"open","template":"elementor_header_footer","meta":{"_acf_changed":false,"footnotes":""},"class_list":["post-42568","page","type-page","status-publish","hentry"],"acf":[],"yoast_head":"<!-- This site is optimized with the Yoast SEO plugin v27.1 - https:\/\/yoast.com\/product\/yoast-seo-wordpress\/ -->\n<title>MH Experience I Costa Brava &amp; Pyr\u00e9n\u00e9es I More Holiday<\/title>\n<meta name=\"description\" content=\"Vivez de magnifiques exp\u00e9riences sur la Costa Brava et les Pyr\u00e9n\u00e9es avec More Holiday. Parcours photographiques, Spa, \u00e9quitation...\" \/>\n<meta name=\"robots\" content=\"index, follow, max-snippet:-1, max-image-preview:large, max-video-preview:-1\" \/>\n<link rel=\"canonical\" href=\"https:\/\/moreholiday.es\/fr\/experiencies\/\" \/>\n<meta property=\"og:locale\" content=\"fr_FR\" \/>\n<meta property=\"og:type\" content=\"article\" \/>\n<meta property=\"og:title\" content=\"MH Experience I Costa Brava &amp; Pyr\u00e9n\u00e9es I More Holiday\" \/>\n<meta property=\"og:description\" content=\"Vivez de magnifiques exp\u00e9riences sur la Costa Brava et les Pyr\u00e9n\u00e9es avec More Holiday. Parcours photographiques, Spa, \u00e9quitation...\" \/>\n<meta property=\"og:url\" content=\"https:\/\/moreholiday.es\/fr\/experiencies\/\" \/>\n<meta property=\"og:site_name\" content=\"More Holiday\" \/>\n<meta property=\"article:modified_time\" content=\"2022-07-21T07:27:15+00:00\" \/>\n<meta name=\"twitter:card\" content=\"summary_large_image\" \/>\n<meta name=\"twitter:label1\" content=\"Dur\u00e9e de lecture estim\u00e9e\" \/>\n\t<meta name=\"twitter:data1\" content=\"1 minute\" \/>\n<script type=\"application\/ld+json\" class=\"yoast-schema-graph\">{\"@context\":\"https:\/\/schema.org\",\"@graph\":[{\"@type\":\"WebPage\",\"@id\":\"https:\/\/moreholiday.es\/fr\/experiencies\/\",\"url\":\"https:\/\/moreholiday.es\/fr\/experiencies\/\",\"name\":\"MH Experience I Costa Brava & Pyr\u00e9n\u00e9es I More Holiday\",\"isPartOf\":{\"@id\":\"https:\/\/moreholiday.es\/#website\"},\"datePublished\":\"2021-01-31T15:57:53+00:00\",\"dateModified\":\"2022-07-21T07:27:15+00:00\",\"description\":\"Vivez de magnifiques exp\u00e9riences sur la Costa Brava et les Pyr\u00e9n\u00e9es avec More Holiday. Parcours photographiques, Spa, \u00e9quitation...\",\"breadcrumb\":{\"@id\":\"https:\/\/moreholiday.es\/fr\/experiencies\/#breadcrumb\"},\"inLanguage\":\"fr-FR\",\"potentialAction\":[{\"@type\":\"ReadAction\",\"target\":[\"https:\/\/moreholiday.es\/fr\/experiencies\/\"]}]},{\"@type\":\"BreadcrumbList\",\"@id\":\"https:\/\/moreholiday.es\/fr\/experiencies\/#breadcrumb\",\"itemListElement\":[{\"@type\":\"ListItem\",\"position\":1,\"name\":\"Home\",\"item\":\"https:\/\/moreholiday.es\/fr\/\"},{\"@type\":\"ListItem\",\"position\":2,\"name\":\"MH Experience\"}]},{\"@type\":\"WebSite\",\"@id\":\"https:\/\/moreholiday.es\/#website\",\"url\":\"https:\/\/moreholiday.es\/\",\"name\":\"More Holiday\",\"description\":\"Allotjaments per a les eves vacances\",\"publisher\":{\"@id\":\"https:\/\/moreholiday.es\/#organization\"},\"potentialAction\":[{\"@type\":\"SearchAction\",\"target\":{\"@type\":\"EntryPoint\",\"urlTemplate\":\"https:\/\/moreholiday.es\/?s={search_term_string}\"},\"query-input\":{\"@type\":\"PropertyValueSpecification\",\"valueRequired\":true,\"valueName\":\"search_term_string\"}}],\"inLanguage\":\"fr-FR\"},{\"@type\":\"Organization\",\"@id\":\"https:\/\/moreholiday.es\/#organization\",\"name\":\"More Holiday\",\"url\":\"https:\/\/moreholiday.es\/\",\"logo\":{\"@type\":\"ImageObject\",\"inLanguage\":\"fr-FR\",\"@id\":\"https:\/\/moreholiday.es\/#\/schema\/logo\/image\/\",\"url\":\"https:\/\/moreholiday.es\/wp-content\/uploads\/2021\/03\/MH-logo-2-linies_Mesa-de-trabajo-1-1.png\",\"contentUrl\":\"https:\/\/moreholiday.es\/wp-content\/uploads\/2021\/03\/MH-logo-2-linies_Mesa-de-trabajo-1-1.png\",\"width\":1576,\"height\":626,\"caption\":\"More Holiday\"},\"image\":{\"@id\":\"https:\/\/moreholiday.es\/#\/schema\/logo\/image\/\"}}]}<\/script>\n<!-- \/ Yoast SEO plugin. -->","yoast_head_json":{"title":"MH Experience I Costa Brava & Pyr\u00e9n\u00e9es I More Holiday","description":"Vivez de magnifiques exp\u00e9riences sur la Costa Brava et les Pyr\u00e9n\u00e9es avec More Holiday. Parcours photographiques, Spa, \u00e9quitation...","robots":{"index":"index","follow":"follow","max-snippet":"max-snippet:-1","max-image-preview":"max-image-preview:large","max-video-preview":"max-video-preview:-1"},"canonical":"https:\/\/moreholiday.es\/fr\/experiencies\/","og_locale":"fr_FR","og_type":"article","og_title":"MH Experience I Costa Brava & Pyr\u00e9n\u00e9es I More Holiday","og_description":"Vivez de magnifiques exp\u00e9riences sur la Costa Brava et les Pyr\u00e9n\u00e9es avec More Holiday. Parcours photographiques, Spa, \u00e9quitation...","og_url":"https:\/\/moreholiday.es\/fr\/experiencies\/","og_site_name":"More Holiday","article_modified_time":"2022-07-21T07:27:15+00:00","twitter_card":"summary_large_image","twitter_misc":{"Dur\u00e9e de lecture estim\u00e9e":"1 minute"},"schema":{"@context":"https:\/\/schema.org","@graph":[{"@type":"WebPage","@id":"https:\/\/moreholiday.es\/fr\/experiencies\/","url":"https:\/\/moreholiday.es\/fr\/experiencies\/","name":"MH Experience I Costa Brava & Pyr\u00e9n\u00e9es I More Holiday","isPartOf":{"@id":"https:\/\/moreholiday.es\/#website"},"datePublished":"2021-01-31T15:57:53+00:00","dateModified":"2022-07-21T07:27:15+00:00","description":"Vivez de magnifiques exp\u00e9riences sur la Costa Brava et les Pyr\u00e9n\u00e9es avec More Holiday. Parcours photographiques, Spa, \u00e9quitation...","breadcrumb":{"@id":"https:\/\/moreholiday.es\/fr\/experiencies\/#breadcrumb"},"inLanguage":"fr-FR","potentialAction":[{"@type":"ReadAction","target":["https:\/\/moreholiday.es\/fr\/experiencies\/"]}]},{"@type":"BreadcrumbList","@id":"https:\/\/moreholiday.es\/fr\/experiencies\/#breadcrumb","itemListElement":[{"@type":"ListItem","position":1,"name":"Home","item":"https:\/\/moreholiday.es\/fr\/"},{"@type":"ListItem","position":2,"name":"MH Experience"}]},{"@type":"WebSite","@id":"https:\/\/moreholiday.es\/#website","url":"https:\/\/moreholiday.es\/","name":"More Holiday","description":"Allotjaments per a les eves vacances","publisher":{"@id":"https:\/\/moreholiday.es\/#organization"},"potentialAction":[{"@type":"SearchAction","target":{"@type":"EntryPoint","urlTemplate":"https:\/\/moreholiday.es\/?s={search_term_string}"},"query-input":{"@type":"PropertyValueSpecification","valueRequired":true,"valueName":"search_term_string"}}],"inLanguage":"fr-FR"},{"@type":"Organization","@id":"https:\/\/moreholiday.es\/#organization","name":"More Holiday","url":"https:\/\/moreholiday.es\/","logo":{"@type":"ImageObject","inLanguage":"fr-FR","@id":"https:\/\/moreholiday.es\/#\/schema\/logo\/image\/","url":"https:\/\/moreholiday.es\/wp-content\/uploads\/2021\/03\/MH-logo-2-linies_Mesa-de-trabajo-1-1.png","contentUrl":"https:\/\/moreholiday.es\/wp-content\/uploads\/2021\/03\/MH-logo-2-linies_Mesa-de-trabajo-1-1.png","width":1576,"height":626,"caption":"More Holiday"},"image":{"@id":"https:\/\/moreholiday.es\/#\/schema\/logo\/image\/"}}]}},"_links":{"self":[{"href":"https:\/\/moreholiday.es\/fr\/wp-json\/wp\/v2\/pages\/42568","targetHints":{"allow":["GET"]}}],"collection":[{"href":"https:\/\/moreholiday.es\/fr\/wp-json\/wp\/v2\/pages"}],"about":[{"href":"https:\/\/moreholiday.es\/fr\/wp-json\/wp\/v2\/types\/page"}],"author":[{"embeddable":true,"href":"https:\/\/moreholiday.es\/fr\/wp-json\/wp\/v2\/users\/2"}],"replies":[{"embeddable":true,"href":"https:\/\/moreholiday.es\/fr\/wp-json\/wp\/v2\/comments?post=42568"}],"version-history":[{"count":10,"href":"https:\/\/moreholiday.es\/fr\/wp-json\/wp\/v2\/pages\/42568\/revisions"}],"predecessor-version":[{"id":52714,"href":"https:\/\/moreholiday.es\/fr\/wp-json\/wp\/v2\/pages\/42568\/revisions\/52714"}],"wp:attachment":[{"href":"https:\/\/moreholiday.es\/fr\/wp-json\/wp\/v2\/media?parent=42568"}],"curies":[{"name":"wp","href":"https:\/\/api.w.org\/{rel}","templated":true}]}}