{"id":60011,"date":"2023-11-08T08:43:26","date_gmt":"2023-11-08T08:43:26","guid":{"rendered":"https:\/\/moreholiday.es\/?page_id=60011"},"modified":"2024-06-20T08:43:03","modified_gmt":"2024-06-20T08:43:03","slug":"politica-de-cookies","status":"publish","type":"page","link":"https:\/\/moreholiday.es\/es\/politica-de-cookies\/","title":{"rendered":"*Pol\u00edtica de cookies"},"content":{"rendered":"\n<p>El sitio web <a href=\"https:\/\/moreholiday.es\/\">https:\/\/moreholiday.es\/<\/a> es responsabilidad de MOREHOLIDAY, S.L. (en adelante Moreholiday), con domicilio social en C\/Riu G\u00fcell, 58 (Edifici CINC) &#8211; 17001 &#8211; Girona (Girona) con CIF: B55358147 y direcci\u00f3n de correo electr\u00f3nico <a href=\"mailto:info@moreholidays.es\">info@moreholidays.es<\/a>\u00a0<\/p>\n\n\n\n<p>Consecuentemente, la utilizaci\u00f3n de cookies se le aplica la presente \u00abPol\u00edtica de Uso de Cookies\u00bb que ha sido elaborada con el fin de que el usuario quede informado de los diferentes usos que se llevan a cabo en estos dispositivos y, pueda consentir su tratamiento de manera informada, de conformidad con lo previsto en la legislaci\u00f3n vigente.<\/p>\n\n\n\n<p><\/p>\n\n\n\n<p><strong>\u00bfQu\u00e9 es una cookie?<\/strong><\/p>\n\n\n\n<p>Una cookie es un fichero que se descarga en su ordenador al acceder el Usuario a determinadas p\u00e1ginas web. Las cookies permiten a una p\u00e1gina web, entre otras cosas, almacenar y recuperar informaci\u00f3n sobre los h\u00e1bitos de navegaci\u00f3n de un usuario o de su equipo y, dependiendo de la informaci\u00f3n que contengan y de la forma en que utilice su equipo, pueden utilizarse para reconocer al usuario.<\/p>\n\n\n\n<p><\/p>\n\n\n\n<p><strong>\u00bfQu\u00e9 tipos de cookies existen?<\/strong><\/p>\n\n\n\n<p>Existen varios tipos de cookies en funci\u00f3n de distintos criterios:<\/p>\n\n\n\n<p>En funci\u00f3n del tiempo que permanecen activadas:<\/p>\n\n\n\n<ul class=\"wp-block-list\">\n<li>Cookies de sesi\u00f3n. Son un tipo de cookies dise\u00f1adas para recabar y almacenar datos mientras el usuario accede a una p\u00e1gina web.<\/li>\n\n\n\n<li>Cookies permanentes: Son un tipo de cookies en el que los datos siguen almacenados en el terminal y pueden ser accedidos y tratados durante un periodo definido por el responsable de la cookie.<\/li>\n<\/ul>\n\n\n\n<p>En funci\u00f3n de la titularidad:<\/p>\n\n\n\n<ul class=\"wp-block-list\">\n<li>Cookies propias. Son las que pertenecen a Moreholiday<\/li>\n\n\n\n<li>Cookies de terceros. Son aquellas cuya titularidad es de un tercero, distinto de Moreholiday, que ser\u00e1 quien trate la informaci\u00f3n recabada.<\/li>\n<\/ul>\n\n\n\n<p>En funci\u00f3n de su finalidad:<\/p>\n\n\n\n<ul class=\"wp-block-list\">\n<li>Cookies t\u00e9cnicas y\/o de personalizaci\u00f3n. Son aqu\u00e9llas que sirven para mejorar el servicio, localizar incidencias, reconocer al usuario, etc.<\/li>\n\n\n\n<li>Cookies de an\u00e1lisis y\/o de publicidad. Son aqu\u00e9llas que sirven para analizar informaci\u00f3n sobre la navegaci\u00f3n y ofrecer publicidad, sea gen\u00e9rica o personalizada.<\/li>\n<\/ul>\n\n\n\n<p><\/p>\n\n\n\n<p><strong>\u00bfQu\u00e9 tipos de cookies son m\u00e1s habituales?<\/strong><\/p>\n\n\n\n<p>T\u00c9CNICAS: Son cookies PROPIAS, de sesi\u00f3n, de identificaci\u00f3n, de configuraci\u00f3n y de registro, estrictamente necesarias para la identificaci\u00f3n del usuario y para la prestaci\u00f3n de los servicios solicitados por el usuario. La informaci\u00f3n obtenida a trav\u00e9s de las mismas es tratada \u00fanicamente por Moreholiday<\/p>\n\n\n\n<p>DE AN\u00c1LISIS: Son aqu\u00e9llas que, bien tratadas por nosotros o por terceros, nos permiten cuantificar el n\u00famero de usuarios y as\u00ed realizar la medici\u00f3n y an\u00e1lisis estad\u00edstico de la utilizaci\u00f3n que hacen los usuarios del servicio ofertado. Para ello se analiza su navegaci\u00f3n en nuestra p\u00e1gina web con el fin de mejorar la oferta de productos o servicios que le ofrecemos.<\/p>\n\n\n\n<p>DE PUBLICIDAD: Son aqu\u00e9llas que, bien tratadas por nosotros o por terceros, permiten la gesti\u00f3n, de la forma m\u00e1s eficaz posible, de los espacios publicitarios que se pudieran incluir en nuestra p\u00e1gina web y\/o almacenan informaci\u00f3n del comportamiento de los usuarios obtenida a trav\u00e9s de la observaci\u00f3n continuada. Gracias a ellas, podemos conocer los h\u00e1bitos de navegaci\u00f3n en internet y mostrarle publicidad relacionada con su perfil de navegaci\u00f3n.<\/p>\n\n\n\n<p><\/p>\n\n\n\n<p><strong>\u00bfPara qu\u00e9 sirve una cookie?<\/strong><\/p>\n\n\n\n<p>Las cookies se utilizan para poder ofrecerle servicios y\/o publicidad personalizados, para analizar el funcionamiento del sistema, reconocerle cuando accede como usuario, localizar incidencias y problemas que puedan surgir y solventarlos en el menor plazo posible, as\u00ed como analizar y medir el uso y actividad de la p\u00e1gina web.<\/p>\n\n\n\n<p><\/p>\n\n\n\n<p><strong>\u00bfSe necesita mi consentimiento para implantar una cookie?<\/strong><\/p>\n\n\n\n<p>No se precisa el consentimiento para la instalaci\u00f3n de cookies t\u00e9cnicas o las que sean estrictamente necesarias para la prestaci\u00f3n de un servicio de la sociedad de la informaci\u00f3n expresamente solicitado por el destinatario.<\/p>\n\n\n\n<p>Para el resto, s\u00ed se precisa del consentimiento del interesado que se puede solicitar por distintas v\u00edas. En el caso de Moreholiday, se entender\u00e1 otorgado si Vd. sigue utilizando la p\u00e1gina web, sin perjuicio de que en cualquier momento podr\u00e1 revocarlo y desactivar las cookies.<\/p>\n\n\n\n<p><\/p>\n\n\n\n<p><strong>\u00bfQu\u00e9 tipos de cookies utiliza esta p\u00e1gina web?<\/strong><\/p>\n\n\n\n<p>Cookies t\u00e9cnicas: Son aquellas creadas y gestionadas \u00fanicamente por nosotros, y permiten al usuario la navegaci\u00f3n a trav\u00e9s de nuestra p\u00e1gina web y la utilizaci\u00f3n de las diferentes opciones como, por ejemplo, identificar la sesi\u00f3n, personalizar informaci\u00f3n o acceder a zonas de acceso restringido.<\/p>\n\n\n\n<p>El lugar web de Moreholiday, utiliza Google Analytics, una herramienta de anal\u00edtica web desarrollada por Google, que ayuda a los propietarios de sitios web a medir c\u00f3mo interact\u00faan los usuarios con el contenido del sitio.&nbsp; Para la prestaci\u00f3n de estos servicios, Google Analytics utilizan cookies que recopilan la informaci\u00f3n, incluida la direcci\u00f3n IP del usuario que ser\u00e1 trasmitida, tratada y almacenada por Google en los t\u00e9rminos fijados en la web Google.com.<\/p>\n\n\n\n<p>Para m\u00e1s informaci\u00f3n ver:&nbsp;<\/p>\n\n\n\n<p><a href=\"https:\/\/developers.google.com\/analytics\/devguides\/collection\/analyticsjs\/cookie-usage\">https:\/\/developers.google.com\/analytics\/devguides\/collection\/analyticsjs\/cookie-usage<\/a><\/p>\n\n\n\n<p>El dominio web <a href=\"https:\/\/moreholiday.es\/\">https:\/\/moreholiday.es\/<\/a> utiliza los siguientes tipos de cookies:<\/p>\n\n\n\n<figure class=\"wp-block-table\"><table><tbody><tr><td><strong>Propiedad<\/strong><\/td><td><strong>Nombre de la cookie<\/strong><\/td><td><strong>Finalidad<\/strong><\/td><td><strong>Expira<\/strong><\/td><\/tr><tr><td><a href=\"http:\/\/www.moreholidays.es\">www.moreholidays.es<\/a><\/td><td>_fbp<br><br><\/td><td>Cookie necesaria para proporcionar una serie de productos publicitarios.<br><\/td><td>3 meses<\/td><\/tr><tr><td><a href=\"http:\/\/www.moreholidays.es\">www.moreholidays.es<\/a><\/td><td>_ga<br><\/td><td>Habilita la funci\u00f3n de control de visitas \u00fanicas. La primera vez que un usuario entra en un sitio web a trav\u00e9s de un navegador se instalar\u00e1 esta cookie. Cuando este usuario vuelva a entrar en la web con el mismo navegador, la cookie considerar\u00e1 que es el mismo usuario. S\u00f3lo en el caso que el usuario cambie de navegador, se considerar\u00e1 que es otro usuario.<br><\/td><td>2 a\u00f1os<\/td><\/tr><tr><td><a href=\"http:\/\/www.moreholidays.es\">www.moreholidays.es<\/a><\/td><td>_gcl_au<br><\/td><td>Usada por Google para experimentar con la eficiencia de los anuncios en los sitios web.<br><\/td><td>3 meses<\/td><\/tr><tr><td><a href=\"http:\/\/www.moreholidays.es\">www.moreholidays.es<\/a><\/td><td>_gid<br><\/td><td>Se usa para distinguir a los usuarios.<br><\/td><td>24 horas<\/td><\/tr><tr><td><a href=\"http:\/\/www.moreholidays.es\">www.moreholidays.es<\/a><\/td><td>PHPSESSID<br><\/td><td>A trav\u00e9s del contenido de esta cookie el servidor identifica el espacio donde est\u00e1n almacenados todos los contenidos de la sesi\u00f3n<br><\/td><td>Cuando se cierra la web<\/td><\/tr><\/tbody><\/table><\/figure>\n\n\n\n<p><strong>\u00bfC\u00f3mo desactivar cookies?<\/strong><\/p>\n\n\n\n<p>Puede permitir, bloquear o eliminar las cookies instaladas en su equipo mediante la configuraci\u00f3n de las opciones del navegador instalado en su ordenador.<\/p>\n\n\n\n<ul class=\"wp-block-list\">\n<li>Firefox : <a href=\"https:\/\/support.mozilla.org\/es\/kb\/habilitar-y-deshabilitar-cookies-sitios-web-rastrear-preferencias?redirectlocale=es&amp;redirectslug=habilitar-y-deshabilitar-cookies-que-los-sitios-we\">https:\/\/support.mozilla.org\/es\/kb\/habilitar-y-deshabilitar-cookies-sitios-web-rastrear-preferencias?redirectlocale=es&amp;redirectslug=habilitar-y-deshabilitar-cookies-que-los-sitios-we<\/a><\/li>\n\n\n\n<li>Chrome: <a href=\"https:\/\/support.google.com\/chrome\/answer\/95647?hl=es\">https:\/\/support.google.com\/chrome\/answer\/95647?hl=es<\/a><\/li>\n<\/ul>\n\n\n\n<ul class=\"wp-block-list\">\n<li>Internet Explorer: <a href=\"https:\/\/support.microsoft.com\/es-es\/products\/windows?os=windows-10\">https:\/\/support.microsoft.com\/es-es\/products\/windows?os=windows-10<\/a><\/li>\n<\/ul>\n\n\n\n<ul class=\"wp-block-list\">\n<li>Safari: <a href=\"https:\/\/support.apple.com\/kb\/ph5042?locale=es_ES\">https:\/\/support.apple.com\/kb\/ph5042?locale=es_ES<\/a><\/li>\n<\/ul>\n\n\n\n<ul class=\"wp-block-list\">\n<li>Safari para iOS: <a href=\"https:\/\/support.apple.com\/es-es\/HT201265\">https:\/\/support.apple.com\/es-es\/HT201265<\/a><\/li>\n<\/ul>\n\n\n\n<ul class=\"wp-block-list\">\n<li>Opera: <a href=\"http:\/\/help.opera.com\/Windows\/11.50\/es-ES\/cookies.html\">http:\/\/help.opera.com\/Windows\/11.50\/es-ES\/cookies.html<\/a><\/li>\n<\/ul>\n\n\n\n<p><\/p>\n\n\n\n<p><strong>Ejercicio de derechos<\/strong><\/p>\n\n\n\n<p>Puede conocer y ejercer sus derechos en materia de protecci\u00f3n de datos accediendo a nuestra pol\u00edtica de privacidad <a href=\"https:\/\/moreholiday.es\/\/politica-de-privacidad\/\">https:\/\/moreholiday.es\/\/politica-de-privacidad\/<\/a>\u00a0<\/p>\n\n\n\n<p><\/p>\n\n\n\n<p><strong>Informaci\u00f3n adicional<\/strong><\/p>\n\n\n\n<p>Pueden consultar m\u00e1s informaci\u00f3n en la gu\u00eda sobre el uso de las cookies editada por la AEPD en el siguiente enlace: <a href=\"https:\/\/www.aepd.es\/es\/documento\/guia-cookies.pdf\">https:\/\/www.aepd.es\/es\/documento\/guia-cookies.pdf<\/a><\/p>\n","protected":false},"excerpt":{"rendered":"<p>El sitio web https:\/\/moreholiday.es\/ es responsabilidad de MOREHOLIDAY, S.L. (en adelante Moreholiday), con domicilio social en C\/Riu G\u00fcell, 58 (Edifici CINC) &#8211; 17001 &#8211; Girona (Girona) con CIF: B55358147 y direcci\u00f3n de correo electr\u00f3nico info@moreholidays.es\u00a0 Consecuentemente, la utilizaci\u00f3n de cookies se le aplica la presente \u00abPol\u00edtica de Uso de Cookies\u00bb que ha sido elaborada con &#8230;<\/p>\n","protected":false},"author":2,"featured_media":0,"parent":0,"menu_order":0,"comment_status":"closed","ping_status":"closed","template":"","meta":{"_acf_changed":false,"footnotes":""},"class_list":["post-60011","page","type-page","status-publish","hentry"],"acf":[],"yoast_head":"<!-- This site is optimized with the Yoast SEO plugin v27.1 - https:\/\/yoast.com\/product\/yoast-seo-wordpress\/ -->\n<title>*Pol\u00edtica de cookies | More Holiday<\/title>\n<meta name=\"robots\" content=\"index, follow, max-snippet:-1, max-image-preview:large, max-video-preview:-1\" \/>\n<link rel=\"canonical\" href=\"https:\/\/moreholiday.es\/es\/politica-de-cookies\/\" \/>\n<meta property=\"og:locale\" content=\"es_ES\" \/>\n<meta property=\"og:type\" content=\"article\" \/>\n<meta property=\"og:title\" content=\"*Pol\u00edtica de cookies | More Holiday\" \/>\n<meta property=\"og:description\" content=\"El sitio web https:\/\/moreholiday.es\/ es responsabilidad de MOREHOLIDAY, S.L. (en adelante Moreholiday), con domicilio social en C\/Riu G\u00fcell, 58 (Edifici CINC) &#8211; 17001 &#8211; Girona (Girona) con CIF: B55358147 y direcci\u00f3n de correo electr\u00f3nico info@moreholidays.es\u00a0 Consecuentemente, la utilizaci\u00f3n de cookies se le aplica la presente \u00abPol\u00edtica de Uso de Cookies\u00bb que ha sido elaborada con ...\" \/>\n<meta property=\"og:url\" content=\"https:\/\/moreholiday.es\/es\/politica-de-cookies\/\" \/>\n<meta property=\"og:site_name\" content=\"More Holiday\" \/>\n<meta property=\"article:modified_time\" content=\"2024-06-20T08:43:03+00:00\" \/>\n<meta name=\"twitter:card\" content=\"summary_large_image\" \/>\n<meta name=\"twitter:label1\" content=\"Tiempo de lectura\" \/>\n\t<meta name=\"twitter:data1\" content=\"6 minutos\" \/>\n<script type=\"application\/ld+json\" class=\"yoast-schema-graph\">{\"@context\":\"https:\/\/schema.org\",\"@graph\":[{\"@type\":\"WebPage\",\"@id\":\"https:\/\/moreholiday.es\/es\/politica-de-cookies\/\",\"url\":\"https:\/\/moreholiday.es\/es\/politica-de-cookies\/\",\"name\":\"*Pol\u00edtica de cookies | More Holiday\",\"isPartOf\":{\"@id\":\"https:\/\/moreholiday.es\/#website\"},\"datePublished\":\"2023-11-08T08:43:26+00:00\",\"dateModified\":\"2024-06-20T08:43:03+00:00\",\"breadcrumb\":{\"@id\":\"https:\/\/moreholiday.es\/es\/politica-de-cookies\/#breadcrumb\"},\"inLanguage\":\"es\",\"potentialAction\":[{\"@type\":\"ReadAction\",\"target\":[\"https:\/\/moreholiday.es\/es\/politica-de-cookies\/\"]}]},{\"@type\":\"BreadcrumbList\",\"@id\":\"https:\/\/moreholiday.es\/es\/politica-de-cookies\/#breadcrumb\",\"itemListElement\":[{\"@type\":\"ListItem\",\"position\":1,\"name\":\"Home\",\"item\":\"https:\/\/moreholiday.es\/es\/\"},{\"@type\":\"ListItem\",\"position\":2,\"name\":\"*Pol\u00edtica de cookies\"}]},{\"@type\":\"WebSite\",\"@id\":\"https:\/\/moreholiday.es\/#website\",\"url\":\"https:\/\/moreholiday.es\/\",\"name\":\"More Holiday\",\"description\":\"Allotjaments per a les eves vacances\",\"publisher\":{\"@id\":\"https:\/\/moreholiday.es\/#organization\"},\"potentialAction\":[{\"@type\":\"SearchAction\",\"target\":{\"@type\":\"EntryPoint\",\"urlTemplate\":\"https:\/\/moreholiday.es\/?s={search_term_string}\"},\"query-input\":{\"@type\":\"PropertyValueSpecification\",\"valueRequired\":true,\"valueName\":\"search_term_string\"}}],\"inLanguage\":\"es\"},{\"@type\":\"Organization\",\"@id\":\"https:\/\/moreholiday.es\/#organization\",\"name\":\"More Holiday\",\"url\":\"https:\/\/moreholiday.es\/\",\"logo\":{\"@type\":\"ImageObject\",\"inLanguage\":\"es\",\"@id\":\"https:\/\/moreholiday.es\/#\/schema\/logo\/image\/\",\"url\":\"https:\/\/moreholiday.es\/wp-content\/uploads\/2021\/03\/MH-logo-2-linies_Mesa-de-trabajo-1-1.png\",\"contentUrl\":\"https:\/\/moreholiday.es\/wp-content\/uploads\/2021\/03\/MH-logo-2-linies_Mesa-de-trabajo-1-1.png\",\"width\":1576,\"height\":626,\"caption\":\"More Holiday\"},\"image\":{\"@id\":\"https:\/\/moreholiday.es\/#\/schema\/logo\/image\/\"}}]}<\/script>\n<!-- \/ Yoast SEO plugin. -->","yoast_head_json":{"title":"*Pol\u00edtica de cookies | More Holiday","robots":{"index":"index","follow":"follow","max-snippet":"max-snippet:-1","max-image-preview":"max-image-preview:large","max-video-preview":"max-video-preview:-1"},"canonical":"https:\/\/moreholiday.es\/es\/politica-de-cookies\/","og_locale":"es_ES","og_type":"article","og_title":"*Pol\u00edtica de cookies | More Holiday","og_description":"El sitio web https:\/\/moreholiday.es\/ es responsabilidad de MOREHOLIDAY, S.L. (en adelante Moreholiday), con domicilio social en C\/Riu G\u00fcell, 58 (Edifici CINC) &#8211; 17001 &#8211; Girona (Girona) con CIF: B55358147 y direcci\u00f3n de correo electr\u00f3nico info@moreholidays.es\u00a0 Consecuentemente, la utilizaci\u00f3n de cookies se le aplica la presente \u00abPol\u00edtica de Uso de Cookies\u00bb que ha sido elaborada con ...","og_url":"https:\/\/moreholiday.es\/es\/politica-de-cookies\/","og_site_name":"More Holiday","article_modified_time":"2024-06-20T08:43:03+00:00","twitter_card":"summary_large_image","twitter_misc":{"Tiempo de lectura":"6 minutos"},"schema":{"@context":"https:\/\/schema.org","@graph":[{"@type":"WebPage","@id":"https:\/\/moreholiday.es\/es\/politica-de-cookies\/","url":"https:\/\/moreholiday.es\/es\/politica-de-cookies\/","name":"*Pol\u00edtica de cookies | More Holiday","isPartOf":{"@id":"https:\/\/moreholiday.es\/#website"},"datePublished":"2023-11-08T08:43:26+00:00","dateModified":"2024-06-20T08:43:03+00:00","breadcrumb":{"@id":"https:\/\/moreholiday.es\/es\/politica-de-cookies\/#breadcrumb"},"inLanguage":"es","potentialAction":[{"@type":"ReadAction","target":["https:\/\/moreholiday.es\/es\/politica-de-cookies\/"]}]},{"@type":"BreadcrumbList","@id":"https:\/\/moreholiday.es\/es\/politica-de-cookies\/#breadcrumb","itemListElement":[{"@type":"ListItem","position":1,"name":"Home","item":"https:\/\/moreholiday.es\/es\/"},{"@type":"ListItem","position":2,"name":"*Pol\u00edtica de cookies"}]},{"@type":"WebSite","@id":"https:\/\/moreholiday.es\/#website","url":"https:\/\/moreholiday.es\/","name":"More Holiday","description":"Allotjaments per a les eves vacances","publisher":{"@id":"https:\/\/moreholiday.es\/#organization"},"potentialAction":[{"@type":"SearchAction","target":{"@type":"EntryPoint","urlTemplate":"https:\/\/moreholiday.es\/?s={search_term_string}"},"query-input":{"@type":"PropertyValueSpecification","valueRequired":true,"valueName":"search_term_string"}}],"inLanguage":"es"},{"@type":"Organization","@id":"https:\/\/moreholiday.es\/#organization","name":"More Holiday","url":"https:\/\/moreholiday.es\/","logo":{"@type":"ImageObject","inLanguage":"es","@id":"https:\/\/moreholiday.es\/#\/schema\/logo\/image\/","url":"https:\/\/moreholiday.es\/wp-content\/uploads\/2021\/03\/MH-logo-2-linies_Mesa-de-trabajo-1-1.png","contentUrl":"https:\/\/moreholiday.es\/wp-content\/uploads\/2021\/03\/MH-logo-2-linies_Mesa-de-trabajo-1-1.png","width":1576,"height":626,"caption":"More Holiday"},"image":{"@id":"https:\/\/moreholiday.es\/#\/schema\/logo\/image\/"}}]}},"_links":{"self":[{"href":"https:\/\/moreholiday.es\/es\/wp-json\/wp\/v2\/pages\/60011","targetHints":{"allow":["GET"]}}],"collection":[{"href":"https:\/\/moreholiday.es\/es\/wp-json\/wp\/v2\/pages"}],"about":[{"href":"https:\/\/moreholiday.es\/es\/wp-json\/wp\/v2\/types\/page"}],"author":[{"embeddable":true,"href":"https:\/\/moreholiday.es\/es\/wp-json\/wp\/v2\/users\/2"}],"replies":[{"embeddable":true,"href":"https:\/\/moreholiday.es\/es\/wp-json\/wp\/v2\/comments?post=60011"}],"version-history":[{"count":3,"href":"https:\/\/moreholiday.es\/es\/wp-json\/wp\/v2\/pages\/60011\/revisions"}],"predecessor-version":[{"id":60039,"href":"https:\/\/moreholiday.es\/es\/wp-json\/wp\/v2\/pages\/60011\/revisions\/60039"}],"wp:attachment":[{"href":"https:\/\/moreholiday.es\/es\/wp-json\/wp\/v2\/media?parent=60011"}],"curies":[{"name":"wp","href":"https:\/\/api.w.org\/{rel}","templated":true}]}}