{"id":54239,"date":"2015-04-23T12:57:21","date_gmt":"2015-04-23T12:57:21","guid":{"rendered":"https:\/\/moreholiday.es\/politica-privacitat\/"},"modified":"2022-08-29T22:39:06","modified_gmt":"2022-08-29T22:39:06","slug":"politica-privacitat","status":"publish","type":"page","link":"https:\/\/moreholiday.es\/es\/politica-privacitat\/","title":{"rendered":"Pol\u00edtica de privacidad y cookies"},"content":{"rendered":"<p>El presente documento establece las Condiciones Generales de uso del sitio web moreholiday.es, sociedad cuyos datos registrales se muestran a continuaci\u00f3n:<\/p>\n<p>Domicilio Social<br \/>\nMoreHoliday S.L.<br \/>\nCalle R\u00edo G\u00fcell 58 (Edificio CINCO) Oficina A19.<br \/>\n17001 &#8211; Gerona<br \/>\nCIF: B55358147<\/p>\n<p><strong>Protecci\u00f3n de Datos y Pol\u00edtica de privacidad.<\/strong><\/p>\n<p>1. De acuerdo con lo que establece la legislaci\u00f3n vigente en materia de protecci\u00f3n de datos de car\u00e1cter personal, Moreholiday S.L. Informa al usuario de la existencia de un archivo de datos de car\u00e1cter personal que contiene los datos que los usuarios introducen en el sitio. Moreholiday S.L. es responsable del archivo.<\/p>\n<p>2. Los datos personales que el usuario debe facilitar son indispensables para el env\u00edo de los pedidos y redacci\u00f3n de facturas. La ausencia de estos datos comportar\u00e1 la anulaci\u00f3n autom\u00e1tica de los pedidos. En el momento de inscribirse en la p\u00e1gina, el usuario se compromete a proporcionar datos personales v\u00e1lidos, datos que permiten la prestaci\u00f3n de servicio por parte de Moreholiday S.L. y la correcta identificaci\u00f3n del usuario registrado, as\u00ed como el env\u00edo de informaci\u00f3n y publicidad de los distintos productos y ofertas que Moreholiday S.L. pueda tener en su p\u00e1gina web.<\/p>\n<p>3. El usuario y titular de los datos queda informado, dando su consentimiento inequ\u00edvoco, que mediante la cumplimentaci\u00f3n de los diversos formularios, sus datos personales quedar\u00e1n incorporados a los ficheros automatizados de Moreholiday S.L, con el fin de prestarle y ofrecer nuestros servicios as\u00ed como mantener informado al usuario sobre los productos ofrecidos.<\/p>\n<p>4. El usuario garantiza la autenticidad de todos aquellos datos que comunique a trav\u00e9s de https:\/\/www.moreholiday.es y mantendr\u00e1 actualizada la informaci\u00f3n que facilite a Moreholiday S.L, de forma que responda en todo momento a su situaci\u00f3n real , siendo el \u00fanico responsable de las manifestaciones falsas o inexactas que realice, as\u00ed como de los perjuicios que cause por esta raz\u00f3n a Moreholiday S.L oa terceros.<\/p>\n<p>5. La aceptaci\u00f3n de este aviso legal supone la prestaci\u00f3n por parte del usuario de su consentimiento expreso para que Moreholiday S.L. pueda remitirle comunicaciones publicitarias, promocionales o comerciales por correo electr\u00f3nico u otro medio de comunicaci\u00f3n, en los t\u00e9rminos establecidos en la Ley 34\/2002, de Servicios de la Sociedad de la Informaci\u00f3n y del correo electr\u00f3nico. En el supuesto de no estar interesado en recibir este tipo de comunicaciones puede dirigirse a Moreholiday S.L. en la direcci\u00f3n anteriormente indicada o en el correo electr\u00f3nico info@moreholiday.es, manifestando su voluntad.<\/p>\n<p>6. Moreholiday S.L. se compromete a cumplir su obligaci\u00f3n de secreto respecto a los datos de car\u00e1cter personal y al deber de tratarlos con confidencialidad. A estos efectos adoptar\u00e1 las medidas de seguridad razonables previstas por la ley para evitar su alteraci\u00f3n, p\u00e9rdida o acceso no autorizado.<\/p>\n<p>7. El usuario podr\u00e1 ejercitar sus derechos de acceso, rectificaci\u00f3n, cancelaci\u00f3n y oposici\u00f3n de sus datos de car\u00e1cter personal en los t\u00e9rminos establecidos en la legislaci\u00f3n vigente, mediante info@moreholiday.es o en Moreholiday S.L.<\/p>\n<p><strong>Pol\u00edtica del uso de Galletas<\/strong><\/p>\n<p>1. Las \u201cCookies\u201d son archivos de texto que los servidores que alojan sitios web env\u00edan a los navegadores de sus usuarios. Las cookies no se pueden ejecutar ni pueden contener virus, y s\u00f3lo pueden leerse por el servidor que aloja el sitio web.<\/p>\n<p>2. Este sitio requiere el uso de \u201cCookies\u201d para su correcto funcionamiento.<\/p>\n<p><strong>Informaci\u00f3n transmitida por los usuarios<\/strong><\/p>\n<p>1. Este sitio puede contener foros p\u00fablicos, salas de conversaci\u00f3n (\u201cchats\u201d) y otros mecanismos mediante los cuales los usuarios pueden expresar su opini\u00f3n e intercambiar archivos en formato electr\u00f3nico. Las informaciones, comunicaciones y archivos que se env\u00eden a trav\u00e9s de estos foros y salas, junto con las direcciones de correo electr\u00f3nico y otras comunicaciones divulgadas por los usuarios no tienen la consideraci\u00f3n de material confidencial.<\/p>\n<p>2. Cuando los usuarios transmitan o publiquen cualquier tipo de informaci\u00f3n en este sitio, estar\u00e1n otorgando autorizaci\u00f3n a Moreholiday S.L. para utilizar esta informaci\u00f3n, incluido sin limitaci\u00f3n, la utilizaci\u00f3n, reproducci\u00f3n, transmisi\u00f3n, publicaci\u00f3n o env\u00edo de esta informaci\u00f3n con cualquier objeto, incluyendo sin limitaci\u00f3n, la reproducci\u00f3n, revelaci\u00f3n, transmisi\u00f3n, publicaci\u00f3n o env\u00edo de esa informaci\u00f3n.<\/p>\n<p>3. Moreholiday S.L. no asume ninguna responsabilidad por el contenido de la informaci\u00f3n o de las comunicaciones enviadas por sus usuarios a trav\u00e9s de estas \u00e1reas.<\/p>\n<p>4. Todas las opiniones redactadas por los usuarios son controladas por el equipo de marketing. Si las opiniones recibidas infringen la ley, la \u00e9tica o la moral (publicidad abusiva, difamaci\u00f3n, insultos, comentarios fuera de contexto\u2026), Moreholiday S.L. se reserva el derecho de rechazar o modificar estas opiniones.<\/p>\n<p><strong>Exclusi\u00f3n de garant\u00edas y responsabilidades<\/strong><\/p>\n<p>1. Toda la informaci\u00f3n contenida en este sitio\u00a0se sumistra \u201ctal cual\u201d, sin que Moreholiday S.L. otorgue garant\u00edas de ninguna clase, tanto expresas como impl\u00edcitas, relativas a la precisi\u00f3n, fiabilidad e integridad de este sitio. Moreholiday\u00a0S.L. no otorga ninguna garant\u00eda, expl\u00edcita o impl\u00edcita, incluyendo, a t\u00edtulo enunciativo y no limitativo, garant\u00edas por incumplimiento de calidad, de comerciabilidad o de idoneidad para una finalidad determinada.<\/p>\n<p>2.\u00a0Moreholiday\u00a0S.L. tampoco garantiza que este sitio web, o los servidores que lo alojan, est\u00e9n libres de virus y otros tipos de software potencialmente peligroso.<\/p>\n<p>3.\u00a0Moreholiday\u00a0S.L. no garantiza la disponibilidad, continuidad, utilidad e infalibilidad del funcionamiento de este sitio, de sus servicios o de sus contenidos; ni la fiabilidad o utilidad de la informaci\u00f3n y contenidos suministrados por terceros a trav\u00e9s de este sitio. Pese a que Moreholiday S.L. realiza todo esfuerzo razonable para garantizar la disponibilidad, acceso, continuidad, e infalibilidad del funcionamiento y de sus servicios, Moreholiday S.L. no garantiza las mismas, puesto que se pueden ver interferidas por numerosos factores ajenos a ella. En consecuencia, no ser\u00e1 responsable (con los l\u00edmites establecidos en el ordenamiento jur\u00eddico vigente), por los da\u00f1os y perjuicios de toda naturaleza causados \u200b\u200bal usuario a consecuencia de dicha indisponibilidad, fallos de acceso y falta de continuidad.<\/p>\n<p><strong>Limitaci\u00f3n de responsabilidad.<\/strong><\/p>\n<p>1.\u00a0Moreholiday\u00a0S.L. no se responsabilizar\u00e1 en modo alguno de cualquier da\u00f1o directo o indirecto, lucro cesante o p\u00e9rdida de datos y\/o clientes que se deriven del uso por parte de los usuarios o de la imposibilidad de uso de este sitio web.<\/p>\n<p>2. Este sitio puede contener enlaces hipertextuales\u00a0(\u201cEnlaces\u201d) y remisiones a otros sitios y p\u00e1ginas web que pueden no estar controlados por\u00a0Moreholiday\u00a0S.L., en estos casos\u00a0Moreholiday\u00a0S.L. no se responsabilizar\u00e1 de los contenidos que puedan aparecer en estas p\u00e1ginas.<\/p>\n<p>3. El usuario acepta expresamente dejar exenta a\u00a0Moreholiday\u00a0S.L. de cualquier responsabilidad de los actos u omisiones\u00a0de los usuarios\u00a0basadas en los contenidos alojados en este sitio.<\/p>\n<p>4. El usuario entiende y acepta expresamente que cualquier tipo de contenido, software o cualquier otro tipo de material, que descargue u obtenga de cualquier otra forma a trav\u00e9s de este sitio se realiza por su cuenta y riesgo, y que \u00e9l como usuario ser\u00e1 el \u00fanico responsable de cualquier da\u00f1o o p\u00e9rdida de datos causado en sus sistemas inform\u00e1ticos.<\/p>\n<p>5.\u00a0Moreholiday\u00a0S.L. ha puesto todos los medios razonables para asegurar que la informaci\u00f3n contenida en este sitio es correcta. Sin embargo, los usuarios del sitio aceptan conocer que parte de la informaci\u00f3n contenida en este sitio podr\u00eda ser incorrecta, estar incompleta o anticuada, o contener errores.<\/p>\n<p><strong>Derecho de exclusi\u00f3n y nulidad parcial.<\/strong><\/p>\n<p>1.\u00a0Moreholiday\u00a0S.L. reserva el derecho de cancelar, eliminar, o desautorizar la utilizaci\u00f3n de todos o alguno de los servicios del sitio web a cualquier usuario sin necesidad de previo aviso si a su criterio, y en cualquier clase de circunstancia, \u00e9ste estuviera realizando un uso incorrecto esta.<\/p>\n<p>2. Si un Tribunal competente resuelve que cualquiera de las disposiciones contenidas en estas condiciones legales es il\u00edcita o nula, tal disposici\u00f3n ser\u00e1 excluida si as\u00ed se requiriera legalmente. El usuario acepta expresamente que el resto de las disposiciones no excluidas no se ver\u00e1n modificadas, y seguir\u00e1n teniendo plena vigencia.<\/p>\n<p><strong>Ley aplicable y jurisdicci\u00f3n.<\/strong><\/p>\n<p>1. Este sitio\u00a0est\u00e1 situado\u00a0y es operado desde Espa\u00f1a. Todas las cuestiones relativas a este sitio se rigen por las leyes espa\u00f1olas y se someten a la jurisdicci\u00f3n de los Juzgados y Tribunales competentes de Espa\u00f1a, sin que sean aplicables los principios sobre conflicto de leyes. En aquellos casos en que el usuario no tenga la condici\u00f3n de consumidor, o que tenga su domicilio fuera de Espa\u00f1a,\u00a0Moreholiday\u00a0S.L\u00a0y el usuario se someten a los Juzgados y Tribunales de Girona, con renuncia expresa a cualquier otro fuero que pudiera corresponderles.<\/p>\n<p>2. Si el usuario decide utilizar o consultar este sitio desde fuera de Espa\u00f1a, deber\u00e1 tener presente que lo hace por propia iniciativa, y que es responsable del cumplimiento de las leyes locales aplicables.<\/p>\n<p>3.\u00a0Moreholiday\u00a0S.L. se reserva el derecho a revisar, unilateralmente y sin previo aviso, las presentes condiciones de uso en cualquier momento. Las condiciones revisadas, entrar\u00e1n en vigor, tan pronto queden publicadas en este sitio. Si el usuario hace un uso habitual de este sitio, deber\u00e1 revisar las condiciones con regularidad, y se abstendr\u00e1 de acceder al sitio si no considera aceptables cualquiera de las condiciones revisadas.<\/p>\n<p><strong>POL\u00cdTICA DE COOKIES<\/strong><br \/>\nmoreholiday.es informa sobre el uso de las cookies en su p\u00e1gina web.<\/p>\n<p><strong>Tipo de galletas<\/strong><br \/>\nSeg\u00fan quien sea la entidad que gestione el dominio desde donde se env\u00edan las cookies y el tratamiento de los datos que se obtengan, se pueden distinguir dos tipos: cookies propias y cookies de terceros.<\/p>\n<p>Existe tambi\u00e9n una segunda clasificaci\u00f3n seg\u00fan el plazo de tiempo que permanecen almacenadas en el navegador del cliente, pudiendo tratarse de cookies de sesi\u00f3n o cookies persistentes.<\/p>\n<p>Por \u00faltimo, existe otra clasificaci\u00f3n con cinco tipos de cookies seg\u00fan la finalidad para la que se traten los datos obtenidos: galletas t\u00e9cnicas, galletas de personalizaci\u00f3n, galletas de an\u00e1lisis, galletas publicitarias y galletas de publicidad comportamental.<\/p>\n<p>Cookies utilizadas en la web<br \/>\nA continuaci\u00f3n se identifican las cookies que se est\u00e1n utilizando en este portal as\u00ed como su tipolog\u00eda y funci\u00f3n:<\/p>\n<p>La p\u00e1gina web de moreholiday.es utiliza Google Analytics, un servicio de anal\u00edtica web desarrollada por Google, que permite la medici\u00f3n y an\u00e1lisis de la navegaci\u00f3n en las p\u00e1ginas web. En su navegador podr\u00e1 observar 4 galletas de este servicio. Seg\u00fan la tipolog\u00eda anterior se trata de cookies propias, de sesi\u00f3n y de an\u00e1lisis. Puede encontrar m\u00e1s informaci\u00f3n\u00a0al respecto\u00a0e inhabilitar el uso de estas cookies www.google.es\/intl\/es\/analytics\/privacyoverview.html.<\/p>\n<p>A trav\u00e9s de la anal\u00edtica web no se obtiene informaci\u00f3n sobre sus datos personales garantizando la tutela de la privacidad de las personas que navegan por la web. La informaci\u00f3n que se obtiene es la relativa al n\u00famero de usuarios que acceden a la web, el n\u00famero de p\u00e1ginas vistas, la frecuencia y repetici\u00f3n de las visitas, su duraci\u00f3n, el navegador utilizado, el operador que presta el servicio, l idioma, el terminal que utiliza, o la ciudad a la que est\u00e1 asignada su direcci\u00f3n IP. Informaci\u00f3n que posibilita un mejor y m\u00e1s apropiado servicio por este portal.<\/p>\n<p>Finalmente, se descarga una cookie de tipo t\u00e9cnico llamada\u00a0cookies_policy, propia, de tipo t\u00e9cnico y persistente (caduca despu\u00e9s de treinta d\u00edas). Gestiona el consentimiento del usuario ante el uso de las cookies en la p\u00e1gina web, con el objetivo de evitar la excesiva molestia que pueda suponer mostrar repetidamente informaci\u00f3n sobre la pol\u00edtica de cookies en la parte superior de la web a aquellas personas que hayan aceptado la misma.<\/p>\n<p><strong>Aceptaci\u00f3n de la Pol\u00edtica de cookies<\/strong><br \/>\nSe muestra informaci\u00f3n sobre la pol\u00edtica de cookies en la parte inferior de cualquier p\u00e1gina del portal con cada inicio de sesi\u00f3n.<\/p>\n<p>Ante esta informaci\u00f3n es posible llevar a cabo las siguientes acciones:<\/p>\n<p>Aceptar cookies. No se volver\u00e1 a visualizar este aviso al acceder a cualquier p\u00e1gina de la web durante la presente sesi\u00f3n.<\/p>\n<p>Modificar la configuraci\u00f3n. Podr\u00e1 obtener m\u00e1s informaci\u00f3n sobre qu\u00e9 son las cookies, conocer la Pol\u00edtica de cookies de moreholiday.es y modificar la configuraci\u00f3n de su navegaci\u00f3n. Pero esto no evitar\u00e1 que se muestre el aviso sobre cookies al acceder a nuevas p\u00e1ginas de la web.<br \/>\nC\u00f3mo modificar la configuraci\u00f3n de las cookies<br \/>\nUsted puede restringir, bloquear o borrar las cookies de moreholiday.es o cualquier otra p\u00e1gina web, utilizando su navegador. En cada navegador la operativa es diferente, la funci\u00f3n de ayuda le mostrar\u00e1 c\u00f3mo hacerlo.<\/p>\n<p>1. Aunque la relaci\u00f3n jur\u00eddica entre\u00a0Moreholiday\u00a0S.L. y el usuario, derivada del acceso y utilizaci\u00f3n del sitio, tiene una duraci\u00f3n indefinida, \u00e9sta se considerar\u00e1 finalizada en el momento que la compa\u00f1\u00eda modifique las presentes condiciones generales. En el momento en que la compa\u00f1\u00eda anuncie la modificaci\u00f3n de las condiciones generales, y el usuario acceda y utilice los servicios y contenidos del sitio, se considera iniciada una nueva relaci\u00f3n jur\u00eddica entre ambas partes de car\u00e1cter igualmente indefinido.<\/p>\n<p>2. Sin perjuicio de lo anterior, la empresa\u00a0Moreholiday\u00a0S.L. est\u00e1 facultada para suspender, interrumpir, o dar por finalizada de forma unilateral, en cualquier momento y sin necesidad de preaviso ni justa causa,<\/p>\n<p>Internet Explorer:\u00a0windows.microsoft.com\/es-xl\/internet-explorer\/delete-manage-cookies#ie=\u201die-10 \u201d<br \/>\nFireFox: http:\/\/support.mozilla.org\/es\/kb\/Borrar%20cookies<br \/>\nChrome: http:\/\/support.google.com\/chrome\/answer\/95647?hl=\u201des\u00a0\u201d<br \/>\nSafari: <a href=\"https:\/\/support.apple.com\/es-es\/HT201265\">https:\/\/support.apple.com\/es-es\/HT201265<\/a><\/p>\n","protected":false},"excerpt":{"rendered":"<p>El presente documento establece las Condiciones Generales de uso del sitio web moreholiday.es, sociedad cuyos datos registrales se muestran a continuaci\u00f3n: Domicilio Social MoreHoliday S.L. Calle R\u00edo G\u00fcell 58 (Edificio CINCO) Oficina A19. 17001 &#8211; Gerona CIF: B55358147 Protecci\u00f3n de Datos y Pol\u00edtica de privacidad. 1. De acuerdo con lo que establece la legislaci\u00f3n vigente &#8230;<\/p>\n","protected":false},"author":2,"featured_media":0,"parent":0,"menu_order":0,"comment_status":"closed","ping_status":"closed","template":"terms_conditions.php","meta":{"_acf_changed":false,"footnotes":""},"class_list":["post-54239","page","type-page","status-publish","hentry"],"acf":[],"yoast_head":"<!-- This site is optimized with the Yoast SEO plugin v27.1 - https:\/\/yoast.com\/product\/yoast-seo-wordpress\/ -->\n<title>Pol\u00edtica de privacidad y cookies | More Holiday<\/title>\n<meta name=\"robots\" content=\"index, follow, max-snippet:-1, max-image-preview:large, max-video-preview:-1\" \/>\n<link rel=\"canonical\" href=\"https:\/\/moreholiday.es\/es\/politica-privacitat\/\" \/>\n<meta property=\"og:locale\" content=\"es_ES\" \/>\n<meta property=\"og:type\" content=\"article\" \/>\n<meta property=\"og:title\" content=\"Pol\u00edtica de privacidad y cookies | More Holiday\" \/>\n<meta property=\"og:description\" content=\"El presente documento establece las Condiciones Generales de uso del sitio web moreholiday.es, sociedad cuyos datos registrales se muestran a continuaci\u00f3n: Domicilio Social MoreHoliday S.L. Calle R\u00edo G\u00fcell 58 (Edificio CINCO) Oficina A19. 17001 &#8211; Gerona CIF: B55358147 Protecci\u00f3n de Datos y Pol\u00edtica de privacidad. 1. De acuerdo con lo que establece la legislaci\u00f3n vigente ...\" \/>\n<meta property=\"og:url\" content=\"https:\/\/moreholiday.es\/es\/politica-privacitat\/\" \/>\n<meta property=\"og:site_name\" content=\"More Holiday\" \/>\n<meta property=\"article:modified_time\" content=\"2022-08-29T22:39:06+00:00\" \/>\n<meta name=\"twitter:card\" content=\"summary_large_image\" \/>\n<meta name=\"twitter:label1\" content=\"Tiempo de lectura\" \/>\n\t<meta name=\"twitter:data1\" content=\"15 minutos\" \/>\n<script type=\"application\/ld+json\" class=\"yoast-schema-graph\">{\"@context\":\"https:\/\/schema.org\",\"@graph\":[{\"@type\":\"WebPage\",\"@id\":\"https:\/\/moreholiday.es\/es\/politica-privacitat\/\",\"url\":\"https:\/\/moreholiday.es\/es\/politica-privacitat\/\",\"name\":\"Pol\u00edtica de privacidad y cookies | More Holiday\",\"isPartOf\":{\"@id\":\"https:\/\/moreholiday.es\/#website\"},\"datePublished\":\"2015-04-23T12:57:21+00:00\",\"dateModified\":\"2022-08-29T22:39:06+00:00\",\"breadcrumb\":{\"@id\":\"https:\/\/moreholiday.es\/es\/politica-privacitat\/#breadcrumb\"},\"inLanguage\":\"es\",\"potentialAction\":[{\"@type\":\"ReadAction\",\"target\":[\"https:\/\/moreholiday.es\/es\/politica-privacitat\/\"]}]},{\"@type\":\"BreadcrumbList\",\"@id\":\"https:\/\/moreholiday.es\/es\/politica-privacitat\/#breadcrumb\",\"itemListElement\":[{\"@type\":\"ListItem\",\"position\":1,\"name\":\"Home\",\"item\":\"https:\/\/moreholiday.es\/es\/\"},{\"@type\":\"ListItem\",\"position\":2,\"name\":\"Pol\u00edtica de privacidad y cookies\"}]},{\"@type\":\"WebSite\",\"@id\":\"https:\/\/moreholiday.es\/#website\",\"url\":\"https:\/\/moreholiday.es\/\",\"name\":\"More Holiday\",\"description\":\"Allotjaments per a les eves vacances\",\"publisher\":{\"@id\":\"https:\/\/moreholiday.es\/#organization\"},\"potentialAction\":[{\"@type\":\"SearchAction\",\"target\":{\"@type\":\"EntryPoint\",\"urlTemplate\":\"https:\/\/moreholiday.es\/?s={search_term_string}\"},\"query-input\":{\"@type\":\"PropertyValueSpecification\",\"valueRequired\":true,\"valueName\":\"search_term_string\"}}],\"inLanguage\":\"es\"},{\"@type\":\"Organization\",\"@id\":\"https:\/\/moreholiday.es\/#organization\",\"name\":\"More Holiday\",\"url\":\"https:\/\/moreholiday.es\/\",\"logo\":{\"@type\":\"ImageObject\",\"inLanguage\":\"es\",\"@id\":\"https:\/\/moreholiday.es\/#\/schema\/logo\/image\/\",\"url\":\"https:\/\/moreholiday.es\/wp-content\/uploads\/2021\/03\/MH-logo-2-linies_Mesa-de-trabajo-1-1.png\",\"contentUrl\":\"https:\/\/moreholiday.es\/wp-content\/uploads\/2021\/03\/MH-logo-2-linies_Mesa-de-trabajo-1-1.png\",\"width\":1576,\"height\":626,\"caption\":\"More Holiday\"},\"image\":{\"@id\":\"https:\/\/moreholiday.es\/#\/schema\/logo\/image\/\"}}]}<\/script>\n<!-- \/ Yoast SEO plugin. -->","yoast_head_json":{"title":"Pol\u00edtica de privacidad y cookies | More Holiday","robots":{"index":"index","follow":"follow","max-snippet":"max-snippet:-1","max-image-preview":"max-image-preview:large","max-video-preview":"max-video-preview:-1"},"canonical":"https:\/\/moreholiday.es\/es\/politica-privacitat\/","og_locale":"es_ES","og_type":"article","og_title":"Pol\u00edtica de privacidad y cookies | More Holiday","og_description":"El presente documento establece las Condiciones Generales de uso del sitio web moreholiday.es, sociedad cuyos datos registrales se muestran a continuaci\u00f3n: Domicilio Social MoreHoliday S.L. Calle R\u00edo G\u00fcell 58 (Edificio CINCO) Oficina A19. 17001 &#8211; Gerona CIF: B55358147 Protecci\u00f3n de Datos y Pol\u00edtica de privacidad. 1. De acuerdo con lo que establece la legislaci\u00f3n vigente ...","og_url":"https:\/\/moreholiday.es\/es\/politica-privacitat\/","og_site_name":"More Holiday","article_modified_time":"2022-08-29T22:39:06+00:00","twitter_card":"summary_large_image","twitter_misc":{"Tiempo de lectura":"15 minutos"},"schema":{"@context":"https:\/\/schema.org","@graph":[{"@type":"WebPage","@id":"https:\/\/moreholiday.es\/es\/politica-privacitat\/","url":"https:\/\/moreholiday.es\/es\/politica-privacitat\/","name":"Pol\u00edtica de privacidad y cookies | More Holiday","isPartOf":{"@id":"https:\/\/moreholiday.es\/#website"},"datePublished":"2015-04-23T12:57:21+00:00","dateModified":"2022-08-29T22:39:06+00:00","breadcrumb":{"@id":"https:\/\/moreholiday.es\/es\/politica-privacitat\/#breadcrumb"},"inLanguage":"es","potentialAction":[{"@type":"ReadAction","target":["https:\/\/moreholiday.es\/es\/politica-privacitat\/"]}]},{"@type":"BreadcrumbList","@id":"https:\/\/moreholiday.es\/es\/politica-privacitat\/#breadcrumb","itemListElement":[{"@type":"ListItem","position":1,"name":"Home","item":"https:\/\/moreholiday.es\/es\/"},{"@type":"ListItem","position":2,"name":"Pol\u00edtica de privacidad y cookies"}]},{"@type":"WebSite","@id":"https:\/\/moreholiday.es\/#website","url":"https:\/\/moreholiday.es\/","name":"More Holiday","description":"Allotjaments per a les eves vacances","publisher":{"@id":"https:\/\/moreholiday.es\/#organization"},"potentialAction":[{"@type":"SearchAction","target":{"@type":"EntryPoint","urlTemplate":"https:\/\/moreholiday.es\/?s={search_term_string}"},"query-input":{"@type":"PropertyValueSpecification","valueRequired":true,"valueName":"search_term_string"}}],"inLanguage":"es"},{"@type":"Organization","@id":"https:\/\/moreholiday.es\/#organization","name":"More Holiday","url":"https:\/\/moreholiday.es\/","logo":{"@type":"ImageObject","inLanguage":"es","@id":"https:\/\/moreholiday.es\/#\/schema\/logo\/image\/","url":"https:\/\/moreholiday.es\/wp-content\/uploads\/2021\/03\/MH-logo-2-linies_Mesa-de-trabajo-1-1.png","contentUrl":"https:\/\/moreholiday.es\/wp-content\/uploads\/2021\/03\/MH-logo-2-linies_Mesa-de-trabajo-1-1.png","width":1576,"height":626,"caption":"More Holiday"},"image":{"@id":"https:\/\/moreholiday.es\/#\/schema\/logo\/image\/"}}]}},"_links":{"self":[{"href":"https:\/\/moreholiday.es\/es\/wp-json\/wp\/v2\/pages\/54239","targetHints":{"allow":["GET"]}}],"collection":[{"href":"https:\/\/moreholiday.es\/es\/wp-json\/wp\/v2\/pages"}],"about":[{"href":"https:\/\/moreholiday.es\/es\/wp-json\/wp\/v2\/types\/page"}],"author":[{"embeddable":true,"href":"https:\/\/moreholiday.es\/es\/wp-json\/wp\/v2\/users\/2"}],"replies":[{"embeddable":true,"href":"https:\/\/moreholiday.es\/es\/wp-json\/wp\/v2\/comments?post=54239"}],"version-history":[{"count":1,"href":"https:\/\/moreholiday.es\/es\/wp-json\/wp\/v2\/pages\/54239\/revisions"}],"predecessor-version":[{"id":54244,"href":"https:\/\/moreholiday.es\/es\/wp-json\/wp\/v2\/pages\/54239\/revisions\/54244"}],"wp:attachment":[{"href":"https:\/\/moreholiday.es\/es\/wp-json\/wp\/v2\/media?parent=54239"}],"curies":[{"name":"wp","href":"https:\/\/api.w.org\/{rel}","templated":true}]}}