{"id":39766,"date":"2015-04-16T13:43:06","date_gmt":"2015-04-16T13:43:06","guid":{"rendered":"https:\/\/moreholiday.es\/apartaments-rurals\/"},"modified":"2023-06-29T23:05:17","modified_gmt":"2023-06-29T23:05:17","slug":"casas-aparamentos-rurales","status":"publish","type":"page","link":"https:\/\/moreholiday.es\/es\/casas-aparamentos-rurales\/","title":{"rendered":"Casas y apartamentos rurales"},"content":{"rendered":"\t\t<div data-elementor-type=\"wp-page\" data-elementor-id=\"39766\" class=\"elementor elementor-39766 elementor-155\" data-elementor-post-type=\"page\">\n\t\t\t\t\t\t<section class=\"elementor-section elementor-top-section elementor-element elementor-element-73375fbe elementor-section-boxed elementor-section-height-default elementor-section-height-default\" data-id=\"73375fbe\" data-element_type=\"section\" data-e-type=\"section\">\n\t\t\t\t\t\t<div class=\"elementor-container elementor-column-gap-default\">\n\t\t\t\t\t<div class=\"elementor-column elementor-col-100 elementor-top-column elementor-element elementor-element-14f2c8a0\" data-id=\"14f2c8a0\" data-element_type=\"column\" data-e-type=\"column\">\n\t\t\t<div class=\"elementor-widget-wrap elementor-element-populated\">\n\t\t\t\t\t\t<div class=\"elementor-element elementor-element-16e3ac82 elementor-widget elementor-widget-text-editor\" data-id=\"16e3ac82\" data-element_type=\"widget\" data-e-type=\"widget\" data-widget_type=\"text-editor.default\">\n\t\t\t\t<div class=\"elementor-widget-container\">\n\t\t\t\t\t\t\t\t\t<div class=\"single-content\"><div class=\"elementor elementor-35522\" data-elementor-type=\"wp-page\" data-elementor-id=\"35522\" data-elementor-settings=\"[]\"><div class=\"elementor-inner\"><div class=\"elementor-section-wrap\"><section class=\"elementor-section elementor-top-section elementor-element elementor-element-28a05e48 elementor-section-boxed elementor-section-height-default elementor-section-height-default\" data-id=\"28a05e48\" data-element_type=\"section\"><div class=\"elementor-container elementor-column-gap-default\"><div class=\"elementor-row\"><div class=\"elementor-column elementor-col-100 elementor-top-column elementor-element elementor-element-6873cc50\" data-id=\"6873cc50\" data-element_type=\"column\"><div class=\"elementor-column-wrap elementor-element-populated\"><div class=\"elementor-widget-wrap\"><div class=\"elementor-element elementor-element-4644c16f elementor-widget elementor-widget-text-editor\" data-id=\"4644c16f\" data-element_type=\"widget\" data-widget_type=\"text-editor.default\"><div class=\"elementor-widget-container\"><div class=\"elementor-text-editor elementor-clearfix\"><p>\u00bfBuscas desconectar y disfrutar de la belleza natural de Girona? Te ofrecemos la mejor selecci\u00f3n de <strong>alojamientos rurales<\/strong> en esta provincia de Catalu\u00f1a. Descubre nuestras <strong>casas rurales y mas\u00edas con piscina<\/strong>, rodeadas de naturaleza y perfectas para una <strong>escapada rural.<\/strong><\/p><\/div><\/div><\/div><\/div><\/div><\/div><\/div><\/div><\/section><\/div><\/div><\/div><\/div>\t\t\t\t\t\t\t\t<\/div>\n\t\t\t\t<\/div>\n\t\t\t\t\t<\/div>\n\t\t<\/div>\n\t\t\t\t\t<\/div>\n\t\t<\/section>\n\t\t\t\t<\/div>\n\t\t","protected":false},"excerpt":{"rendered":"<p>\u00bfBuscas desconectar y disfrutar de la belleza natural de Girona? Te ofrecemos la mejor selecci\u00f3n de alojamientos rurales en esta provincia de Catalu\u00f1a. Descubre nuestras casas rurales y mas\u00edas con piscina, rodeadas de naturaleza y perfectas para una escapada rural.<\/p>\n","protected":false},"author":2,"featured_media":0,"parent":0,"menu_order":0,"comment_status":"open","ping_status":"open","template":"property_list.php","meta":{"_acf_changed":false,"footnotes":""},"class_list":["post-39766","page","type-page","status-publish","hentry"],"acf":[],"yoast_head":"<!-- This site is optimized with the Yoast SEO plugin v27.1 - https:\/\/yoast.com\/product\/yoast-seo-wordpress\/ -->\n<title>Alquiler de Casas Rurales en Girona con Encanto I More Holiday<\/title>\n<meta name=\"description\" content=\"Escapadas rurales en nuestras casas rurales y mas\u00edas de la zona de Girona. Las mejores casas toprural enteras con piscina, jard\u00edn y familia\" \/>\n<meta name=\"robots\" content=\"index, follow, max-snippet:-1, max-image-preview:large, max-video-preview:-1\" \/>\n<link rel=\"canonical\" href=\"https:\/\/moreholiday.es\/es\/casas-aparamentos-rurales\/\" \/>\n<meta property=\"og:locale\" content=\"es_ES\" \/>\n<meta property=\"og:type\" content=\"article\" \/>\n<meta property=\"og:title\" content=\"Alquiler de Casas Rurales en Girona con Encanto I More Holiday\" \/>\n<meta property=\"og:description\" content=\"Escapadas rurales en nuestras casas rurales y mas\u00edas de la zona de Girona. Las mejores casas toprural enteras con piscina, jard\u00edn y familia\" \/>\n<meta property=\"og:url\" content=\"https:\/\/moreholiday.es\/es\/casas-aparamentos-rurales\/\" \/>\n<meta property=\"og:site_name\" content=\"More Holiday\" \/>\n<meta property=\"article:modified_time\" content=\"2023-06-29T23:05:17+00:00\" \/>\n<meta name=\"twitter:card\" content=\"summary_large_image\" \/>\n<meta name=\"twitter:label1\" content=\"Tiempo de lectura\" \/>\n\t<meta name=\"twitter:data1\" content=\"1 minuto\" \/>\n<script type=\"application\/ld+json\" class=\"yoast-schema-graph\">{\"@context\":\"https:\/\/schema.org\",\"@graph\":[{\"@type\":\"WebPage\",\"@id\":\"https:\/\/moreholiday.es\/es\/casas-aparamentos-rurales\/\",\"url\":\"https:\/\/moreholiday.es\/es\/casas-aparamentos-rurales\/\",\"name\":\"Alquiler de Casas Rurales en Girona con Encanto I More Holiday\",\"isPartOf\":{\"@id\":\"https:\/\/moreholiday.es\/#website\"},\"datePublished\":\"2015-04-16T13:43:06+00:00\",\"dateModified\":\"2023-06-29T23:05:17+00:00\",\"description\":\"Escapadas rurales en nuestras casas rurales y mas\u00edas de la zona de Girona. Las mejores casas toprural enteras con piscina, jard\u00edn y familia\",\"breadcrumb\":{\"@id\":\"https:\/\/moreholiday.es\/es\/casas-aparamentos-rurales\/#breadcrumb\"},\"inLanguage\":\"es\",\"potentialAction\":[{\"@type\":\"ReadAction\",\"target\":[\"https:\/\/moreholiday.es\/es\/casas-aparamentos-rurales\/\"]}]},{\"@type\":\"BreadcrumbList\",\"@id\":\"https:\/\/moreholiday.es\/es\/casas-aparamentos-rurales\/#breadcrumb\",\"itemListElement\":[{\"@type\":\"ListItem\",\"position\":1,\"name\":\"Home\",\"item\":\"https:\/\/moreholiday.es\/es\/\"},{\"@type\":\"ListItem\",\"position\":2,\"name\":\"Casas y apartamentos rurales\"}]},{\"@type\":\"WebSite\",\"@id\":\"https:\/\/moreholiday.es\/#website\",\"url\":\"https:\/\/moreholiday.es\/\",\"name\":\"More Holiday\",\"description\":\"Allotjaments per a les eves vacances\",\"publisher\":{\"@id\":\"https:\/\/moreholiday.es\/#organization\"},\"potentialAction\":[{\"@type\":\"SearchAction\",\"target\":{\"@type\":\"EntryPoint\",\"urlTemplate\":\"https:\/\/moreholiday.es\/?s={search_term_string}\"},\"query-input\":{\"@type\":\"PropertyValueSpecification\",\"valueRequired\":true,\"valueName\":\"search_term_string\"}}],\"inLanguage\":\"es\"},{\"@type\":\"Organization\",\"@id\":\"https:\/\/moreholiday.es\/#organization\",\"name\":\"More Holiday\",\"url\":\"https:\/\/moreholiday.es\/\",\"logo\":{\"@type\":\"ImageObject\",\"inLanguage\":\"es\",\"@id\":\"https:\/\/moreholiday.es\/#\/schema\/logo\/image\/\",\"url\":\"https:\/\/moreholiday.es\/wp-content\/uploads\/2021\/03\/MH-logo-2-linies_Mesa-de-trabajo-1-1.png\",\"contentUrl\":\"https:\/\/moreholiday.es\/wp-content\/uploads\/2021\/03\/MH-logo-2-linies_Mesa-de-trabajo-1-1.png\",\"width\":1576,\"height\":626,\"caption\":\"More Holiday\"},\"image\":{\"@id\":\"https:\/\/moreholiday.es\/#\/schema\/logo\/image\/\"}}]}<\/script>\n<!-- \/ Yoast SEO plugin. -->","yoast_head_json":{"title":"Alquiler de Casas Rurales en Girona con Encanto I More Holiday","description":"Escapadas rurales en nuestras casas rurales y mas\u00edas de la zona de Girona. Las mejores casas toprural enteras con piscina, jard\u00edn y familia","robots":{"index":"index","follow":"follow","max-snippet":"max-snippet:-1","max-image-preview":"max-image-preview:large","max-video-preview":"max-video-preview:-1"},"canonical":"https:\/\/moreholiday.es\/es\/casas-aparamentos-rurales\/","og_locale":"es_ES","og_type":"article","og_title":"Alquiler de Casas Rurales en Girona con Encanto I More Holiday","og_description":"Escapadas rurales en nuestras casas rurales y mas\u00edas de la zona de Girona. Las mejores casas toprural enteras con piscina, jard\u00edn y familia","og_url":"https:\/\/moreholiday.es\/es\/casas-aparamentos-rurales\/","og_site_name":"More Holiday","article_modified_time":"2023-06-29T23:05:17+00:00","twitter_card":"summary_large_image","twitter_misc":{"Tiempo de lectura":"1 minuto"},"schema":{"@context":"https:\/\/schema.org","@graph":[{"@type":"WebPage","@id":"https:\/\/moreholiday.es\/es\/casas-aparamentos-rurales\/","url":"https:\/\/moreholiday.es\/es\/casas-aparamentos-rurales\/","name":"Alquiler de Casas Rurales en Girona con Encanto I More Holiday","isPartOf":{"@id":"https:\/\/moreholiday.es\/#website"},"datePublished":"2015-04-16T13:43:06+00:00","dateModified":"2023-06-29T23:05:17+00:00","description":"Escapadas rurales en nuestras casas rurales y mas\u00edas de la zona de Girona. Las mejores casas toprural enteras con piscina, jard\u00edn y familia","breadcrumb":{"@id":"https:\/\/moreholiday.es\/es\/casas-aparamentos-rurales\/#breadcrumb"},"inLanguage":"es","potentialAction":[{"@type":"ReadAction","target":["https:\/\/moreholiday.es\/es\/casas-aparamentos-rurales\/"]}]},{"@type":"BreadcrumbList","@id":"https:\/\/moreholiday.es\/es\/casas-aparamentos-rurales\/#breadcrumb","itemListElement":[{"@type":"ListItem","position":1,"name":"Home","item":"https:\/\/moreholiday.es\/es\/"},{"@type":"ListItem","position":2,"name":"Casas y apartamentos rurales"}]},{"@type":"WebSite","@id":"https:\/\/moreholiday.es\/#website","url":"https:\/\/moreholiday.es\/","name":"More Holiday","description":"Allotjaments per a les eves vacances","publisher":{"@id":"https:\/\/moreholiday.es\/#organization"},"potentialAction":[{"@type":"SearchAction","target":{"@type":"EntryPoint","urlTemplate":"https:\/\/moreholiday.es\/?s={search_term_string}"},"query-input":{"@type":"PropertyValueSpecification","valueRequired":true,"valueName":"search_term_string"}}],"inLanguage":"es"},{"@type":"Organization","@id":"https:\/\/moreholiday.es\/#organization","name":"More Holiday","url":"https:\/\/moreholiday.es\/","logo":{"@type":"ImageObject","inLanguage":"es","@id":"https:\/\/moreholiday.es\/#\/schema\/logo\/image\/","url":"https:\/\/moreholiday.es\/wp-content\/uploads\/2021\/03\/MH-logo-2-linies_Mesa-de-trabajo-1-1.png","contentUrl":"https:\/\/moreholiday.es\/wp-content\/uploads\/2021\/03\/MH-logo-2-linies_Mesa-de-trabajo-1-1.png","width":1576,"height":626,"caption":"More Holiday"},"image":{"@id":"https:\/\/moreholiday.es\/#\/schema\/logo\/image\/"}}]}},"_links":{"self":[{"href":"https:\/\/moreholiday.es\/es\/wp-json\/wp\/v2\/pages\/39766","targetHints":{"allow":["GET"]}}],"collection":[{"href":"https:\/\/moreholiday.es\/es\/wp-json\/wp\/v2\/pages"}],"about":[{"href":"https:\/\/moreholiday.es\/es\/wp-json\/wp\/v2\/types\/page"}],"author":[{"embeddable":true,"href":"https:\/\/moreholiday.es\/es\/wp-json\/wp\/v2\/users\/2"}],"replies":[{"embeddable":true,"href":"https:\/\/moreholiday.es\/es\/wp-json\/wp\/v2\/comments?post=39766"}],"version-history":[{"count":10,"href":"https:\/\/moreholiday.es\/es\/wp-json\/wp\/v2\/pages\/39766\/revisions"}],"predecessor-version":[{"id":58089,"href":"https:\/\/moreholiday.es\/es\/wp-json\/wp\/v2\/pages\/39766\/revisions\/58089"}],"wp:attachment":[{"href":"https:\/\/moreholiday.es\/es\/wp-json\/wp\/v2\/media?parent=39766"}],"curies":[{"name":"wp","href":"https:\/\/api.w.org\/{rel}","templated":true}]}}