{"id":39716,"date":"2018-05-11T14:45:06","date_gmt":"2018-05-11T14:45:06","guid":{"rendered":"https:\/\/moreholiday.es\/la-guia-de-more-holiday\/"},"modified":"2023-06-19T10:16:28","modified_gmt":"2023-06-19T10:16:28","slug":"la-guia-de-more-holiday","status":"publish","type":"page","link":"https:\/\/moreholiday.es\/es\/la-guia-de-more-holiday\/","title":{"rendered":"La gu\u00eda More Holiday"},"content":{"rendered":"\t\t<div data-elementor-type=\"wp-page\" data-elementor-id=\"39716\" class=\"elementor elementor-39716 elementor-27910\" data-elementor-post-type=\"page\">\n\t\t\t\t\t\t<section class=\"elementor-section elementor-top-section elementor-element elementor-element-2e75e128 elementor-section-boxed elementor-section-height-default elementor-section-height-default\" data-id=\"2e75e128\" data-element_type=\"section\" data-e-type=\"section\" data-settings=\"{&quot;shape_divider_top&quot;:&quot;wave-brush&quot;}\">\n\t\t\t\t\t<div class=\"elementor-shape elementor-shape-top\" aria-hidden=\"true\" data-negative=\"false\">\n\t\t\t<svg xmlns=\"http:\/\/www.w3.org\/2000\/svg\" viewBox=\"0 0 283.5 27.8\" preserveAspectRatio=\"none\">\n\t<path class=\"elementor-shape-fill\" d=\"M283.5,9.7c0,0-7.3,4.3-14,4.6c-6.8,0.3-12.6,0-20.9-1.5c-11.3-2-33.1-10.1-44.7-5.7\ts-12.1,4.6-18,7.4c-6.6,3.2-20,9.6-36.6,9.3C131.6,23.5,99.5,7.2,86.3,8c-1.4,0.1-6.6,0.8-10.5,2c-3.8,1.2-9.4,3.8-17,4.7\tc-3.2,0.4-8.3,1.1-14.2,0.9c-1.5-0.1-6.3-0.4-12-1.6c-5.7-1.2-11-3.1-15.8-3.7C6.5,9.2,0,10.8,0,10.8V0h283.5V9.7z M260.8,11.3\tc-0.7-1-2-0.4-4.3-0.4c-2.3,0-6.1-1.2-5.8-1.1c0.3,0.1,3.1,1.5,6,1.9C259.7,12.2,261.4,12.3,260.8,11.3z M242.4,8.6\tc0,0-2.4-0.2-5.6-0.9c-3.2-0.8-10.3-2.8-15.1-3.5c-8.2-1.1-15.8,0-15.1,0.1c0.8,0.1,9.6-0.6,17.6,1.1c3.3,0.7,9.3,2.2,12.4,2.7\tC239.9,8.7,242.4,8.6,242.4,8.6z M185.2,8.5c1.7-0.7-13.3,4.7-18.5,6.1c-2.1,0.6-6.2,1.6-10,2c-3.9,0.4-8.9,0.4-8.8,0.5\tc0,0.2,5.8,0.8,11.2,0c5.4-0.8,5.2-1.1,7.6-1.6C170.5,14.7,183.5,9.2,185.2,8.5z M199.1,6.9c0.2,0-0.8-0.4-4.8,1.1\tc-4,1.5-6.7,3.5-6.9,3.7c-0.2,0.1,3.5-1.8,6.6-3C197,7.5,199,6.9,199.1,6.9z M283,6c-0.1,0.1-1.9,1.1-4.8,2.5s-6.9,2.8-6.7,2.7\tc0.2,0,3.5-0.6,7.4-2.5C282.8,6.8,283.1,5.9,283,6z M31.3,11.6c0.1-0.2-1.9-0.2-4.5-1.2s-5.4-1.6-7.8-2C15,7.6,7.3,8.5,7.7,8.6\tC8,8.7,15.9,8.3,20.2,9.3c2.2,0.5,2.4,0.5,5.7,1.6S31.2,11.9,31.3,11.6z M73,9.2c0.4-0.1,3.5-1.6,8.4-2.6c4.9-1.1,8.9-0.5,8.9-0.8\tc0-0.3-1-0.9-6.2-0.3S72.6,9.3,73,9.2z M71.6,6.7C71.8,6.8,75,5.4,77.3,5c2.3-0.3,1.9-0.5,1.9-0.6c0-0.1-1.1-0.2-2.7,0.2\tC74.8,5.1,71.4,6.6,71.6,6.7z M93.6,4.4c0.1,0.2,3.5,0.8,5.6,1.8c2.1,1,1.8,0.6,1.9,0.5c0.1-0.1-0.8-0.8-2.4-1.3\tC97.1,4.8,93.5,4.2,93.6,4.4z M65.4,11.1c-0.1,0.3,0.3,0.5,1.9-0.2s2.6-1.3,2.2-1.2s-0.9,0.4-2.5,0.8C65.3,10.9,65.5,10.8,65.4,11.1\tz M34.5,12.4c-0.2,0,2.1,0.8,3.3,0.9c1.2,0.1,2,0.1,2-0.2c0-0.3-0.1-0.5-1.6-0.4C36.6,12.8,34.7,12.4,34.5,12.4z M152.2,21.1\tc-0.1,0.1-2.4-0.3-7.5-0.3c-5,0-13.6-2.4-17.2-3.5c-3.6-1.1,10,3.9,16.5,4.1C150.5,21.6,152.3,21,152.2,21.1z\"\/>\n\t<path class=\"elementor-shape-fill\" d=\"M269.6,18c-0.1-0.1-4.6,0.3-7.2,0c-7.3-0.7-17-3.2-16.6-2.9c0.4,0.3,13.7,3.1,17,3.3\tC267.7,18.8,269.7,18,269.6,18z\"\/>\n\t<path class=\"elementor-shape-fill\" d=\"M227.4,9.8c-0.2-0.1-4.5-1-9.5-1.2c-5-0.2-12.7,0.6-12.3,0.5c0.3-0.1,5.9-1.8,13.3-1.2\tS227.6,9.9,227.4,9.8z\"\/>\n\t<path class=\"elementor-shape-fill\" d=\"M204.5,13.4c-0.1-0.1,2-1,3.2-1.1c1.2-0.1,2,0,2,0.3c0,0.3-0.1,0.5-1.6,0.4\tC206.4,12.9,204.6,13.5,204.5,13.4z\"\/>\n\t<path class=\"elementor-shape-fill\" d=\"M201,10.6c0-0.1-4.4,1.2-6.3,2.2c-1.9,0.9-6.2,3.1-6.1,3.1c0.1,0.1,4.2-1.6,6.3-2.6\tS201,10.7,201,10.6z\"\/>\n\t<path class=\"elementor-shape-fill\" d=\"M154.5,26.7c-0.1-0.1-4.6,0.3-7.2,0c-7.3-0.7-17-3.2-16.6-2.9c0.4,0.3,13.7,3.1,17,3.3\tC152.6,27.5,154.6,26.8,154.5,26.7z\"\/>\n\t<path class=\"elementor-shape-fill\" d=\"M41.9,19.3c0,0,1.2-0.3,2.9-0.1c1.7,0.2,5.8,0.9,8.2,0.7c4.2-0.4,7.4-2.7,7-2.6\tc-0.4,0-4.3,2.2-8.6,1.9c-1.8-0.1-5.1-0.5-6.7-0.4S41.9,19.3,41.9,19.3z\"\/>\n\t<path class=\"elementor-shape-fill\" d=\"M75.5,12.6c0.2,0.1,2-0.8,4.3-1.1c2.3-0.2,2.1-0.3,2.1-0.5c0-0.1-1.8-0.4-3.4,0\tC76.9,11.5,75.3,12.5,75.5,12.6z\"\/>\n\t<path class=\"elementor-shape-fill\" d=\"M15.6,13.2c0-0.1,4.3,0,6.7,0.5c2.4,0.5,5,1.9,5,2c0,0.1-2.7-0.8-5.1-1.4\tC19.9,13.7,15.7,13.3,15.6,13.2z\"\/>\n<\/svg>\t\t<\/div>\n\t\t\t\t\t<div class=\"elementor-container elementor-column-gap-default\">\n\t\t\t\t\t<div class=\"elementor-column elementor-col-100 elementor-top-column elementor-element elementor-element-dd58017\" data-id=\"dd58017\" data-element_type=\"column\" data-e-type=\"column\">\n\t\t\t<div class=\"elementor-widget-wrap elementor-element-populated\">\n\t\t\t\t\t\t<div class=\"elementor-element elementor-element-c647d01 elementor-widget elementor-widget-heading\" data-id=\"c647d01\" data-element_type=\"widget\" data-e-type=\"widget\" data-widget_type=\"heading.default\">\n\t\t\t\t<div class=\"elementor-widget-container\">\n\t\t\t\t\t<p class=\"elementor-heading-title elementor-size-default\">La Guia More Holiday <\/p>\t\t\t\t<\/div>\n\t\t\t\t<\/div>\n\t\t\t\t<div class=\"elementor-element elementor-element-633d976 elementor-widget elementor-widget-Wprentals_Recent_Items\" data-id=\"633d976\" data-element_type=\"widget\" data-e-type=\"widget\" data-widget_type=\"Wprentals_Recent_Items.default\">\n\t\t\t\t<div class=\"elementor-widget-container\">\n\t\t\t\t\t<div class=\" bottom-post nobutton \" ><div class=\"items_shortcode_wrapper  \"><div class=\"col-md-4 blog_unit_wrapper \">\n    <div class=\"blog_unit_back blog-unit-2\" data-link=\"https:\/\/moreholiday.es\/es\/les-millors-platges-de-la-costa-brava\/\">\n        <div class=\"listing-unit-img-wrapper\"> <img decoding=\"async\" src=\"https:\/\/moreholiday.es\/wp-content\/uploads\/2023\/07\/mael-balland-Swi1bYqM9_U-unsplash-400x242.jpg\" class=\" b-lazy img-responsive\" alt=\"Las mejores playas de la Costa Brava\" ><\/div>          \n        <div class=\"wprentals-blog-unit-content-wrapper\">\n\n            <a itemprop=\"url\"  href=\"https:\/\/moreholiday.es\/es\/les-millors-platges-de-la-costa-brava\/\" class=\"blog-title-link\">\n        <span itemprop=\"name\">Las mejores playas de la Costa Brava<\/span><\/a>    \n            \n            <div class=\"blog-unit-content\">\n                La Costa Brava es conocida por su costa escarpada y bell\u00edsimas playas de arena dorada ba\u00f1adas por el mar Mediterr\u00e1neo. Esta zona costera es un ...            <\/div>\n            \n            <div class=\"category_tagline\">\n                <span class=\"span_widemeta\"> Julio 31, 2023<\/span> , \n                <span class=\"span_widemeta span_comments\"><i class=\"far fa-comment\"><\/i> 0<\/span>\n            <\/div>           \n        <\/div>\n    <\/div>    \n<\/div><div class=\"col-md-4 blog_unit_wrapper \">\n    <div class=\"blog_unit_back blog-unit-2\" data-link=\"https:\/\/moreholiday.es\/es\/10-fires-medievals-de-catalunya\/\">\n        <div class=\"listing-unit-img-wrapper\"> <img decoding=\"async\" src=\"https:\/\/moreholiday.es\/wp-content\/uploads\/2023\/07\/besalu_medieval_0-1-400x242.jpg\" class=\" b-lazy img-responsive\" alt=\"10 Ferias Medievales de Catalu\u00f1a\" ><\/div>          \n        <div class=\"wprentals-blog-unit-content-wrapper\">\n\n            <a itemprop=\"url\"  href=\"https:\/\/moreholiday.es\/es\/10-fires-medievals-de-catalunya\/\" class=\"blog-title-link\">\n        <span itemprop=\"name\">10 Ferias Medievales de Catalu\u00f1a<\/span><\/a>    \n            \n            <div class=\"blog-unit-content\">\n                Reviviendo el pasado en las Ferias Medievales de Girona: Una Experiencia Encantadora La regi\u00f3n de Gerona, ubicada en el coraz\u00f3n de Catalu\u00f1a, est\u00e1 impregnada de ...            <\/div>\n            \n            <div class=\"category_tagline\">\n                <span class=\"span_widemeta\"> Julio 31, 2023<\/span> , \n                <span class=\"span_widemeta span_comments\"><i class=\"far fa-comment\"><\/i> 0<\/span>\n            <\/div>           \n        <\/div>\n    <\/div>    \n<\/div><div class=\"col-md-4 blog_unit_wrapper \">\n    <div class=\"blog_unit_back blog-unit-2\" data-link=\"https:\/\/moreholiday.es\/es\/5-pobles-medievals-de-girona\/\">\n        <div class=\"listing-unit-img-wrapper\"> <img decoding=\"async\" src=\"https:\/\/moreholiday.es\/wp-content\/uploads\/2023\/06\/manuel-torres-garcia-yc5uvH-6yfQ-unsplash-min-400x242.jpg\" class=\" b-lazy img-responsive\" alt=\"Pueblos Medievales de Girona\" ><\/div>          \n        <div class=\"wprentals-blog-unit-content-wrapper\">\n\n            <a itemprop=\"url\"  href=\"https:\/\/moreholiday.es\/es\/5-pobles-medievals-de-girona\/\" class=\"blog-title-link\">\n        <span itemprop=\"name\">Pueblos Medievales de Girona<\/span><\/a>    \n            \n            <div class=\"blog-unit-content\">\n                La Costa Brava y los Pirineos de Girona, ofrecen una gran riqueza hist\u00f3rica y cultural, y sus encantadores pueblos medievales son una prueba de ello. ...            <\/div>\n            \n            <div class=\"category_tagline\">\n                <span class=\"span_widemeta\"> Junio 28, 2023<\/span> , \n                <span class=\"span_widemeta span_comments\"><i class=\"far fa-comment\"><\/i> 0<\/span>\n            <\/div>           \n        <\/div>\n    <\/div>    \n<\/div><div class=\"col-md-4 blog_unit_wrapper \">\n    <div class=\"blog_unit_back blog-unit-2\" data-link=\"https:\/\/moreholiday.es\/es\/descubriendo-los-volcanes-de-la-garrotxa\/\">\n        <div class=\"listing-unit-img-wrapper\"> <img decoding=\"async\" src=\"https:\/\/moreholiday.es\/wp-content\/uploads\/2023\/06\/DSC_0263-1280x735-min-min-400x242.jpg\" class=\" b-lazy img-responsive\" alt=\"Descubriendo los Volcanes de la Garrotxa\" ><\/div>          \n        <div class=\"wprentals-blog-unit-content-wrapper\">\n\n            <a itemprop=\"url\"  href=\"https:\/\/moreholiday.es\/es\/descubriendo-los-volcanes-de-la-garrotxa\/\" class=\"blog-title-link\">\n        <span itemprop=\"name\">Descubriendo los Volcanes de la Garrotxa<\/span><\/a>    \n            \n            <div class=\"blog-unit-content\">\n                \u00bfEst\u00e1s pensando en hacer una escapada al Parque Natural de la Zona Volc\u00e1nica de la Garrotxa? Si es as\u00ed, este art\u00edculo te servir\u00e1 como gu\u00eda ...            <\/div>\n            \n            <div class=\"category_tagline\">\n                <span class=\"span_widemeta\"> Junio 19, 2023<\/span> , \n                <span class=\"span_widemeta span_comments\"><i class=\"far fa-comment\"><\/i> 0<\/span>\n            <\/div>           \n        <\/div>\n    <\/div>    \n<\/div><div class=\"col-md-4 blog_unit_wrapper \">\n    <div class=\"blog_unit_back blog-unit-2\" data-link=\"https:\/\/moreholiday.es\/es\/5-motius-per-fer-una-estada-a-la-costa-brava-i-els-pirineus-al-setembre\/\">\n        <div class=\"listing-unit-img-wrapper\"> <img decoding=\"async\" src=\"https:\/\/moreholiday.es\/wp-content\/uploads\/2022\/08\/silhouette-of-a-man-with-open-arms-on-a-wooden-foo-2022-03-08-01-28-50-utc-min-scaled.jpg\" class=\" b-lazy img-responsive\" alt=\"5 motivos para realizar una estancia en la Costa Brava y los Pirineos en septiembre\" ><\/div>          \n        <div class=\"wprentals-blog-unit-content-wrapper\">\n\n            <a itemprop=\"url\"  href=\"https:\/\/moreholiday.es\/es\/5-motius-per-fer-una-estada-a-la-costa-brava-i-els-pirineus-al-setembre\/\" class=\"blog-title-link\">\n        <span itemprop=\"name\">5 motivos para realizar una estancia en la Costa Brava y l...<\/span><\/a>    \n            \n            <div class=\"blog-unit-content\">\n                Si buscas tranquilidad, paisajes, cultura, buena comida y mil actividades por hacer; el mes de septiembre es uno de los mejores meses del a\u00f1o para ...            <\/div>\n            \n            <div class=\"category_tagline\">\n                <span class=\"span_widemeta\"> Agosto 1, 2022<\/span> , \n                <span class=\"span_widemeta span_comments\"><i class=\"far fa-comment\"><\/i> 0<\/span>\n            <\/div>           \n        <\/div>\n    <\/div>    \n<\/div><div class=\"col-md-4 blog_unit_wrapper \">\n    <div class=\"blog_unit_back blog-unit-2\" data-link=\"https:\/\/moreholiday.es\/es\/casa-rural-en-girona\/\">\n        <div class=\"listing-unit-img-wrapper\"> <img decoding=\"async\" src=\"https:\/\/moreholiday.es\/wp-content\/uploads\/2021\/02\/02-Jun20-MasLlune\u0301sSils-9561-1170x738-1-400x242.jpg\" class=\" b-lazy img-responsive\" alt=\"Descubre los mejores alojamientos rurales en Girona\" ><\/div>          \n        <div class=\"wprentals-blog-unit-content-wrapper\">\n\n            <a itemprop=\"url\"  href=\"https:\/\/moreholiday.es\/es\/casa-rural-en-girona\/\" class=\"blog-title-link\">\n        <span itemprop=\"name\">Descubre los mejores alojamientos rurales en Girona<\/span><\/a>    \n            \n            <div class=\"blog-unit-content\">\n                Las mejores casas rurales de Girona las encontrar\u00e1s en MoreHoliday. \u00bfEst\u00e1s buscando una casa rural con piscina o un alojamiento rural en la naturaleza? Descubre ...            <\/div>\n            \n            <div class=\"category_tagline\">\n                <span class=\"span_widemeta\"> Junio 11, 2021<\/span> , \n                <span class=\"span_widemeta span_comments\"><i class=\"far fa-comment\"><\/i> 0<\/span>\n            <\/div>           \n        <\/div>\n    <\/div>    \n<\/div><div class=\"col-md-4 blog_unit_wrapper \">\n    <div class=\"blog_unit_back blog-unit-2\" data-link=\"https:\/\/moreholiday.es\/es\/reserves-flexibles\/\">\n        <div class=\"listing-unit-img-wrapper\"> <img decoding=\"async\" src=\"https:\/\/moreholiday.es\/wp-content\/uploads\/2021\/03\/the-family-at-sunset-looking-to-the-future-1-400x242.jpg\" class=\" b-lazy img-responsive\" alt=\"More Holiday te cuida &#8211; Reservas flexibles\" ><\/div>          \n        <div class=\"wprentals-blog-unit-content-wrapper\">\n\n            <a itemprop=\"url\"  href=\"https:\/\/moreholiday.es\/es\/reserves-flexibles\/\" class=\"blog-title-link\">\n        <span itemprop=\"name\">More Holiday te cuida \u2013 Reservas flexibles<\/span><\/a>    \n            \n            <div class=\"blog-unit-content\">\n                Gaudeix d'estades segures i condicions de reserva flexibles amb More Holiday. ...            <\/div>\n            \n            <div class=\"category_tagline\">\n                <span class=\"span_widemeta\"> Febrero 22, 2021<\/span> , \n                <span class=\"span_widemeta span_comments\"><i class=\"far fa-comment\"><\/i> 0<\/span>\n            <\/div>           \n        <\/div>\n    <\/div>    \n<\/div><div class=\"col-md-4 blog_unit_wrapper \">\n    <div class=\"blog_unit_back blog-unit-2\" data-link=\"https:\/\/moreholiday.es\/es\/8-parques-naturales-de-girona\/\">\n        <div class=\"listing-unit-img-wrapper\"> <img decoding=\"async\" src=\"https:\/\/moreholiday.es\/wp-content\/uploads\/2021\/03\/nov2oaiguamollshorses-1-32_1_orig-400x242.jpg\" class=\" b-lazy img-responsive\" alt=\"Los 8 Parques Naturales de la Costa Brava y los Pirineos\" ><\/div>          \n        <div class=\"wprentals-blog-unit-content-wrapper\">\n\n            <a itemprop=\"url\"  href=\"https:\/\/moreholiday.es\/es\/8-parques-naturales-de-girona\/\" class=\"blog-title-link\">\n        <span itemprop=\"name\">Los 8 Parques Naturales de la Costa Brava y los Pirineos<\/span><\/a>    \n            \n            <div class=\"blog-unit-content\">\n                Sab\u00edas que los alojamientos de More Holiday est\u00e1n muy cerca de los 8 parques naturales de las comarcas de Girona? Hoy te descubrimos ocho parajes ...            <\/div>\n            \n            <div class=\"category_tagline\">\n                <span class=\"span_widemeta\"> Enero 31, 2021<\/span> , \n                <span class=\"span_widemeta span_comments\"><i class=\"far fa-comment\"><\/i> 0<\/span>\n            <\/div>           \n        <\/div>\n    <\/div>    \n<\/div><\/div><\/div>\t\t\t\t<\/div>\n\t\t\t\t<\/div>\n\t\t\t\t\t<\/div>\n\t\t<\/div>\n\t\t\t\t\t<\/div>\n\t\t<\/section>\n\t\t\t\t<\/div>\n\t\t","protected":false},"excerpt":{"rendered":"<p>La Guia More Holiday Descubriendo los Volcanes de&#8230; \u00bfEst\u00e1s pensando en hacer una escapada al Parque Natural de la Zona Volc\u00e1nica de la Garrotxa? Si es as\u00ed, este art\u00edculo te servir\u00e1 como gu\u00eda &#8230; juny 19, 2023 , 0 5 motivos para realizar una &#8230; Si buscas tranquilidad, paisajes, cultura, buena comida y mil actividades &#8230;<\/p>\n","protected":false},"author":2,"featured_media":0,"parent":0,"menu_order":0,"comment_status":"closed","ping_status":"closed","template":"","meta":{"_acf_changed":false,"footnotes":""},"class_list":["post-39716","page","type-page","status-publish","hentry"],"acf":[],"yoast_head":"<!-- This site is optimized with the Yoast SEO plugin v27.1 - https:\/\/yoast.com\/product\/yoast-seo-wordpress\/ -->\n<title>La gu\u00eda More Holiday | More Holiday<\/title>\n<meta name=\"robots\" content=\"index, follow, max-snippet:-1, max-image-preview:large, max-video-preview:-1\" \/>\n<link rel=\"canonical\" href=\"https:\/\/moreholiday.es\/es\/la-guia-de-more-holiday\/\" \/>\n<meta property=\"og:locale\" content=\"es_ES\" \/>\n<meta property=\"og:type\" content=\"article\" \/>\n<meta property=\"og:title\" content=\"La gu\u00eda More Holiday | More Holiday\" \/>\n<meta property=\"og:description\" content=\"La Guia More Holiday Descubriendo los Volcanes de&#8230; \u00bfEst\u00e1s pensando en hacer una escapada al Parque Natural de la Zona Volc\u00e1nica de la Garrotxa? Si es as\u00ed, este art\u00edculo te servir\u00e1 como gu\u00eda &#8230; juny 19, 2023 , 0 5 motivos para realizar una &#8230; Si buscas tranquilidad, paisajes, cultura, buena comida y mil actividades ...\" \/>\n<meta property=\"og:url\" content=\"https:\/\/moreholiday.es\/es\/la-guia-de-more-holiday\/\" \/>\n<meta property=\"og:site_name\" content=\"More Holiday\" \/>\n<meta property=\"article:modified_time\" content=\"2023-06-19T10:16:28+00:00\" \/>\n<meta property=\"og:image\" content=\"http:\/\/moreholiday.es\/wp-content\/uploads\/2023\/06\/DSC_0263-1280x735-min-min-400x242.jpg\" \/>\n<meta name=\"twitter:card\" content=\"summary_large_image\" \/>\n<meta name=\"twitter:label1\" content=\"Tiempo de lectura\" \/>\n\t<meta name=\"twitter:data1\" content=\"1 minuto\" \/>\n<script type=\"application\/ld+json\" class=\"yoast-schema-graph\">{\"@context\":\"https:\/\/schema.org\",\"@graph\":[{\"@type\":\"WebPage\",\"@id\":\"https:\/\/moreholiday.es\/es\/la-guia-de-more-holiday\/\",\"url\":\"https:\/\/moreholiday.es\/es\/la-guia-de-more-holiday\/\",\"name\":\"La gu\u00eda More Holiday | More Holiday\",\"isPartOf\":{\"@id\":\"https:\/\/moreholiday.es\/#website\"},\"primaryImageOfPage\":{\"@id\":\"https:\/\/moreholiday.es\/es\/la-guia-de-more-holiday\/#primaryimage\"},\"image\":{\"@id\":\"https:\/\/moreholiday.es\/es\/la-guia-de-more-holiday\/#primaryimage\"},\"thumbnailUrl\":\"http:\/\/moreholiday.es\/wp-content\/uploads\/2023\/06\/DSC_0263-1280x735-min-min-400x242.jpg\",\"datePublished\":\"2018-05-11T14:45:06+00:00\",\"dateModified\":\"2023-06-19T10:16:28+00:00\",\"breadcrumb\":{\"@id\":\"https:\/\/moreholiday.es\/es\/la-guia-de-more-holiday\/#breadcrumb\"},\"inLanguage\":\"es\",\"potentialAction\":[{\"@type\":\"ReadAction\",\"target\":[\"https:\/\/moreholiday.es\/es\/la-guia-de-more-holiday\/\"]}]},{\"@type\":\"ImageObject\",\"inLanguage\":\"es\",\"@id\":\"https:\/\/moreholiday.es\/es\/la-guia-de-more-holiday\/#primaryimage\",\"url\":\"http:\/\/moreholiday.es\/wp-content\/uploads\/2023\/06\/DSC_0263-1280x735-min-min-400x242.jpg\",\"contentUrl\":\"http:\/\/moreholiday.es\/wp-content\/uploads\/2023\/06\/DSC_0263-1280x735-min-min-400x242.jpg\"},{\"@type\":\"BreadcrumbList\",\"@id\":\"https:\/\/moreholiday.es\/es\/la-guia-de-more-holiday\/#breadcrumb\",\"itemListElement\":[{\"@type\":\"ListItem\",\"position\":1,\"name\":\"Home\",\"item\":\"https:\/\/moreholiday.es\/es\/\"},{\"@type\":\"ListItem\",\"position\":2,\"name\":\"La gu\u00eda More Holiday\"}]},{\"@type\":\"WebSite\",\"@id\":\"https:\/\/moreholiday.es\/#website\",\"url\":\"https:\/\/moreholiday.es\/\",\"name\":\"More Holiday\",\"description\":\"Allotjaments per a les eves vacances\",\"publisher\":{\"@id\":\"https:\/\/moreholiday.es\/#organization\"},\"potentialAction\":[{\"@type\":\"SearchAction\",\"target\":{\"@type\":\"EntryPoint\",\"urlTemplate\":\"https:\/\/moreholiday.es\/?s={search_term_string}\"},\"query-input\":{\"@type\":\"PropertyValueSpecification\",\"valueRequired\":true,\"valueName\":\"search_term_string\"}}],\"inLanguage\":\"es\"},{\"@type\":\"Organization\",\"@id\":\"https:\/\/moreholiday.es\/#organization\",\"name\":\"More Holiday\",\"url\":\"https:\/\/moreholiday.es\/\",\"logo\":{\"@type\":\"ImageObject\",\"inLanguage\":\"es\",\"@id\":\"https:\/\/moreholiday.es\/#\/schema\/logo\/image\/\",\"url\":\"https:\/\/moreholiday.es\/wp-content\/uploads\/2021\/03\/MH-logo-2-linies_Mesa-de-trabajo-1-1.png\",\"contentUrl\":\"https:\/\/moreholiday.es\/wp-content\/uploads\/2021\/03\/MH-logo-2-linies_Mesa-de-trabajo-1-1.png\",\"width\":1576,\"height\":626,\"caption\":\"More Holiday\"},\"image\":{\"@id\":\"https:\/\/moreholiday.es\/#\/schema\/logo\/image\/\"}}]}<\/script>\n<!-- \/ Yoast SEO plugin. -->","yoast_head_json":{"title":"La gu\u00eda More Holiday | More Holiday","robots":{"index":"index","follow":"follow","max-snippet":"max-snippet:-1","max-image-preview":"max-image-preview:large","max-video-preview":"max-video-preview:-1"},"canonical":"https:\/\/moreholiday.es\/es\/la-guia-de-more-holiday\/","og_locale":"es_ES","og_type":"article","og_title":"La gu\u00eda More Holiday | More Holiday","og_description":"La Guia More Holiday Descubriendo los Volcanes de&#8230; \u00bfEst\u00e1s pensando en hacer una escapada al Parque Natural de la Zona Volc\u00e1nica de la Garrotxa? Si es as\u00ed, este art\u00edculo te servir\u00e1 como gu\u00eda &#8230; juny 19, 2023 , 0 5 motivos para realizar una &#8230; Si buscas tranquilidad, paisajes, cultura, buena comida y mil actividades ...","og_url":"https:\/\/moreholiday.es\/es\/la-guia-de-more-holiday\/","og_site_name":"More Holiday","article_modified_time":"2023-06-19T10:16:28+00:00","og_image":[{"url":"http:\/\/moreholiday.es\/wp-content\/uploads\/2023\/06\/DSC_0263-1280x735-min-min-400x242.jpg","type":"","width":"","height":""}],"twitter_card":"summary_large_image","twitter_misc":{"Tiempo de lectura":"1 minuto"},"schema":{"@context":"https:\/\/schema.org","@graph":[{"@type":"WebPage","@id":"https:\/\/moreholiday.es\/es\/la-guia-de-more-holiday\/","url":"https:\/\/moreholiday.es\/es\/la-guia-de-more-holiday\/","name":"La gu\u00eda More Holiday | More Holiday","isPartOf":{"@id":"https:\/\/moreholiday.es\/#website"},"primaryImageOfPage":{"@id":"https:\/\/moreholiday.es\/es\/la-guia-de-more-holiday\/#primaryimage"},"image":{"@id":"https:\/\/moreholiday.es\/es\/la-guia-de-more-holiday\/#primaryimage"},"thumbnailUrl":"http:\/\/moreholiday.es\/wp-content\/uploads\/2023\/06\/DSC_0263-1280x735-min-min-400x242.jpg","datePublished":"2018-05-11T14:45:06+00:00","dateModified":"2023-06-19T10:16:28+00:00","breadcrumb":{"@id":"https:\/\/moreholiday.es\/es\/la-guia-de-more-holiday\/#breadcrumb"},"inLanguage":"es","potentialAction":[{"@type":"ReadAction","target":["https:\/\/moreholiday.es\/es\/la-guia-de-more-holiday\/"]}]},{"@type":"ImageObject","inLanguage":"es","@id":"https:\/\/moreholiday.es\/es\/la-guia-de-more-holiday\/#primaryimage","url":"http:\/\/moreholiday.es\/wp-content\/uploads\/2023\/06\/DSC_0263-1280x735-min-min-400x242.jpg","contentUrl":"http:\/\/moreholiday.es\/wp-content\/uploads\/2023\/06\/DSC_0263-1280x735-min-min-400x242.jpg"},{"@type":"BreadcrumbList","@id":"https:\/\/moreholiday.es\/es\/la-guia-de-more-holiday\/#breadcrumb","itemListElement":[{"@type":"ListItem","position":1,"name":"Home","item":"https:\/\/moreholiday.es\/es\/"},{"@type":"ListItem","position":2,"name":"La gu\u00eda More Holiday"}]},{"@type":"WebSite","@id":"https:\/\/moreholiday.es\/#website","url":"https:\/\/moreholiday.es\/","name":"More Holiday","description":"Allotjaments per a les eves vacances","publisher":{"@id":"https:\/\/moreholiday.es\/#organization"},"potentialAction":[{"@type":"SearchAction","target":{"@type":"EntryPoint","urlTemplate":"https:\/\/moreholiday.es\/?s={search_term_string}"},"query-input":{"@type":"PropertyValueSpecification","valueRequired":true,"valueName":"search_term_string"}}],"inLanguage":"es"},{"@type":"Organization","@id":"https:\/\/moreholiday.es\/#organization","name":"More Holiday","url":"https:\/\/moreholiday.es\/","logo":{"@type":"ImageObject","inLanguage":"es","@id":"https:\/\/moreholiday.es\/#\/schema\/logo\/image\/","url":"https:\/\/moreholiday.es\/wp-content\/uploads\/2021\/03\/MH-logo-2-linies_Mesa-de-trabajo-1-1.png","contentUrl":"https:\/\/moreholiday.es\/wp-content\/uploads\/2021\/03\/MH-logo-2-linies_Mesa-de-trabajo-1-1.png","width":1576,"height":626,"caption":"More Holiday"},"image":{"@id":"https:\/\/moreholiday.es\/#\/schema\/logo\/image\/"}}]}},"_links":{"self":[{"href":"https:\/\/moreholiday.es\/es\/wp-json\/wp\/v2\/pages\/39716","targetHints":{"allow":["GET"]}}],"collection":[{"href":"https:\/\/moreholiday.es\/es\/wp-json\/wp\/v2\/pages"}],"about":[{"href":"https:\/\/moreholiday.es\/es\/wp-json\/wp\/v2\/types\/page"}],"author":[{"embeddable":true,"href":"https:\/\/moreholiday.es\/es\/wp-json\/wp\/v2\/users\/2"}],"replies":[{"embeddable":true,"href":"https:\/\/moreholiday.es\/es\/wp-json\/wp\/v2\/comments?post=39716"}],"version-history":[{"count":4,"href":"https:\/\/moreholiday.es\/es\/wp-json\/wp\/v2\/pages\/39716\/revisions"}],"predecessor-version":[{"id":57416,"href":"https:\/\/moreholiday.es\/es\/wp-json\/wp\/v2\/pages\/39716\/revisions\/57416"}],"wp:attachment":[{"href":"https:\/\/moreholiday.es\/es\/wp-json\/wp\/v2\/media?parent=39716"}],"curies":[{"name":"wp","href":"https:\/\/api.w.org\/{rel}","templated":true}]}}